{"id":18589,"date":"2021-08-04T05:59:41","date_gmt":"2021-08-04T03:59:41","guid":{"rendered":"https:\/\/stage.cmclift.com\/?page_id=18589"},"modified":"2021-11-06T11:41:29","modified_gmt":"2021-11-06T10:41:29","slug":"dealer-werden","status":"publish","type":"page","link":"https:\/\/www.cmclift.com\/de\/dealer-werden\/","title":{"rendered":"M\u00f6chten Sie ein CMC-H\u00e4ndler werden"},"content":{"rendered":"<div class=\"wpb-content-wrapper\"><p>[vc_row full_width=&#8220;stretch_row&#8220; css=&#8220;.vc_custom_1626357702292{background-image: url(https:\/\/www.cmclift.com\/wp-content\/uploads\/2021\/07\/Hero_Articolo.jpg?id=404) !important;background-position: center !important;background-repeat: no-repeat !important;background-size: cover !important;}&#8220; el_class=&#8220;altezza&#8220;][vc_column][vc_row_inner][vc_column_inner][vc_column_text el_class=&#8220;a-center bricciole&#8220;]<span><span><a href=\"https:\/\/www.cmclift.com\/de\/\">Home<\/a><\/span><\/span>[\/vc_column_text][\/vc_column_inner][\/vc_row_inner][\/vc_column][\/vc_row][vc_row][vc_column css=&#8220;.vc_custom_1626190704263{padding-left: 0px !important;}&#8220;][vc_empty_space height=&#8220;50px&#8220;][vc_column_text el_class=&#8220;titolo&#8220;]<\/p>\n<h1>M\u00f6chten Sie ein CMC-H\u00e4ndler werden?<\/h1>\n<p>[\/vc_column_text][vc_empty_space height=&#8220;10px&#8220;][vc_column_text]F\u00fcr uns bei CMC ist jeder unserer H\u00e4ndler ein echter und treuer Partner. Ein Fachmann, mit dem wir ein Vertrauensverh\u00e4ltnis aufbauen. Ein Gesch\u00e4ftsmann, der sich f\u00fcr das Wachstum seines Unternehmens auf uns verl\u00e4sst. Sie sind Mitglied einer Familie, die jeden Tag gr\u00f6\u00dfer und verbundener wird. M\u00f6chten Sie Teil dieser Familie werden? F\u00fcllen Sie das nachstehende Formular aus und senden Sie es uns zu. Sie werden erfahren, welche gro\u00dfartigen Vorteile auf Sie warten.<br \/>\n[\/vc_column_text][vc_empty_space height=&#8220;50px&#8220;][\/vc_column][\/vc_row][vc_row css=&#8220;.vc_custom_1626190616245{background-color: #eff0f0 !important;}&#8220; el_class=&#8220;pad-full-3&#8243;][vc_column][vc_column_text el_class=&#8220;large&#8220;]F\u00fcllen Sie die Felder aus und senden Sie Ihre Anfrage ab. Wir werden uns so bald wie m\u00f6glich mit Ihnen in Verbindung setzen.[\/vc_column_text]\n<div class=\"wpcf7 no-js\" id=\"wpcf7-f18593-o1\" lang=\"de-DE\" dir=\"ltr\" data-wpcf7-id=\"18593\">\n<div class=\"screen-reader-response\"><p role=\"status\" aria-live=\"polite\" aria-atomic=\"true\"><\/p> <ul><\/ul><\/div>\n<form action=\"\/de\/wp-json\/wp\/v2\/pages\/18589#wpcf7-f18593-o1\" method=\"post\" class=\"wpcf7-form init gem-contact-form-white gem-contact-form-simple-line\" aria-label=\"Kontaktformular\" novalidate=\"novalidate\" data-status=\"init\">\n<fieldset class=\"hidden-fields-container\"><legend class=\"screen-reader-text\">Hidden fields<\/legend><input type=\"hidden\" name=\"_wpcf7\" value=\"18593\" \/><input type=\"hidden\" name=\"_wpcf7_version\" value=\"6.1.5\" \/><input type=\"hidden\" name=\"_wpcf7_locale\" value=\"de_DE\" \/><input type=\"hidden\" name=\"_wpcf7_unit_tag\" value=\"wpcf7-f18593-o1\" \/><input type=\"hidden\" name=\"_wpcf7_container_post\" value=\"0\" \/><input type=\"hidden\" name=\"_wpcf7_posted_data_hash\" value=\"\" \/><input type=\"hidden\" name=\"_wpcf7cf_hidden_group_fields\" value=\"[]\" \/><input type=\"hidden\" name=\"_wpcf7cf_hidden_groups\" value=\"[]\" \/><input type=\"hidden\" name=\"_wpcf7cf_visible_groups\" value=\"[]\" \/><input type=\"hidden\" name=\"_wpcf7cf_repeaters\" value=\"[]\" \/><input type=\"hidden\" name=\"_wpcf7cf_steps\" value=\"{}\" \/><input type=\"hidden\" name=\"_wpcf7cf_options\" value=\"{&quot;form_id&quot;:18593,&quot;conditions&quot;:[],&quot;settings&quot;:{&quot;animation&quot;:&quot;yes&quot;,&quot;animation_intime&quot;:200,&quot;animation_outtime&quot;:200,&quot;conditions_ui&quot;:&quot;normal&quot;,&quot;notice_dismissed&quot;:false,&quot;notice_dismissed_rollback-cf7-5.7.4&quot;:true}}\" \/>\n<\/fieldset>\n<div class=\"container-flex\">\n<div class=\"flex-50 pad-r\">\n<div><span class=\"wpcf7-form-control-wrap\" data-name=\"nome\"><input size=\"40\" maxlength=\"400\" class=\"wpcf7-form-control wpcf7-text wpcf7-validates-as-required\" aria-required=\"true\" aria-invalid=\"false\" placeholder=\"VORNAME\" value=\"\" type=\"text\" name=\"nome\" \/><\/span> <\/div>\n<div><span class=\"wpcf7-form-control-wrap\" data-name=\"cognome\"><input size=\"40\" maxlength=\"400\" class=\"wpcf7-form-control wpcf7-text wpcf7-validates-as-required\" aria-required=\"true\" aria-invalid=\"false\" placeholder=\"NACHNAME\" value=\"\" type=\"text\" name=\"cognome\" \/><\/span> <\/div>\n<div><span class=\"wpcf7-form-control-wrap\" data-name=\"azienda\"><input size=\"40\" maxlength=\"400\" class=\"wpcf7-form-control wpcf7-text wpcf7-validates-as-required\" aria-required=\"true\" aria-invalid=\"false\" placeholder=\"FIRMA\" value=\"\" type=\"text\" name=\"azienda\" \/><\/span> <\/div>\n<div><span class=\"wpcf7-form-control-wrap\" data-name=\"tel-573\"><input size=\"40\" maxlength=\"11\" minlength=\"9\" class=\"wpcf7-form-control wpcf7-tel wpcf7-validates-as-required wpcf7-text wpcf7-validates-as-tel\" aria-required=\"true\" aria-invalid=\"false\" placeholder=\"TELEFON\" value=\"\" type=\"tel\" name=\"tel-573\" \/><\/span><\/div>\n<div class=\"\"><span class=\"wpcf7-form-control-wrap\" data-name=\"email\"><input size=\"40\" maxlength=\"400\" class=\"wpcf7-form-control wpcf7-email wpcf7-validates-as-required wpcf7-text wpcf7-validates-as-email\" aria-required=\"true\" aria-invalid=\"false\" placeholder=\"E-MAIL\" value=\"\" type=\"email\" name=\"email\" \/><\/span> <\/div>\n<\/div>\n<div class=\"flex-50 pad-l\">\n<div class=\"\"><span class=\"wpcf7-form-control-wrap\" data-name=\"attivita-40\"><input size=\"40\" maxlength=\"400\" class=\"wpcf7-form-control wpcf7-text wpcf7-validates-as-required\" aria-required=\"true\" aria-invalid=\"false\" placeholder=\"BRANCHE\" value=\"\" type=\"text\" name=\"attivita-40\" \/><\/span><\/div>\n<div><span class=\"wpcf7-form-control-wrap\" data-name=\"indirizzo-40\"><input size=\"40\" maxlength=\"400\" class=\"wpcf7-form-control wpcf7-text wpcf7-validates-as-required\" aria-required=\"true\" aria-invalid=\"false\" placeholder=\"ADRESSE\" value=\"\" type=\"text\" name=\"indirizzo-40\" \/><\/span><\/div>\n<div><span class=\"wpcf7-form-control-wrap\" data-name=\"citta-40\"><input size=\"40\" maxlength=\"400\" class=\"wpcf7-form-control wpcf7-text wpcf7-validates-as-required\" aria-required=\"true\" aria-invalid=\"false\" placeholder=\"STADT\" value=\"\" type=\"text\" name=\"citta-40\" \/><\/span><\/div>\n<div><span class=\"wpcf7-form-control-wrap\" data-name=\"cap-837\"><input class=\"wpcf7-form-control wpcf7-number wpcf7-validates-as-required wpcf7-validates-as-number\" aria-required=\"true\" aria-invalid=\"false\" placeholder=\"POSTLEITZAHL\" value=\"\" type=\"number\" name=\"cap-837\" \/><\/span><\/div>\n<div class=\"\"><span class=\"wpcf7-form-control-wrap\" data-name=\"messaggio\"><textarea cols=\"40\" rows=\"5\" maxlength=\"2000\" class=\"wpcf7-form-control wpcf7-textarea wpcf7-validates-as-required\" aria-required=\"true\" aria-invalid=\"false\" placeholder=\"NACHRICHT\" name=\"messaggio\"><\/textarea><\/span> <\/div>\n<\/div>\n<\/div>\n<div class=\"container-flex\">\n<div class=\"flex-100 pad-tb\"><span class=\"wpcf7-form-control-wrap\" data-name=\"acceptance-158\"><span class=\"wpcf7-form-control wpcf7-acceptance optional\"><span class=\"wpcf7-list-item\"><input type=\"checkbox\" name=\"acceptance-158\" value=\"1\" aria-invalid=\"false\" \/><\/span><\/span><\/span> <span class=\"pp\">Zustimmung zur Datenverarbeitung * Ihre Zustimmung gilt als erteilt, wenn Sie das Kontrollk\u00e4stchen aktiviert lassen. <a href=\"https:\/\/www.cmclift.com\/de\/privacy-policy\/\">Haftungsausschluss f\u00fcr den Datenschutz<\/a><\/span>\n<\/div>\n<\/div>\n<div class=\"container-flex\">\n<div class=\"flex-100\">\n<style type=\"text\/css\">.thegem-button-6a00cb7ac2e061974 .gem-button svg {fill: #505963FF;}.thegem-button-6a00cb7ac2e061974 .gem-button:hover svg {fill: #FFFFFFFF;}<\/style><div class=\"gem-button-container gem-button-position-right thegem-button-6a00cb7ac2e061974\"  ><input class=\"gem-button gem-button-size-medium gem-button-style-outline gem-button-text-weight-normal gem-button-border-1 wpcf7-form-control wpcf7-submit has-spinner gem-button-wpcf-custom\" data-ll-effect=\"drop-right-without-wrap\" style=\"border-radius: 0px;border-color: #505963FF;color: #505963FF;\" onmouseleave=\"this.style.borderColor='#505963FF';this.style.backgroundColor='transparent';this.style.color='#505963FF';\" onmouseenter=\"this.style.backgroundColor='#505963FF';this.style.color='#FFFFFFFF';\" id=\"\" tabindex=\"\" type=\"submit\" value=\"ANFRAGE SENDEN\" \/><\/div> \n<\/div>\n<\/div><div class=\"wpcf7-response-output\" aria-hidden=\"true\"><\/div>\n<\/form>\n<\/div>\n[\/vc_column][\/vc_row][vc_row][vc_column css=&#8220;.vc_custom_1626190710684{padding-left: 0px !important;}&#8220;][vc_empty_space height=&#8220;150px&#8220;][\/vc_column][\/vc_row]<\/p>\n<\/div>","protected":false},"excerpt":{"rendered":"<p>[vc_row full_width=&#8220;stretch_row&#8220; css=&#8220;.vc_custom_1626357702292{background-image: url(https:\/\/www.cmclift.com\/wp-content\/uploads\/2021\/07\/Hero_Articolo.jpg?id=404) !important;background-position: center !important;background-repeat: no-repeat !important;background-size: cover !important;}&#8220; el_class=&#8220;altezza&#8220;][vc_column][vc_row_inner][vc_column_inner][vc_column_text el_class=&#8220;a-center bricciole&#8220;][\/vc_column_text][\/vc_column_inner][\/vc_row_inner][\/vc_column][\/vc_row][vc_row][vc_column css=&#8220;.vc_custom_1626190704263{padding-left: 0px !important;}&#8220;][vc_empty_space height=&#8220;50px&#8220;][vc_column_text el_class=&#8220;titolo&#8220;] M\u00f6chten&#8230;<\/p>\n","protected":false},"author":9,"featured_media":0,"parent":0,"menu_order":0,"comment_status":"closed","ping_status":"closed","template":"","meta":{"footnotes":""},"class_list":["post-18589","page","type-page","status-publish"],"yoast_head":"<!-- This site is optimized with the Yoast SEO plugin v27.5 - https:\/\/yoast.com\/product\/yoast-seo-wordpress\/ -->\n<title>M\u00f6chten Sie ein CMC-H\u00e4ndler werden - C.M.C. S.r.l.<\/title>\n<meta name=\"robots\" content=\"index, follow, max-snippet:-1, max-image-preview:large, max-video-preview:-1\" \/>\n<link rel=\"canonical\" href=\"https:\/\/www.cmclift.com\/de\/dealer-werden\/\" \/>\n<meta property=\"og:locale\" content=\"de_DE\" \/>\n<meta property=\"og:type\" content=\"article\" \/>\n<meta property=\"og:title\" content=\"M\u00f6chten Sie ein CMC-H\u00e4ndler werden - C.M.C. S.r.l.\" \/>\n<meta property=\"og:description\" content=\"[vc_row full_width=&#8220;stretch_row&#8220; css=&#8220;.vc_custom_1626357702292{background-image: url(https:\/\/www.cmclift.com\/wp-content\/uploads\/2021\/07\/Hero_Articolo.jpg?id=404) !important;background-position: center !important;background-repeat: no-repeat !important;background-size: cover !important;}&#8220; el_class=&#8220;altezza&#8220;][vc_column][vc_row_inner][vc_column_inner][vc_column_text el_class=&#8220;a-center bricciole&#8220;][\/vc_column_text][\/vc_column_inner][\/vc_row_inner][\/vc_column][\/vc_row][vc_row][vc_column css=&#8220;.vc_custom_1626190704263{padding-left: 0px !important;}&#8220;][vc_empty_space height=&#8220;50px&#8220;][vc_column_text el_class=&#8220;titolo&#8220;] M\u00f6chten...\" \/>\n<meta property=\"og:url\" content=\"https:\/\/www.cmclift.com\/de\/dealer-werden\/\" \/>\n<meta property=\"og:site_name\" content=\"C.M.C. S.r.l.\" \/>\n<meta property=\"article:modified_time\" content=\"2021-11-06T10:41:29+00:00\" \/>\n<meta name=\"twitter:card\" content=\"summary_large_image\" \/>\n<meta name=\"twitter:label1\" content=\"Gesch\u00e4tzte Lesezeit\" \/>\n\t<meta name=\"twitter:data1\" content=\"1\u00a0Minute\" \/>\n<script type=\"application\/ld+json\" class=\"yoast-schema-graph\">{\"@context\":\"https:\\\/\\\/schema.org\",\"@graph\":[{\"@type\":\"WebPage\",\"@id\":\"https:\\\/\\\/www.cmclift.com\\\/de\\\/dealer-werden\\\/\",\"url\":\"https:\\\/\\\/www.cmclift.com\\\/de\\\/dealer-werden\\\/\",\"name\":\"M\u00f6chten Sie ein CMC-H\u00e4ndler werden - C.M.C. S.r.l.\",\"isPartOf\":{\"@id\":\"https:\\\/\\\/www.cmclift.com\\\/de\\\/#website\"},\"datePublished\":\"2021-08-04T03:59:41+00:00\",\"dateModified\":\"2021-11-06T10:41:29+00:00\",\"breadcrumb\":{\"@id\":\"https:\\\/\\\/www.cmclift.com\\\/de\\\/dealer-werden\\\/#breadcrumb\"},\"inLanguage\":\"de\",\"potentialAction\":[{\"@type\":\"ReadAction\",\"target\":[\"https:\\\/\\\/www.cmclift.com\\\/de\\\/dealer-werden\\\/\"]}]},{\"@type\":\"BreadcrumbList\",\"@id\":\"https:\\\/\\\/www.cmclift.com\\\/de\\\/dealer-werden\\\/#breadcrumb\",\"itemListElement\":[{\"@type\":\"ListItem\",\"position\":1,\"name\":\"Home\",\"item\":\"https:\\\/\\\/www.cmclift.com\\\/de\\\/\"},{\"@type\":\"ListItem\",\"position\":2,\"name\":\"M\u00f6chten Sie ein CMC-H\u00e4ndler werden\"}]},{\"@type\":\"WebSite\",\"@id\":\"https:\\\/\\\/www.cmclift.com\\\/de\\\/#website\",\"url\":\"https:\\\/\\\/www.cmclift.com\\\/de\\\/\",\"name\":\"C.M.C. S.r.l.\",\"description\":\"Piattaforme aeree semoventi cingolate, ragni, telescopiche e articolate\",\"publisher\":{\"@id\":\"https:\\\/\\\/www.cmclift.com\\\/de\\\/#organization\"},\"potentialAction\":[{\"@type\":\"SearchAction\",\"target\":{\"@type\":\"EntryPoint\",\"urlTemplate\":\"https:\\\/\\\/www.cmclift.com\\\/de\\\/?s={search_term_string}\"},\"query-input\":{\"@type\":\"PropertyValueSpecification\",\"valueRequired\":true,\"valueName\":\"search_term_string\"}}],\"inLanguage\":\"de\"},{\"@type\":\"Organization\",\"@id\":\"https:\\\/\\\/www.cmclift.com\\\/de\\\/#organization\",\"name\":\"CMC Lift\",\"url\":\"https:\\\/\\\/www.cmclift.com\\\/de\\\/\",\"logo\":{\"@type\":\"ImageObject\",\"inLanguage\":\"de\",\"@id\":\"https:\\\/\\\/www.cmclift.com\\\/de\\\/#\\\/schema\\\/logo\\\/image\\\/\",\"url\":\"https:\\\/\\\/www.cmclift.com\\\/wp-content\\\/uploads\\\/2021\\\/08\\\/CMC_bianco_footer-2.png\",\"contentUrl\":\"https:\\\/\\\/www.cmclift.com\\\/wp-content\\\/uploads\\\/2021\\\/08\\\/CMC_bianco_footer-2.png\",\"width\":250,\"height\":84,\"caption\":\"CMC Lift\"},\"image\":{\"@id\":\"https:\\\/\\\/www.cmclift.com\\\/de\\\/#\\\/schema\\\/logo\\\/image\\\/\"}}]}<\/script>\n<!-- \/ Yoast SEO plugin. -->","yoast_head_json":{"title":"M\u00f6chten Sie ein CMC-H\u00e4ndler werden - C.M.C. S.r.l.","robots":{"index":"index","follow":"follow","max-snippet":"max-snippet:-1","max-image-preview":"max-image-preview:large","max-video-preview":"max-video-preview:-1"},"canonical":"https:\/\/www.cmclift.com\/de\/dealer-werden\/","og_locale":"de_DE","og_type":"article","og_title":"M\u00f6chten Sie ein CMC-H\u00e4ndler werden - C.M.C. S.r.l.","og_description":"[vc_row full_width=&#8220;stretch_row&#8220; css=&#8220;.vc_custom_1626357702292{background-image: url(https:\/\/www.cmclift.com\/wp-content\/uploads\/2021\/07\/Hero_Articolo.jpg?id=404) !important;background-position: center !important;background-repeat: no-repeat !important;background-size: cover !important;}&#8220; el_class=&#8220;altezza&#8220;][vc_column][vc_row_inner][vc_column_inner][vc_column_text el_class=&#8220;a-center bricciole&#8220;][\/vc_column_text][\/vc_column_inner][\/vc_row_inner][\/vc_column][\/vc_row][vc_row][vc_column css=&#8220;.vc_custom_1626190704263{padding-left: 0px !important;}&#8220;][vc_empty_space height=&#8220;50px&#8220;][vc_column_text el_class=&#8220;titolo&#8220;] M\u00f6chten...","og_url":"https:\/\/www.cmclift.com\/de\/dealer-werden\/","og_site_name":"C.M.C. S.r.l.","article_modified_time":"2021-11-06T10:41:29+00:00","twitter_card":"summary_large_image","twitter_misc":{"Gesch\u00e4tzte Lesezeit":"1\u00a0Minute"},"schema":{"@context":"https:\/\/schema.org","@graph":[{"@type":"WebPage","@id":"https:\/\/www.cmclift.com\/de\/dealer-werden\/","url":"https:\/\/www.cmclift.com\/de\/dealer-werden\/","name":"M\u00f6chten Sie ein CMC-H\u00e4ndler werden - C.M.C. S.r.l.","isPartOf":{"@id":"https:\/\/www.cmclift.com\/de\/#website"},"datePublished":"2021-08-04T03:59:41+00:00","dateModified":"2021-11-06T10:41:29+00:00","breadcrumb":{"@id":"https:\/\/www.cmclift.com\/de\/dealer-werden\/#breadcrumb"},"inLanguage":"de","potentialAction":[{"@type":"ReadAction","target":["https:\/\/www.cmclift.com\/de\/dealer-werden\/"]}]},{"@type":"BreadcrumbList","@id":"https:\/\/www.cmclift.com\/de\/dealer-werden\/#breadcrumb","itemListElement":[{"@type":"ListItem","position":1,"name":"Home","item":"https:\/\/www.cmclift.com\/de\/"},{"@type":"ListItem","position":2,"name":"M\u00f6chten Sie ein CMC-H\u00e4ndler werden"}]},{"@type":"WebSite","@id":"https:\/\/www.cmclift.com\/de\/#website","url":"https:\/\/www.cmclift.com\/de\/","name":"C.M.C. S.r.l.","description":"Piattaforme aeree semoventi cingolate, ragni, telescopiche e articolate","publisher":{"@id":"https:\/\/www.cmclift.com\/de\/#organization"},"potentialAction":[{"@type":"SearchAction","target":{"@type":"EntryPoint","urlTemplate":"https:\/\/www.cmclift.com\/de\/?s={search_term_string}"},"query-input":{"@type":"PropertyValueSpecification","valueRequired":true,"valueName":"search_term_string"}}],"inLanguage":"de"},{"@type":"Organization","@id":"https:\/\/www.cmclift.com\/de\/#organization","name":"CMC Lift","url":"https:\/\/www.cmclift.com\/de\/","logo":{"@type":"ImageObject","inLanguage":"de","@id":"https:\/\/www.cmclift.com\/de\/#\/schema\/logo\/image\/","url":"https:\/\/www.cmclift.com\/wp-content\/uploads\/2021\/08\/CMC_bianco_footer-2.png","contentUrl":"https:\/\/www.cmclift.com\/wp-content\/uploads\/2021\/08\/CMC_bianco_footer-2.png","width":250,"height":84,"caption":"CMC Lift"},"image":{"@id":"https:\/\/www.cmclift.com\/de\/#\/schema\/logo\/image\/"}}]}},"_links":{"self":[{"href":"https:\/\/www.cmclift.com\/de\/wp-json\/wp\/v2\/pages\/18589","targetHints":{"allow":["GET"]}}],"collection":[{"href":"https:\/\/www.cmclift.com\/de\/wp-json\/wp\/v2\/pages"}],"about":[{"href":"https:\/\/www.cmclift.com\/de\/wp-json\/wp\/v2\/types\/page"}],"author":[{"embeddable":true,"href":"https:\/\/www.cmclift.com\/de\/wp-json\/wp\/v2\/users\/9"}],"replies":[{"embeddable":true,"href":"https:\/\/www.cmclift.com\/de\/wp-json\/wp\/v2\/comments?post=18589"}],"version-history":[{"count":7,"href":"https:\/\/www.cmclift.com\/de\/wp-json\/wp\/v2\/pages\/18589\/revisions"}],"predecessor-version":[{"id":20558,"href":"https:\/\/www.cmclift.com\/de\/wp-json\/wp\/v2\/pages\/18589\/revisions\/20558"}],"wp:attachment":[{"href":"https:\/\/www.cmclift.com\/de\/wp-json\/wp\/v2\/media?parent=18589"}],"curies":[{"name":"wp","href":"https:\/\/api.w.org\/{rel}","templated":true}]}}