{"id":18610,"date":"2021-08-04T09:30:08","date_gmt":"2021-08-04T07:30:08","guid":{"rendered":"https:\/\/stage.cmclift.com\/?page_id=18610"},"modified":"2025-07-01T12:42:44","modified_gmt":"2025-07-01T10:42:44","slug":"produkte","status":"publish","type":"page","link":"https:\/\/www.cmclift.com\/de\/produkte\/","title":{"rendered":"Produkte"},"content":{"rendered":"<div class=\"wpb-content-wrapper\"><p>[vc_row full_width=&#8220;stretch_row&#8220; full_height=&#8220;yes&#8220; css=&#8220;.vc_custom_1627371873671{background-image: url(https:\/\/www.cmclift.com\/wp-content\/uploads\/2021\/07\/Hero_prodotti.jpg?id=329) !important;background-position: center !important;background-repeat: no-repeat !important;background-size: cover !important;}&#8220; el_class=&#8220;grd hero pad-r pad-t1&#8243; el_id=&#8220;hero-prodotti&#8220;][vc_column][vc_raw_html el_class=&#8220;bricciole&#8220;]JTVCd3BzZW9fYnJlYWRjcnVtYiU1RA==[\/vc_raw_html][vc_column_text css=&#8220;&#8220; el_class=&#8220;white&#8220;]<span class=\"title-h2\">CMC Raupenarbeitsb\u00fchnen<\/span><\/p>\n<h1>Sechs leistungsstarken Familien<\/h1>\n<p>Sechs verschiedene Familien von Spider-Hubarbeitsb\u00fchnen, die auf die spezifischen Bed\u00fcrfnisse der Benutzer zugeschnitten sind[\/vc_column_text][vc_empty_space height=&#8220;50px&#8220;][vc_raw_html]JTNDYSUyMGNsYXNzJTNEJTIyY3RhJTIwYXJyb3clMjBsb25nJTIwZGFyayUyMiUyMGhyZWYlM0QlMjIlNUJzaXRlX3VybCU1RCUyRmRlJTJGcHJvZHVrdGZpbmRlciUyRiUyMiUzRVBST0RVS1RGSU5ERVIlM0MlMkZhJTNF[\/vc_raw_html][\/vc_column][\/vc_row][vc_row el_class=&#8220;prodotti&#8220;][vc_column][vc_column_text el_class=&#8220;a-center&#8220;]<\/p>\n<h2>Range von 13 bis 41 m<\/h2>\n<p>[\/vc_column_text][vc_empty_space][vc_tta_tabs active_section=&#8220;1&#8243; el_class=&#8220;tabber&#8220;][vc_tta_section title=&#8220;F-Serie&#8220; tab_id=&#8220;1626256364715-07c8e11c-377a&#8220;][vc_row_inner equal_height=&#8220;yes&#8220; content_placement=&#8220;middle&#8220;][vc_column_inner width=&#8220;1\/3&#8243; css=&#8220;.vc_custom_1627399220647{padding-right: 0px !important;padding-left: 0px !important;}&#8220;][vc_empty_space][vc_column_text]<\/p>\n<h3>Voll Hydraulisch<\/h3>\n<p>[\/vc_column_text][vc_column_text]Drei vollhydraulische Raupenarbeitsb\u00fchnen, die hohe Leistung mit einfacher Bedienung und Wartung verbinden.[\/vc_column_text][\/vc_column_inner][vc_column_inner width=&#8220;2\/3&#8243; css=&#8220;.vc_custom_1626259204725{padding-right: 0px !important;padding-left: 0px !important;}&#8220;][vc_single_image image=&#8220;18308&#8243; img_size=&#8220;923&#215;711&#8243; css=&#8220;&#8220;][\/vc_column_inner][vc_column_inner css=&#8220;.vc_custom_1626259210696{padding-right: 0px !important;padding-left: 0px !important;}&#8220;][vc_raw_html css=&#8220;&#8220; el_class=&#8220;abs&#8220;]JTNDYSUyMGNsYXNzJTNEJTIyY3RhJTIwYmctZGFyayUyMHNtYWxsJTIwYS1jZW50ZXIlMjIlMjBocmVmJTNEJTIyJTJGd3AtY29udGVudCUyRnVwbG9hZHMlMkYyMDI1JTJGMDMlMkZDTUNfRmFtaWx5LWJyb2NodXJlX0ZfR0VSXzI1LTAyLTI1LVNlcmllRi1EX3dlYi5wZGYlMjJfYmxhbmslMjIlM0VLQVRBTE9HJTIwSEVSVU5URVJMQURFTiUzQyUyRmElM0UlM0NiciUzRSUwQSUzQ2RpdiUyMHN0eWxlJTNEJTIyaGVpZ2h0JTNBNXB4JTIyJTNFJTNDJTJGZGl2JTNFJTBBJTNDYSUyMGNsYXNzJTNEJTIyY3RhJTIwZGFyayUyMGFycm93JTIwc21hbGwlMjIlMjBocmVmJTNEJTIyJTVCc2l0ZV91cmwlNUQlMkZkZSUyRnByb2R1a3RrYXRlZ29yaWUlMkZmLXNlcmllJTJGJTIyJTNFTUVIUiUyMEVSRkFIUkVOJTNDJTJGYSUzRQ==[\/vc_raw_html][\/vc_column_inner][\/vc_row_inner][\/vc_tta_section][vc_tta_section title=&#8220;HD-Serie&#8220; tab_id=&#8220;1626262498780-a1ce5d1b-eb51&#8243;][vc_row_inner equal_height=&#8220;yes&#8220; content_placement=&#8220;middle&#8220;][vc_column_inner width=&#8220;1\/3&#8243; css=&#8220;.vc_custom_1627399638983{padding-right: 0px !important;padding-left: 0px !important;}&#8220;][vc_empty_space][vc_column_text]<\/p>\n<h3>Heavy Duty<\/h3>\n<p>[\/vc_column_text][vc_column_text]Diese Raupenarbeitsb\u00fchnen ist durch die variable Beweglichkeit der Arbeitsb\u00fchne und die hohe Stabilit\u00e4t des Chassis f\u00fcr jedwelche Anwendung geeignet. [\/vc_column_text][\/vc_column_inner][vc_column_inner width=&#8220;2\/3&#8243; css=&#8220;.vc_custom_1626259204725{padding-right: 0px !important;padding-left: 0px !important;}&#8220;][vc_single_image image=&#8220;18534&#8243; img_size=&#8220;923&#215;711&#8243;][\/vc_column_inner][vc_column_inner css=&#8220;.vc_custom_1626259210696{padding-right: 0px !important;padding-left: 0px !important;}&#8220;][vc_raw_html css=&#8220;&#8220; el_class=&#8220;abs&#8220;]JTNDYSUyMGNsYXNzJTNEJTIyY3RhJTIwYmctZGFyayUyMHNtYWxsJTIwYS1jZW50ZXIlMjIlMjBocmVmJTNEJTIyJTJGd3AtY29udGVudCUyRnVwbG9hZHMlMkYyMDI1JTJGMDMlMkZDTUNfRmFtaWx5LWJyb2NodXJlX0hEX0dFUl8yNS0wMi0yNS1TZXJpZUhELURfd2ViLnBkZiUyMl9ibGFuayUyMiUzRUtBVEFMT0clMjBIRVJVTlRFUkxBREVOJTNDJTJGYSUzRSUzQ2JyJTNFJTBBJTNDZGl2JTIwc3R5bGUlM0QlMjJoZWlnaHQlM0E1cHglMjIlM0UlM0MlMkZkaXYlM0UlMEElM0NhJTIwY2xhc3MlM0QlMjJjdGElMjBkYXJrJTIwYXJyb3clMjBzbWFsbCUyMiUyMGhyZWYlM0QlMjIlNUJzaXRlX3VybCU1RCUyRmRlJTJGcHJvZHVrdGthdGVnb3JpZSUyRmhkLXNlcmllJTJGJTIyJTNFTUVIUiUyMEVSRkFIUkVOJTNDJTJGYSUzRQ==[\/vc_raw_html][\/vc_column_inner][\/vc_row_inner][\/vc_tta_section][vc_tta_section title=&#8220;LC-Serie&#8220; tab_id=&#8220;1626262497931-f42b6037-65e1&#8243;][vc_row_inner equal_height=&#8220;yes&#8220; content_placement=&#8220;middle&#8220;][vc_column_inner width=&#8220;1\/3&#8243; css=&#8220;.vc_custom_1627399630638{padding-right: 0px !important;padding-left: 0px !important;}&#8220;][vc_empty_space][vc_column_text]<\/p>\n<h3>Leicht und Kompakt<\/h3>\n<p>[\/vc_column_text][vc_column_text]Vier Arbeitsb\u00fchnen, die dank ihrer extremen Kompaktheit und ihres geringen Gewichts jeden Einsatz und jeder Anforderung stand halten[\/vc_column_text][\/vc_column_inner][vc_column_inner width=&#8220;2\/3&#8243; css=&#8220;.vc_custom_1626259204725{padding-right: 0px !important;padding-left: 0px !important;}&#8220;][vc_single_image image=&#8220;18540&#8243; img_size=&#8220;923&#215;711&#8243;][\/vc_column_inner][vc_column_inner css=&#8220;.vc_custom_1626259210696{padding-right: 0px !important;padding-left: 0px !important;}&#8220;][vc_raw_html css=&#8220;&#8220; el_class=&#8220;abs&#8220;]JTNDYSUyMGNsYXNzJTNEJTIyY3RhJTIwYmctZGFyayUyMHNtYWxsJTIwYS1jZW50ZXIlMjIlMjBocmVmJTNEJTIyJTJGd3AtY29udGVudCUyRnVwbG9hZHMlMkYyMDI1JTJGMDMlMkZDTUNfRmFtaWx5LWJyb2NodXJlX0xDX0dFUl8yNS0wMi0yNS1TZXJpZUxDLURfd2ViLnBkZiUyMl9ibGFuayUyMiUzRUtBVEFMT0clMjBIRVJVTlRFUkxBREVOJTNDJTJGYSUzRSUzQ2JyJTNFJTBBJTNDZGl2JTIwc3R5bGUlM0QlMjJoZWlnaHQlM0E1cHglMjIlM0UlM0MlMkZkaXYlM0UlMEElM0NhJTIwY2xhc3MlM0QlMjJjdGElMjBkYXJrJTIwYXJyb3clMjBzbWFsbCUyMiUyMGhyZWYlM0QlMjIlNUJzaXRlX3VybCU1RCUyRmRlJTJGcHJvZHVrdGthdGVnb3JpZSUyRmxjLXNlcmllJTJGJTIyJTNFTUVIUiUyMEVSRkFIUkVOJTNDJTJGYSUzRQ==[\/vc_raw_html][\/vc_column_inner][\/vc_row_inner][\/vc_tta_section][vc_tta_section title=&#8220;DP-Serie&#8220; tab_id=&#8220;1626262496973-f4c91f7d-bc0c&#8220;][vc_row_inner equal_height=&#8220;yes&#8220; content_placement=&#8220;middle&#8220;][vc_column_inner width=&#8220;1\/3&#8243; css=&#8220;.vc_custom_1626259204725{padding-right: 0px !important;padding-left: 0px !important;}&#8220;][vc_empty_space][vc_column_text]<\/p>\n<h3>Double Performance<\/h3>\n<p>[\/vc_column_text][vc_column_text]Drei echte Champions unter den Arbeitsb\u00fchnen ihrer Klasse, die bei jedem Einsatz H\u00f6chstleistungen erbringen.[\/vc_column_text][\/vc_column_inner][vc_column_inner width=&#8220;2\/3&#8243; css=&#8220;.vc_custom_1626259210696{padding-right: 0px !important;padding-left: 0px !important;}&#8220;][vc_single_image image=&#8220;27135&#8243; img_size=&#8220;923&#215;711&#8243; css=&#8220;&#8220;][\/vc_column_inner][vc_column_inner][vc_raw_html css=&#8220;&#8220; el_class=&#8220;abs&#8220;]JTNDYSUyMGNsYXNzJTNEJTIyY3RhJTIwYmctZGFyayUyMHNtYWxsJTIwYS1jZW50ZXIlMjIlMjBocmVmJTNEJTIyJTJGd3AtY29udGVudCUyRnVwbG9hZHMlMkYyMDI1JTJGMDMlMkZDTUNfRmFtaWx5LWJyb2NodXJlX0RQX0dFUl8yNS0wMi0yNS1TZXJpZURQLURfd2ViLnBkZiUyMl9ibGFuayUyMiUzRUtBVEFMT0clMjBIRVJVTlRFUkxBREVOJTNDJTJGYSUzRSUzQ2JyJTNFJTBBJTNDZGl2JTIwc3R5bGUlM0QlMjJoZWlnaHQlM0E1cHglMjIlM0UlM0MlMkZkaXYlM0UlMEElM0NhJTIwY2xhc3MlM0QlMjJjdGElMjBkYXJrJTIwYXJyb3clMjBzbWFsbCUyMiUyMGhyZWYlM0QlMjIlNUJzaXRlX3VybCU1RCUyRmRlJTJGcHJvZHVrdGthdGVnb3JpZSUyRmRwLXNlcmllJTJGJTIyJTNFTUVIUiUyMEVSRkFIUkVOJTNDJTJGYSUzRQ==[\/vc_raw_html][\/vc_column_inner][\/vc_row_inner][\/vc_tta_section][vc_tta_section title=&#8220;XL-Serie&#8220; tab_id=&#8220;1626262495891-c5f6eb11-d28e&#8220;][vc_row_inner equal_height=&#8220;yes&#8220; content_placement=&#8220;middle&#8220;][vc_column_inner width=&#8220;1\/3&#8243; css=&#8220;.vc_custom_1626259204725{padding-right: 0px !important;padding-left: 0px !important;}&#8220;][vc_empty_space][vc_column_text]<\/p>\n<h3>Extra Large<\/h3>\n<p>[\/vc_column_text][vc_column_text]Die gr\u00f6\u00dfte Raupenarbeitsb\u00fchne der CMC-Reihe, die auch in gro\u00dfen H\u00f6hen maximale Stabilit\u00e4t und Zuverl\u00e4ssigkeit bietet.[\/vc_column_text][\/vc_column_inner][vc_column_inner width=&#8220;2\/3&#8243; css=&#8220;.vc_custom_1626259210696{padding-right: 0px !important;padding-left: 0px !important;}&#8220;][vc_single_image image=&#8220;18332&#8243; img_size=&#8220;full&#8220;][\/vc_column_inner][vc_column_inner][vc_raw_html css=&#8220;&#8220; el_class=&#8220;abs&#8220;]JTNDYSUyMGNsYXNzJTNEJTIyY3RhJTIwYmctZGFyayUyMHNtYWxsJTIwYS1jZW50ZXIlMjIlMjBocmVmJTNEJTIyJTJGd3AtY29udGVudCUyRnVwbG9hZHMlMkYyMDI1JTJGMDMlMkZDTUNfRmFtaWx5LWJyb2NodXJlX1hMX0dFUl8yNS0wMi0yNS1TZXJpZVhMLURfd2ViLnBkZiUyMl9ibGFuayUyMiUzRUtBVEFMT0clMjBIRVJVTlRFUkxBREVOJTNDJTJGYSUzRSUzQ2JyJTNFJTBBJTNDZGl2JTIwc3R5bGUlM0QlMjJoZWlnaHQlM0E1cHglMjIlM0UlM0MlMkZkaXYlM0UlMEElM0NhJTIwY2xhc3MlM0QlMjJjdGElMjBkYXJrJTIwYXJyb3clMjBzbWFsbCUyMiUyMGhyZWYlM0QlMjIlNUJzaXRlX3VybCU1RCUyRmRlJTJGcHJvZHVrdGthdGVnb3JpZSUyRnhsLXNlcmllJTJGJTIyJTNFTUVIUiUyMEVSRkFIUkVOJTNDJTJGYSUzRQ==[\/vc_raw_html][\/vc_column_inner][\/vc_row_inner][\/vc_tta_section][vc_tta_section title=&#8220;i-serie&#8220; tab_id=&#8220;1642778086235-1b55fba6-17b9&#8243;][vc_row_inner equal_height=&#8220;yes&#8220; content_placement=&#8220;middle&#8220;][vc_column_inner width=&#8220;1\/3&#8243; css=&#8220;.vc_custom_1626259204725{padding-right: 0px !important;padding-left: 0px !important;}&#8220;][vc_empty_space][vc_column_text]<\/p>\n<h3>Isoliert<\/h3>\n<p>[\/vc_column_text][vc_column_text]<span data-sheets-value=\"{&quot;1&quot;:2,&quot;2&quot;:&quot;Die neue Familie der isolierten CMC-B\u00fchnen zeichnet sich durch ein H\u00f6chstma\u00df an Technologie, Effizienz und Zuverl\u00e4ssigkeit aus. Sie sind f\u00fcr den sicheren Betrieb in einer H\u00f6he von bis zu 23 Metern in der N\u00e4he von Stromleitungen mit einer Spannung von bis zu 46 kV ausgelegt.&quot;}\" data-sheets-userformat=\"{&quot;2&quot;:5117,&quot;3&quot;:{&quot;1&quot;:0},&quot;5&quot;:{&quot;1&quot;:[{&quot;1&quot;:2,&quot;2&quot;:0,&quot;5&quot;:{&quot;1&quot;:2,&quot;2&quot;:0}},{&quot;1&quot;:0,&quot;2&quot;:0,&quot;3&quot;:3},{&quot;1&quot;:1,&quot;2&quot;:0,&quot;4&quot;:1}]},&quot;6&quot;:{&quot;1&quot;:[{&quot;1&quot;:2,&quot;2&quot;:0,&quot;5&quot;:{&quot;1&quot;:2,&quot;2&quot;:0}},{&quot;1&quot;:0,&quot;2&quot;:0,&quot;3&quot;:3},{&quot;1&quot;:1,&quot;2&quot;:0,&quot;4&quot;:1}]},&quot;7&quot;:{&quot;1&quot;:[{&quot;1&quot;:2,&quot;2&quot;:0,&quot;5&quot;:{&quot;1&quot;:2,&quot;2&quot;:0}},{&quot;1&quot;:0,&quot;2&quot;:0,&quot;3&quot;:3},{&quot;1&quot;:1,&quot;2&quot;:0,&quot;4&quot;:1}]},&quot;8&quot;:{&quot;1&quot;:[{&quot;1&quot;:2,&quot;2&quot;:0,&quot;5&quot;:{&quot;1&quot;:2,&quot;2&quot;:0}},{&quot;1&quot;:0,&quot;2&quot;:0,&quot;3&quot;:3},{&quot;1&quot;:1,&quot;2&quot;:0,&quot;4&quot;:1}]},&quot;9&quot;:0,&quot;10&quot;:1,&quot;11&quot;:4,&quot;12&quot;:0,&quot;15&quot;:&quot;Arial&quot;}\">Die neue Familie der isolierten CMC-B\u00fchnen zeichnet sich durch ein H\u00f6chstma\u00df an Technologie, Effizienz und Zuverl\u00e4ssigkeit aus. Sie sind f\u00fcr den sicheren Betrieb in einer H\u00f6he von bis zu 23 Metern in der N\u00e4he von Stromleitungen mit einer Spannung von bis zu 46 kV ausgelegt.<\/span>[\/vc_column_text][\/vc_column_inner][vc_column_inner width=&#8220;2\/3&#8243; css=&#8220;.vc_custom_1626259210696{padding-right: 0px !important;padding-left: 0px !important;}&#8220;][vc_single_image image=&#8220;38721&#8243; img_size=&#8220;full&#8220;][\/vc_column_inner][vc_column_inner][vc_raw_html css=&#8220;&#8220; el_class=&#8220;abs&#8220;]JTNDYSUyMGNsYXNzJTNEJTIyY3RhJTIwYmctZGFyayUyMHNtYWxsJTIwYS1jZW50ZXIlMjIlMjBocmVmJTNEJTIyJTJGd3AtY29udGVudCUyRnVwbG9hZHMlMkYyMDI1JTJGMDMlMkZDTUNfRmFtaWx5LWJyb2NodXJlX2lfR0VSXzE5LTAzLTI1LVNlcmllSS1EX3dlYi5wZGYlMjJfYmxhbmslMjIlM0VLQVRBTE9HJTIwSEVSVU5URVJMQURFTiUzQyUyRmElM0UlM0NiciUzRSUwQSUzQ2RpdiUyMHN0eWxlJTNEJTIyaGVpZ2h0JTNBNXB4JTIyJTNFJTNDJTJGZGl2JTNFJTBBJTNDYSUyMGNsYXNzJTNEJTIyY3RhJTIwZGFyayUyMGFycm93JTIwc21hbGwlMjIlMjBocmVmJTNEJTIyJTVCc2l0ZV91cmwlNUQlMkZkZSUyRnByb2R1a3RrYXRlZ29yaWUlMkZpLXNlcmllbiUyRiUyMiUzRU1FSFIlMjBFUkZBSFJFTiUzQyUyRmElM0U=[\/vc_raw_html][\/vc_column_inner][\/vc_row_inner][\/vc_tta_section][\/vc_tta_tabs][\/vc_column][\/vc_row][vc_row equal_height=&#8220;yes&#8220; el_class=&#8220;info-box&#8220;][vc_column width=&#8220;1\/3&#8243; css=&#8220;.vc_custom_1627371351342{background-image: url(https:\/\/www.cmclift.com\/wp-content\/uploads\/2021\/07\/Mappa-1.jpg?id=380) !important;background-position: center !important;background-repeat: no-repeat !important;background-size: cover !important;}&#8220; el_class=&#8220;altezza-5&#8243;][\/vc_column][vc_column width=&#8220;1\/3&#8243; css=&#8220;.vc_custom_1626269795444{background-color: #4e5964 !important;}&#8220; el_class=&#8220;pad-full-7&#8243;][vc_single_image image=&#8220;18130&#8243; img_size=&#8220;101&#215;131&#8243;][vc_column_text el_class=&#8220;white rel&#8220;]<\/p>\n<h3>Netzwerk<\/h3>\n<p><a class=\"cta-vai3 arrow\" href=\"https:\/\/www.cmclift.com\/de\/netzwerk\/\">MEHR<\/a>[\/vc_column_text][vc_column_text el_class=&#8220;white&#8220;]Finden Sie heraus, in welchen L\u00e4ndern auf allen f\u00fcnf Kontinenten CMC-Raupenarbeitsb\u00fchnen im Einsatz sind.[\/vc_column_text][\/vc_column][vc_column width=&#8220;1\/3&#8243; el_class=&#8220;pad-full-7&#8243; css=&#8220;.vc_custom_1626269829561{background-color: #eff0f0 !important;}&#8220;][vc_single_image image=&#8220;18128&#8243; img_size=&#8220;131&#215;131&#8243;][vc_column_text el_class=&#8220;rel&#8220;]<\/p>\n<h3>Service<\/h3>\n<p><a class=\"cta-vai3 arrow dark\" href=\"https:\/\/www.cmclift.com\/de\/assistance\/\">MEHR<\/a>[\/vc_column_text][vc_column_text]Wir m\u00f6chten die Erwartungen unserer Kunden nicht nur durch die Qualit\u00e4t unserer Produkte, sondern auch durch die Effizienz unserer Dienstleistungen erf\u00fcllen[\/vc_column_text][\/vc_column][\/vc_row][vc_row][vc_column][vc_empty_space height=&#8220;80px&#8220;][\/vc_column][\/vc_row][vc_row full_width=&#8220;stretch_row&#8220; el_class=&#8220;pad-tb press-room&#8220; css=&#8220;.vc_custom_1627894434615{background-color: #eff0f0 !important;}&#8220;][vc_column][vc_raw_html]JTVCcHJlc3Nfcm9vbSU1RA==[\/vc_raw_html][\/vc_column][\/vc_row][vc_row][vc_column][vc_empty_space height=&#8220;80px&#8220;][\/vc_column][\/vc_row]<\/p>\n<\/div>","protected":false},"excerpt":{"rendered":"<p>[vc_row full_width=&#8220;stretch_row&#8220; full_height=&#8220;yes&#8220; css=&#8220;.vc_custom_1627371873671{background-image: url(https:\/\/www.cmclift.com\/wp-content\/uploads\/2021\/07\/Hero_prodotti.jpg?id=329) !important;background-position: center !important;background-repeat: no-repeat !important;background-size: cover !important;}&#8220; el_class=&#8220;grd hero pad-r pad-t1&#8243; el_id=&#8220;hero-prodotti&#8220;][vc_column][vc_raw_html el_class=&#8220;bricciole&#8220;]JTVCd3BzZW9fYnJlYWRjcnVtYiU1RA==[\/vc_raw_html][vc_column_text css=&#8220;&#8220; el_class=&#8220;white&#8220;]CMC&#8230;<\/p>\n","protected":false},"author":9,"featured_media":0,"parent":0,"menu_order":0,"comment_status":"closed","ping_status":"closed","template":"","meta":{"footnotes":""},"class_list":["post-18610","page","type-page","status-publish"],"yoast_head":"<!-- This site is optimized with the Yoast SEO plugin v27.3 - https:\/\/yoast.com\/product\/yoast-seo-wordpress\/ -->\n<title>Sechs leistungsstarken Familien - C.M.C. S.r.l.<\/title>\n<meta name=\"robots\" content=\"index, follow, max-snippet:-1, max-image-preview:large, max-video-preview:-1\" \/>\n<link rel=\"canonical\" href=\"https:\/\/www.cmclift.com\/de\/produkte\/\" \/>\n<meta property=\"og:locale\" content=\"de_DE\" \/>\n<meta property=\"og:type\" content=\"article\" \/>\n<meta property=\"og:title\" content=\"Sechs leistungsstarken Familien - C.M.C. S.r.l.\" \/>\n<meta property=\"og:description\" content=\"[vc_row full_width=&#8220;stretch_row&#8220; full_height=&#8220;yes&#8220; css=&#8220;.vc_custom_1627371873671{background-image: url(https:\/\/www.cmclift.com\/wp-content\/uploads\/2021\/07\/Hero_prodotti.jpg?id=329) !important;background-position: center !important;background-repeat: no-repeat !important;background-size: cover !important;}&#8220; el_class=&#8220;grd hero pad-r pad-t1&#8243; el_id=&#8220;hero-prodotti&#8220;][vc_column][vc_raw_html el_class=&#8220;bricciole&#8220;]JTVCd3BzZW9fYnJlYWRjcnVtYiU1RA==[\/vc_raw_html][vc_column_text css=&#8220;&#8220; el_class=&#8220;white&#8220;]CMC...\" \/>\n<meta property=\"og:url\" content=\"https:\/\/www.cmclift.com\/de\/produkte\/\" \/>\n<meta property=\"og:site_name\" content=\"C.M.C. S.r.l.\" \/>\n<meta property=\"article:modified_time\" content=\"2025-07-01T10:42:44+00:00\" \/>\n<meta name=\"twitter:card\" content=\"summary_large_image\" \/>\n<meta name=\"twitter:label1\" content=\"Gesch\u00e4tzte Lesezeit\" \/>\n\t<meta name=\"twitter:data1\" content=\"4\u00a0Minuten\" \/>\n<script type=\"application\/ld+json\" class=\"yoast-schema-graph\">{\"@context\":\"https:\\\/\\\/schema.org\",\"@graph\":[{\"@type\":\"WebPage\",\"@id\":\"https:\\\/\\\/www.cmclift.com\\\/de\\\/produkte\\\/\",\"url\":\"https:\\\/\\\/www.cmclift.com\\\/de\\\/produkte\\\/\",\"name\":\"Sechs leistungsstarken Familien - C.M.C. S.r.l.\",\"isPartOf\":{\"@id\":\"https:\\\/\\\/www.cmclift.com\\\/de\\\/#website\"},\"datePublished\":\"2021-08-04T07:30:08+00:00\",\"dateModified\":\"2025-07-01T10:42:44+00:00\",\"breadcrumb\":{\"@id\":\"https:\\\/\\\/www.cmclift.com\\\/de\\\/produkte\\\/#breadcrumb\"},\"inLanguage\":\"de\",\"potentialAction\":[{\"@type\":\"ReadAction\",\"target\":[\"https:\\\/\\\/www.cmclift.com\\\/de\\\/produkte\\\/\"]}]},{\"@type\":\"BreadcrumbList\",\"@id\":\"https:\\\/\\\/www.cmclift.com\\\/de\\\/produkte\\\/#breadcrumb\",\"itemListElement\":[{\"@type\":\"ListItem\",\"position\":1,\"name\":\"Home\",\"item\":\"https:\\\/\\\/www.cmclift.com\\\/de\\\/\"},{\"@type\":\"ListItem\",\"position\":2,\"name\":\"Produkte\"}]},{\"@type\":\"WebSite\",\"@id\":\"https:\\\/\\\/www.cmclift.com\\\/de\\\/#website\",\"url\":\"https:\\\/\\\/www.cmclift.com\\\/de\\\/\",\"name\":\"C.M.C. S.r.l.\",\"description\":\"Piattaforme aeree semoventi cingolate, ragni, telescopiche e articolate\",\"publisher\":{\"@id\":\"https:\\\/\\\/www.cmclift.com\\\/de\\\/#organization\"},\"potentialAction\":[{\"@type\":\"SearchAction\",\"target\":{\"@type\":\"EntryPoint\",\"urlTemplate\":\"https:\\\/\\\/www.cmclift.com\\\/de\\\/?s={search_term_string}\"},\"query-input\":{\"@type\":\"PropertyValueSpecification\",\"valueRequired\":true,\"valueName\":\"search_term_string\"}}],\"inLanguage\":\"de\"},{\"@type\":\"Organization\",\"@id\":\"https:\\\/\\\/www.cmclift.com\\\/de\\\/#organization\",\"name\":\"CMC Lift\",\"url\":\"https:\\\/\\\/www.cmclift.com\\\/de\\\/\",\"logo\":{\"@type\":\"ImageObject\",\"inLanguage\":\"de\",\"@id\":\"https:\\\/\\\/www.cmclift.com\\\/de\\\/#\\\/schema\\\/logo\\\/image\\\/\",\"url\":\"https:\\\/\\\/www.cmclift.com\\\/wp-content\\\/uploads\\\/2021\\\/08\\\/CMC_bianco_footer-2.png\",\"contentUrl\":\"https:\\\/\\\/www.cmclift.com\\\/wp-content\\\/uploads\\\/2021\\\/08\\\/CMC_bianco_footer-2.png\",\"width\":250,\"height\":84,\"caption\":\"CMC Lift\"},\"image\":{\"@id\":\"https:\\\/\\\/www.cmclift.com\\\/de\\\/#\\\/schema\\\/logo\\\/image\\\/\"}}]}<\/script>\n<!-- \/ Yoast SEO plugin. -->","yoast_head_json":{"title":"Sechs leistungsstarken Familien - C.M.C. S.r.l.","robots":{"index":"index","follow":"follow","max-snippet":"max-snippet:-1","max-image-preview":"max-image-preview:large","max-video-preview":"max-video-preview:-1"},"canonical":"https:\/\/www.cmclift.com\/de\/produkte\/","og_locale":"de_DE","og_type":"article","og_title":"Sechs leistungsstarken Familien - C.M.C. S.r.l.","og_description":"[vc_row full_width=&#8220;stretch_row&#8220; full_height=&#8220;yes&#8220; css=&#8220;.vc_custom_1627371873671{background-image: url(https:\/\/www.cmclift.com\/wp-content\/uploads\/2021\/07\/Hero_prodotti.jpg?id=329) !important;background-position: center !important;background-repeat: no-repeat !important;background-size: cover !important;}&#8220; el_class=&#8220;grd hero pad-r pad-t1&#8243; el_id=&#8220;hero-prodotti&#8220;][vc_column][vc_raw_html el_class=&#8220;bricciole&#8220;]JTVCd3BzZW9fYnJlYWRjcnVtYiU1RA==[\/vc_raw_html][vc_column_text css=&#8220;&#8220; el_class=&#8220;white&#8220;]CMC...","og_url":"https:\/\/www.cmclift.com\/de\/produkte\/","og_site_name":"C.M.C. S.r.l.","article_modified_time":"2025-07-01T10:42:44+00:00","twitter_card":"summary_large_image","twitter_misc":{"Gesch\u00e4tzte Lesezeit":"4\u00a0Minuten"},"schema":{"@context":"https:\/\/schema.org","@graph":[{"@type":"WebPage","@id":"https:\/\/www.cmclift.com\/de\/produkte\/","url":"https:\/\/www.cmclift.com\/de\/produkte\/","name":"Sechs leistungsstarken Familien - C.M.C. S.r.l.","isPartOf":{"@id":"https:\/\/www.cmclift.com\/de\/#website"},"datePublished":"2021-08-04T07:30:08+00:00","dateModified":"2025-07-01T10:42:44+00:00","breadcrumb":{"@id":"https:\/\/www.cmclift.com\/de\/produkte\/#breadcrumb"},"inLanguage":"de","potentialAction":[{"@type":"ReadAction","target":["https:\/\/www.cmclift.com\/de\/produkte\/"]}]},{"@type":"BreadcrumbList","@id":"https:\/\/www.cmclift.com\/de\/produkte\/#breadcrumb","itemListElement":[{"@type":"ListItem","position":1,"name":"Home","item":"https:\/\/www.cmclift.com\/de\/"},{"@type":"ListItem","position":2,"name":"Produkte"}]},{"@type":"WebSite","@id":"https:\/\/www.cmclift.com\/de\/#website","url":"https:\/\/www.cmclift.com\/de\/","name":"C.M.C. S.r.l.","description":"Piattaforme aeree semoventi cingolate, ragni, telescopiche e articolate","publisher":{"@id":"https:\/\/www.cmclift.com\/de\/#organization"},"potentialAction":[{"@type":"SearchAction","target":{"@type":"EntryPoint","urlTemplate":"https:\/\/www.cmclift.com\/de\/?s={search_term_string}"},"query-input":{"@type":"PropertyValueSpecification","valueRequired":true,"valueName":"search_term_string"}}],"inLanguage":"de"},{"@type":"Organization","@id":"https:\/\/www.cmclift.com\/de\/#organization","name":"CMC Lift","url":"https:\/\/www.cmclift.com\/de\/","logo":{"@type":"ImageObject","inLanguage":"de","@id":"https:\/\/www.cmclift.com\/de\/#\/schema\/logo\/image\/","url":"https:\/\/www.cmclift.com\/wp-content\/uploads\/2021\/08\/CMC_bianco_footer-2.png","contentUrl":"https:\/\/www.cmclift.com\/wp-content\/uploads\/2021\/08\/CMC_bianco_footer-2.png","width":250,"height":84,"caption":"CMC Lift"},"image":{"@id":"https:\/\/www.cmclift.com\/de\/#\/schema\/logo\/image\/"}}]}},"_links":{"self":[{"href":"https:\/\/www.cmclift.com\/de\/wp-json\/wp\/v2\/pages\/18610","targetHints":{"allow":["GET"]}}],"collection":[{"href":"https:\/\/www.cmclift.com\/de\/wp-json\/wp\/v2\/pages"}],"about":[{"href":"https:\/\/www.cmclift.com\/de\/wp-json\/wp\/v2\/types\/page"}],"author":[{"embeddable":true,"href":"https:\/\/www.cmclift.com\/de\/wp-json\/wp\/v2\/users\/9"}],"replies":[{"embeddable":true,"href":"https:\/\/www.cmclift.com\/de\/wp-json\/wp\/v2\/comments?post=18610"}],"version-history":[{"count":50,"href":"https:\/\/www.cmclift.com\/de\/wp-json\/wp\/v2\/pages\/18610\/revisions"}],"predecessor-version":[{"id":45773,"href":"https:\/\/www.cmclift.com\/de\/wp-json\/wp\/v2\/pages\/18610\/revisions\/45773"}],"wp:attachment":[{"href":"https:\/\/www.cmclift.com\/de\/wp-json\/wp\/v2\/media?parent=18610"}],"curies":[{"name":"wp","href":"https:\/\/api.w.org\/{rel}","templated":true}]}}