{"id":18820,"date":"2021-07-12T13:52:21","date_gmt":"2021-07-12T11:52:21","guid":{"rendered":"https:\/\/stage.cmclift.com\/innovazione\/"},"modified":"2021-11-09T10:03:24","modified_gmt":"2021-11-09T09:03:24","slug":"innovation","status":"publish","type":"page","link":"https:\/\/www.cmclift.com\/de\/innovation\/","title":{"rendered":"Innovation"},"content":{"rendered":"<div class=\"wpb-content-wrapper\"><p>[vc_row full_width=&#8220;stretch_row&#8220; content_placement=&#8220;bottom&#8220; el_class=&#8220;grd altezza&#8220; css=&#8220;.vc_custom_1631029959650{background-image: url(https:\/\/www.cmclift.com\/wp-content\/uploads\/2021\/07\/Hero_innovazione.jpg?id=204) !important;background-position: center !important;background-repeat: no-repeat !important;background-size: cover !important;}&#8220;][vc_column][vc_row_inner][vc_column_inner][vc_column_text el_class=&#8220;a-center bricciole&#8220;]<span><span><a href=\"https:\/\/www.cmclift.com\/de\/\">Home<\/a><\/span><\/span>[\/vc_column_text][\/vc_column_inner][\/vc_row_inner][\/vc_column][\/vc_row][vc_row el_class=&#8220;tecnologie pad-tb4&#8243;][vc_column width=&#8220;2\/3&#8243; el_class=&#8220;pad-lr3&#8243;][vc_column_text el_class=&#8220;titolo&#8220;]<\/p>\n<h1>Fortschrittliche Technologien f\u00fcr h\u00f6here Standards<\/h1>\n<p>[\/vc_column_text][vc_column_text]Die Qualit\u00e4t unserer Produkte beruht auf der Qualit\u00e4t unseres Designs. Die Prototypen jeder Raupenarbeitsb\u00fchne werden von unseren Spezialisten in Zusammenarbeit mit renommierten Universit\u00e4tsinstituten und f\u00fchrenden Ingenieurb\u00fcros mit Hilfe modernster Technologien entwickelt und perfektioniert.[\/vc_column_text][\/vc_column][vc_column width=&#8220;1\/3&#8243; el_class=&#8220;pad-r0&#8243;][vc_raw_html el_class=&#8220;a-right&#8220;]JTNDYSUyMGNsYXNzJTNEJTIyY3RhJTIwYmctZGFyayUyMiUyMGhyZWYlM0QlMjIlMjMlMjIlM0VGSVJNRU5QUk9GSUwlMjBBTkZSQUdFTiUzQyUyRmElM0U=[\/vc_raw_html][\/vc_column][\/vc_row][vc_row equal_height=&#8220;yes&#8220;][vc_column width=&#8220;2\/3&#8243; css=&#8220;.vc_custom_1626093383588{background-color: #4e5964 !important;}&#8220; el_class=&#8220;pad-tb3&#8243;][vc_column_text el_class=&#8220;white&#8220;]<\/p>\n<h2>Forschung und Entwicklung, der Schl\u00fcssel zum Aufstieg an die Spitze<\/h2>\n<p>[\/vc_column_text][vc_column_text el_class=&#8220;white&#8220;]Forschung und Entwicklung sind die Grundlage f\u00fcr unser Wachstum und unseren Wettbewerbsvorteil. Unser Team ist stets auf der Suche nach innovativen L\u00f6sungen f\u00fcr die Produktentwicklung und die Optimierung der Produktionsprozesse, um die Anforderungen der Nutzer unserer Raupenhebeb\u00fchnen zu erf\u00fcllen und ihnen zuvorzukommen. Engagierte Forschungsprojekte zu hochfesten Materialien haben es uns erm\u00f6glicht, das Gewicht unserer Maschinen zu reduzieren und ihre Leistung, Zuverl\u00e4ssigkeit und Vielseitigkeit zu verbessern.[\/vc_column_text][\/vc_column][vc_column width=&#8220;1\/3&#8243; css=&#8220;.vc_custom_1626091411072{background-image: url(https:\/\/www.cmclift.com\/wp-content\/uploads\/2021\/07\/S41.jpg?id=205) !important;background-position: center !important;background-repeat: no-repeat !important;background-size: cover !important;}&#8220;][\/vc_column][\/vc_row][vc_row el_class=&#8220;pad-tb self&#8220; el_id=&#8220;self-control&#8220;][vc_column][vc_column_text el_class=&#8220;br-no&#8220;]<\/p>\n<h2>Self Control System von CMC, der Autopilot f\u00fcr Arbeitsb\u00fchnen.<\/h2>\n<p>[\/vc_column_text][\/vc_column][vc_column][vc_empty_space height=&#8220;50px&#8220;][\/vc_column][vc_column width=&#8220;1\/3&#8243;][vc_single_image image=&#8220;19647&#8243; img_size=&#8220;&#8220;][\/vc_column][vc_column width=&#8220;2\/3&#8243;][vc_column_text]Die Menschen, die unsere Arbeitsb\u00fchnen benutzen, vertrauen uns nicht nur in Bezug auf den Erfolg ihrer Arbeit, sondern auch und vor allem in Bezug auf ihre Sicherheit. Deshalb setzen wir alles daran, die beste Steuerungstechnik zu liefern. Das Self Control System von CMC wurde entwickelt, um ein H\u00f6chstma\u00df an Einfachheit und Zuverl\u00e4ssigkeit bei der Nutzung der CMC-Raupenarbeitsb\u00fchne zu gew\u00e4hrleisten und menschliche Fehler zu reduzieren. Das elektronische System f\u00fchrt automatisch eine Reihe wichtiger Vorg\u00e4nge aus, wie z.B.:[\/vc_column_text][\/vc_column][vc_column][vc_empty_space height=&#8220;50px&#8220;][\/vc_column][vc_column width=&#8220;1\/4&#8243;][vc_single_image image=&#8220;18100&#8243; img_size=&#8220;100&#215;96&#8243; alignment=&#8220;center&#8220;][vc_column_text el_class=&#8220;a-center&#8220;]Abst\u00fctzung und<br \/>\nNivellierung[\/vc_column_text][\/vc_column][vc_column width=&#8220;1\/4&#8243;][vc_single_image image=&#8220;18096&#8243; img_size=&#8220;100&#215;96&#8243; alignment=&#8220;center&#8220;][vc_column_text el_class=&#8220;a-center&#8220;]automatisches Schlie\u00dfen<br \/>\ndes Hubger\u00fcsts mit einem<br \/>\neinzigen Knopfdruck[\/vc_column_text][\/vc_column][vc_column width=&#8220;1\/4&#8243;][vc_single_image image=&#8220;18102&#8243; img_size=&#8220;100&#215;96&#8243; alignment=&#8220;center&#8220;][vc_column_text el_class=&#8220;a-center&#8220;]Kontrolle der Bewegung<br \/>\nund der Geschwindigkeit<br \/>\nder Arme.[\/vc_column_text][\/vc_column][vc_column width=&#8220;1\/4&#8243;][vc_single_image image=&#8220;18098&#8243; img_size=&#8220;100&#215;96&#8243; alignment=&#8220;center&#8220;][vc_column_text el_class=&#8220;a-center&#8220;]Selbstdiagnose und<br \/>\nFehlerwarnung[\/vc_column_text][\/vc_column][\/vc_row][vc_row disable_element=&#8220;yes&#8220; css=&#8220;.vc_custom_1627549621853{background-image: url(https:\/\/www.cmclift.com\/wp-content\/uploads\/2021\/07\/MACCHINA_ISOLATA.jpg?id=211) !important;background-position: center !important;background-repeat: no-repeat !important;background-size: cover !important;}&#8220; el_class=&#8220;rel grd pad-full-3 altezza&#8220;][vc_column width=&#8220;2\/3&#8243; el_class=&#8220;pad-tl&#8220;][vc_column_text el_class=&#8220;white&#8220;]<\/p>\n<h2>CMC i23<\/h2>\n<p>[\/vc_column_text][vc_column_text el_class=&#8220;white&#8220;]Sed ut perspiciatis unde omnis iste natus error sit voluptatem accusantium doloremque laudantium, totam rem aperiam eaque ipsa, quae ab illo inventore veritatis et quasi architecto beatae vitae dicta sunt, explicabo. Nemo enim ipsam voluptatem.[\/vc_column_text][\/vc_column][vc_column width=&#8220;1\/3&#8243; css=&#8220;.vc_custom_1627223865821{padding-top: 0px !important;padding-right: 0px !important;}&#8220; el_class=&#8220;pad-tr&#8220;][vc_raw_html el_class=&#8220;a-right&#8220;]JTNDYSUyMGNsYXNzJTNEJTIyY3RhJTIyJTIwaHJlZiUzRCUyMiUyMyUyMiUzRVNDT1BSSSUzQyUyRmElM0U=[\/vc_raw_html][\/vc_column][\/vc_row][vc_row equal_height=&#8220;yes&#8220; disable_element=&#8220;yes&#8220;][vc_column width=&#8220;1\/3&#8243; css=&#8220;.vc_custom_1627224522680{background-image: url(https:\/\/www.cmclift.com\/wp-content\/uploads\/2021\/07\/Industria_4-1.jpg?id=231) !important;background-position: center !important;background-repeat: no-repeat !important;background-size: cover !important;}&#8220; el_class=&#8220;altezza-5&#8243;][\/vc_column][vc_column width=&#8220;2\/3&#8243; css=&#8220;.vc_custom_1627224728755{margin-top: 0px !important;background-color: #4e5964 !important;}&#8220; el_class=&#8220;pad-full-4&#8243;][vc_column_text el_class=&#8220;white&#8220;]<\/p>\n<h2>Le piattaforme aeree CMC<br \/>\nbeneficiano del credito d\u2019imposta<br \/>\nIndustria 4.0<\/h2>\n<p>[\/vc_column_text][vc_column_text el_class=&#8220;white&#8220;]Proseguono fino a tutto il 2022 gli incentivi del Piano Transizione 4.0, rafforzati dalla Legge di Bilancio 2021. Per gli investimenti relativi all\u2019acquisto di beni strumentali nuovi, funzionali alla trasformazione tecnologica e digitale delle imprese, viene infatti riconosciuto un credito d\u2019imposta che pu\u00f2 arrivare al 50% del costo del bene.[\/vc_column_text][vc_empty_space height=&#8220;50px&#8220;][vc_raw_html el_class=&#8220;a-right&#8220;]JTNDYSUyMGNsYXNzJTNEJTIyY3RhJTIyJTIwaHJlZiUzRCUyMmh0dHBzJTNBJTJGJTJGc3RhZ2UuY21jbGlmdC5jb20lMkZpbmR1c3RyaWEtNC0wJTJGJTIyJTNFU0NPUFJJJTNDJTJGYSUzRQ==[\/vc_raw_html][\/vc_column][\/vc_row][vc_row][vc_column][vc_empty_space height=&#8220;80px&#8220;][\/vc_column][\/vc_row]<\/p>\n<\/div>","protected":false},"excerpt":{"rendered":"<p>[vc_row full_width=&#8220;stretch_row&#8220; content_placement=&#8220;bottom&#8220; el_class=&#8220;grd altezza&#8220; css=&#8220;.vc_custom_1631029959650{background-image: url(https:\/\/www.cmclift.com\/wp-content\/uploads\/2021\/07\/Hero_innovazione.jpg?id=204) !important;background-position: center !important;background-repeat: no-repeat !important;background-size: cover !important;}&#8220;][vc_column][vc_row_inner][vc_column_inner][vc_column_text el_class=&#8220;a-center bricciole&#8220;][\/vc_column_text][\/vc_column_inner][\/vc_row_inner][\/vc_column][\/vc_row][vc_row el_class=&#8220;tecnologie pad-tb4&#8243;][vc_column width=&#8220;2\/3&#8243; el_class=&#8220;pad-lr3&#8243;][vc_column_text&#8230;<\/p>\n","protected":false},"author":9,"featured_media":0,"parent":0,"menu_order":0,"comment_status":"closed","ping_status":"closed","template":"","meta":{"footnotes":""},"class_list":["post-18820","page","type-page","status-publish"],"yoast_head":"<!-- This site is optimized with the Yoast SEO plugin v27.5 - https:\/\/yoast.com\/product\/yoast-seo-wordpress\/ -->\n<title>Innovation - C.M.C. S.r.l.<\/title>\n<meta name=\"robots\" content=\"index, follow, max-snippet:-1, max-image-preview:large, max-video-preview:-1\" \/>\n<link rel=\"canonical\" href=\"https:\/\/www.cmclift.com\/de\/innovation\/\" \/>\n<meta property=\"og:locale\" content=\"de_DE\" \/>\n<meta property=\"og:type\" content=\"article\" \/>\n<meta property=\"og:title\" content=\"Innovation - C.M.C. S.r.l.\" \/>\n<meta property=\"og:description\" content=\"[vc_row full_width=&#8220;stretch_row&#8220; content_placement=&#8220;bottom&#8220; el_class=&#8220;grd altezza&#8220; css=&#8220;.vc_custom_1631029959650{background-image: url(https:\/\/www.cmclift.com\/wp-content\/uploads\/2021\/07\/Hero_innovazione.jpg?id=204) !important;background-position: center !important;background-repeat: no-repeat !important;background-size: cover !important;}&#8220;][vc_column][vc_row_inner][vc_column_inner][vc_column_text el_class=&#8220;a-center bricciole&#8220;][\/vc_column_text][\/vc_column_inner][\/vc_row_inner][\/vc_column][\/vc_row][vc_row el_class=&#8220;tecnologie pad-tb4&#8243;][vc_column width=&#8220;2\/3&#8243; el_class=&#8220;pad-lr3&#8243;][vc_column_text...\" \/>\n<meta property=\"og:url\" content=\"https:\/\/www.cmclift.com\/de\/innovation\/\" \/>\n<meta property=\"og:site_name\" content=\"C.M.C. S.r.l.\" \/>\n<meta property=\"article:modified_time\" content=\"2021-11-09T09:03:24+00:00\" \/>\n<meta name=\"twitter:card\" content=\"summary_large_image\" \/>\n<meta name=\"twitter:label1\" content=\"Gesch\u00e4tzte Lesezeit\" \/>\n\t<meta name=\"twitter:data1\" content=\"2\u00a0Minuten\" \/>\n<script type=\"application\/ld+json\" class=\"yoast-schema-graph\">{\"@context\":\"https:\\\/\\\/schema.org\",\"@graph\":[{\"@type\":\"WebPage\",\"@id\":\"https:\\\/\\\/www.cmclift.com\\\/de\\\/innovation\\\/\",\"url\":\"https:\\\/\\\/www.cmclift.com\\\/de\\\/innovation\\\/\",\"name\":\"Innovation - C.M.C. S.r.l.\",\"isPartOf\":{\"@id\":\"https:\\\/\\\/www.cmclift.com\\\/de\\\/#website\"},\"datePublished\":\"2021-07-12T11:52:21+00:00\",\"dateModified\":\"2021-11-09T09:03:24+00:00\",\"breadcrumb\":{\"@id\":\"https:\\\/\\\/www.cmclift.com\\\/de\\\/innovation\\\/#breadcrumb\"},\"inLanguage\":\"de\",\"potentialAction\":[{\"@type\":\"ReadAction\",\"target\":[\"https:\\\/\\\/www.cmclift.com\\\/de\\\/innovation\\\/\"]}]},{\"@type\":\"BreadcrumbList\",\"@id\":\"https:\\\/\\\/www.cmclift.com\\\/de\\\/innovation\\\/#breadcrumb\",\"itemListElement\":[{\"@type\":\"ListItem\",\"position\":1,\"name\":\"Home\",\"item\":\"https:\\\/\\\/www.cmclift.com\\\/de\\\/\"},{\"@type\":\"ListItem\",\"position\":2,\"name\":\"Innovation\"}]},{\"@type\":\"WebSite\",\"@id\":\"https:\\\/\\\/www.cmclift.com\\\/de\\\/#website\",\"url\":\"https:\\\/\\\/www.cmclift.com\\\/de\\\/\",\"name\":\"C.M.C. S.r.l.\",\"description\":\"Piattaforme aeree semoventi cingolate, ragni, telescopiche e articolate\",\"publisher\":{\"@id\":\"https:\\\/\\\/www.cmclift.com\\\/de\\\/#organization\"},\"potentialAction\":[{\"@type\":\"SearchAction\",\"target\":{\"@type\":\"EntryPoint\",\"urlTemplate\":\"https:\\\/\\\/www.cmclift.com\\\/de\\\/?s={search_term_string}\"},\"query-input\":{\"@type\":\"PropertyValueSpecification\",\"valueRequired\":true,\"valueName\":\"search_term_string\"}}],\"inLanguage\":\"de\"},{\"@type\":\"Organization\",\"@id\":\"https:\\\/\\\/www.cmclift.com\\\/de\\\/#organization\",\"name\":\"CMC Lift\",\"url\":\"https:\\\/\\\/www.cmclift.com\\\/de\\\/\",\"logo\":{\"@type\":\"ImageObject\",\"inLanguage\":\"de\",\"@id\":\"https:\\\/\\\/www.cmclift.com\\\/de\\\/#\\\/schema\\\/logo\\\/image\\\/\",\"url\":\"https:\\\/\\\/www.cmclift.com\\\/wp-content\\\/uploads\\\/2021\\\/08\\\/CMC_bianco_footer-2.png\",\"contentUrl\":\"https:\\\/\\\/www.cmclift.com\\\/wp-content\\\/uploads\\\/2021\\\/08\\\/CMC_bianco_footer-2.png\",\"width\":250,\"height\":84,\"caption\":\"CMC Lift\"},\"image\":{\"@id\":\"https:\\\/\\\/www.cmclift.com\\\/de\\\/#\\\/schema\\\/logo\\\/image\\\/\"}}]}<\/script>\n<!-- \/ Yoast SEO plugin. -->","yoast_head_json":{"title":"Innovation - C.M.C. S.r.l.","robots":{"index":"index","follow":"follow","max-snippet":"max-snippet:-1","max-image-preview":"max-image-preview:large","max-video-preview":"max-video-preview:-1"},"canonical":"https:\/\/www.cmclift.com\/de\/innovation\/","og_locale":"de_DE","og_type":"article","og_title":"Innovation - C.M.C. S.r.l.","og_description":"[vc_row full_width=&#8220;stretch_row&#8220; content_placement=&#8220;bottom&#8220; el_class=&#8220;grd altezza&#8220; css=&#8220;.vc_custom_1631029959650{background-image: url(https:\/\/www.cmclift.com\/wp-content\/uploads\/2021\/07\/Hero_innovazione.jpg?id=204) !important;background-position: center !important;background-repeat: no-repeat !important;background-size: cover !important;}&#8220;][vc_column][vc_row_inner][vc_column_inner][vc_column_text el_class=&#8220;a-center bricciole&#8220;][\/vc_column_text][\/vc_column_inner][\/vc_row_inner][\/vc_column][\/vc_row][vc_row el_class=&#8220;tecnologie pad-tb4&#8243;][vc_column width=&#8220;2\/3&#8243; el_class=&#8220;pad-lr3&#8243;][vc_column_text...","og_url":"https:\/\/www.cmclift.com\/de\/innovation\/","og_site_name":"C.M.C. S.r.l.","article_modified_time":"2021-11-09T09:03:24+00:00","twitter_card":"summary_large_image","twitter_misc":{"Gesch\u00e4tzte Lesezeit":"2\u00a0Minuten"},"schema":{"@context":"https:\/\/schema.org","@graph":[{"@type":"WebPage","@id":"https:\/\/www.cmclift.com\/de\/innovation\/","url":"https:\/\/www.cmclift.com\/de\/innovation\/","name":"Innovation - C.M.C. S.r.l.","isPartOf":{"@id":"https:\/\/www.cmclift.com\/de\/#website"},"datePublished":"2021-07-12T11:52:21+00:00","dateModified":"2021-11-09T09:03:24+00:00","breadcrumb":{"@id":"https:\/\/www.cmclift.com\/de\/innovation\/#breadcrumb"},"inLanguage":"de","potentialAction":[{"@type":"ReadAction","target":["https:\/\/www.cmclift.com\/de\/innovation\/"]}]},{"@type":"BreadcrumbList","@id":"https:\/\/www.cmclift.com\/de\/innovation\/#breadcrumb","itemListElement":[{"@type":"ListItem","position":1,"name":"Home","item":"https:\/\/www.cmclift.com\/de\/"},{"@type":"ListItem","position":2,"name":"Innovation"}]},{"@type":"WebSite","@id":"https:\/\/www.cmclift.com\/de\/#website","url":"https:\/\/www.cmclift.com\/de\/","name":"C.M.C. S.r.l.","description":"Piattaforme aeree semoventi cingolate, ragni, telescopiche e articolate","publisher":{"@id":"https:\/\/www.cmclift.com\/de\/#organization"},"potentialAction":[{"@type":"SearchAction","target":{"@type":"EntryPoint","urlTemplate":"https:\/\/www.cmclift.com\/de\/?s={search_term_string}"},"query-input":{"@type":"PropertyValueSpecification","valueRequired":true,"valueName":"search_term_string"}}],"inLanguage":"de"},{"@type":"Organization","@id":"https:\/\/www.cmclift.com\/de\/#organization","name":"CMC Lift","url":"https:\/\/www.cmclift.com\/de\/","logo":{"@type":"ImageObject","inLanguage":"de","@id":"https:\/\/www.cmclift.com\/de\/#\/schema\/logo\/image\/","url":"https:\/\/www.cmclift.com\/wp-content\/uploads\/2021\/08\/CMC_bianco_footer-2.png","contentUrl":"https:\/\/www.cmclift.com\/wp-content\/uploads\/2021\/08\/CMC_bianco_footer-2.png","width":250,"height":84,"caption":"CMC Lift"},"image":{"@id":"https:\/\/www.cmclift.com\/de\/#\/schema\/logo\/image\/"}}]}},"_links":{"self":[{"href":"https:\/\/www.cmclift.com\/de\/wp-json\/wp\/v2\/pages\/18820","targetHints":{"allow":["GET"]}}],"collection":[{"href":"https:\/\/www.cmclift.com\/de\/wp-json\/wp\/v2\/pages"}],"about":[{"href":"https:\/\/www.cmclift.com\/de\/wp-json\/wp\/v2\/types\/page"}],"author":[{"embeddable":true,"href":"https:\/\/www.cmclift.com\/de\/wp-json\/wp\/v2\/users\/9"}],"replies":[{"embeddable":true,"href":"https:\/\/www.cmclift.com\/de\/wp-json\/wp\/v2\/comments?post=18820"}],"version-history":[{"count":7,"href":"https:\/\/www.cmclift.com\/de\/wp-json\/wp\/v2\/pages\/18820\/revisions"}],"predecessor-version":[{"id":20616,"href":"https:\/\/www.cmclift.com\/de\/wp-json\/wp\/v2\/pages\/18820\/revisions\/20616"}],"wp:attachment":[{"href":"https:\/\/www.cmclift.com\/de\/wp-json\/wp\/v2\/media?parent=18820"}],"curies":[{"name":"wp","href":"https:\/\/api.w.org\/{rel}","templated":true}]}}