{"id":18832,"date":"2021-07-12T15:49:44","date_gmt":"2021-07-12T13:49:44","guid":{"rendered":"https:\/\/stage.cmclift.com\/assistenza\/"},"modified":"2023-05-04T16:21:34","modified_gmt":"2023-05-04T14:21:34","slug":"assistance","status":"publish","type":"page","link":"https:\/\/www.cmclift.com\/de\/assistance\/","title":{"rendered":"Service"},"content":{"rendered":"<div class=\"wpb-content-wrapper\"><p>[vc_row full_width=&#8220;stretch_row&#8220; content_placement=&#8220;bottom&#8220; el_class=&#8220;altezza grd&#8220; css=&#8220;.vc_custom_1631539354542{background-image: url(https:\/\/www.cmclift.com\/wp-content\/uploads\/2021\/07\/Hero_Assistenza.jpg?id=241) !important;background-position: center !important;background-repeat: no-repeat !important;background-size: cover !important;}&#8220;][vc_column][vc_raw_html el_class=&#8220;a-center bricciole&#8220;]JTVCd3BzZW9fYnJlYWRjcnVtYiU1RA==[\/vc_raw_html][\/vc_column][\/vc_row][vc_row el_class=&#8220;pad-lr assistenza&#8220;][vc_column][vc_empty_space][vc_column_text el_class=&#8220;a-center titolo&#8220;]<\/p>\n<h1>Eine L\u00f6sung, die immer<br \/>\nalle Erwartungen erf\u00fcllt<\/h1>\n<p>[\/vc_column_text][vc_empty_space][vc_column_text el_class=&#8220;a-center&#8220;]Die Zufriedenheit unserer Partner und Interessengruppen h\u00e4ngt von unserer F\u00e4higkeit ab, ihre Bed\u00fcrfnisse und Erwartungen nicht nur durch die Qualit\u00e4t unserer Produkte, sondern auch durch die Effizienz unserer Dienstleistungen zu erf\u00fcllen: von der Schulung bis zum Kundendienst, von der Wartung bis zum Ersatzteillager.[\/vc_column_text][vc_empty_space][\/vc_column][\/vc_row][vc_row equal_height=&#8220;yes&#8220; el_class=&#8220;m-auto&#8220;][vc_column width=&#8220;1\/2&#8243; css=&#8220;.vc_custom_1627639946647{background-color: #eff0f0 !important;}&#8220; el_class=&#8220;pad-dx pad-full-4 vc&#8220;][vc_column_text el_class=&#8220;title-de&#8220;]<\/p>\n<h2>Vorteile f\u00fcr<br \/>\ndie Kunden<\/h2>\n<p>[\/vc_column_text][vc_empty_space][vc_column_text el_class=&#8220;icon&#8220;]<\/p>\n<ul>\n<li>Kundendienst<\/li>\n<li>Umfangreiches Netz von Vertragswerkst\u00e4tten in der gesamten Region<\/li>\n<li>Engagierte Fernunterst\u00fctzung<\/li>\n<li>Ersatzteil-Service<\/li>\n<li>Schulungen zur Bedienung, Wartung und Notsteuerung<\/li>\n<\/ul>\n<p>[\/vc_column_text][\/vc_column][vc_column width=&#8220;1\/2&#8243; css=&#8220;.vc_custom_1627639954807{background-color: #eff0f0 !important;}&#8220; el_class=&#8220;pad-sx pad-full-4 vn&#8220;][vc_column_text el_class=&#8220;title-de&#8220;]<\/p>\n<h2>Die Vorteile f\u00fcr Vermietungsunternehmen<\/h2>\n<p>[\/vc_column_text][vc_empty_space][vc_column_text el_class=&#8220;icon&#8220;]<\/p>\n<ul>\n<li>Einfache Wartung<\/li>\n<li>Ersatzteillager 24\/7\/365<\/li>\n<li>Ersatzteil-Verkauf mit Lieferung innerhalb von 24 Stunden<\/li>\n<\/ul>\n<p>[\/vc_column_text][vc_raw_html el_class=&#8220;noleggio&#8220;]JTNDZGl2JTIwY2xhc3MlM0QlMjJjb250YWluZXItZmxleCUyMiUzRSUwQSUzQ2RpdiUyMGNsYXNzJTNEJTIyZmxleC01MCUyMiUzRSUwQSUzQ2g0JTNFVyVDMyVBNGhsZW4lMjBTaWUlMjBDTUMlMjBmJUMzJUJDciUyMElocmUlMjBNaWV0ZmxvdHRlJTNDJTJGaDQlM0UlMEElM0MlMkZkaXYlM0UlMEElM0NkaXYlMjBjbGFzcyUzRCUyMmZsZXgtNTAlMjBhLXJpZ2h0JTIyJTNFJTBBJTNDYSUyMGNsYXNzJTNEJTIyY3RhLXZhaTIlMjBhcnJvdyUyMGRhcmslMjIlMjBocmVmJTNEJTIyJTVCc2l0ZV91cmwlNUQlMkZkZSUyRm1pZXRmbG90dGUlMkYlMjIlM0VNRUhSJTNDJTJGYSUzRSUwQSUzQyUyRmRpdiUzRSUwQSUzQyUyRmRpdiUzRQ==[\/vc_raw_html][\/vc_column][\/vc_row][vc_row el_class=&#8220;formazione&#8220; el_id=&#8220;formazione&#8220;][vc_column][vc_empty_space height=&#8220;100px&#8220; el_class=&#8220;f-space-1&#8243;][vc_column_text el_class=&#8220;a-center&#8220;]<\/p>\n<h2>Qualifizierte Ausbildung<\/h2>\n<p>[\/vc_column_text][vc_empty_space height=&#8220;50px&#8220; el_class=&#8220;f-space-2&#8243;][vc_column_text el_class=&#8220;a-center&#8220;]Die F\u00f6rderung des korrekten und verantwortungsvollen Einsatzes unserer Arbeitsb\u00fchnen ist eines unserer Hauptziele. Unsere Schulungsprogramme f\u00fcr Bediener mobiler Arbeitsb\u00fchnen werden von Ausbildern durchgef\u00fchrt, die von der IPAF (International Powered Access Federation) zugelassen sind &#8211; einer gemeinn\u00fctzigen Organisation, der wir seit vielen Jahren angeh\u00f6ren und in der die meisten Bediener in der Welt der mobilen Arbeitsb\u00fchnen (MEWPs) vertreten sind, darunter Hersteller, Vermietungsunternehmen, H\u00e4ndler, Bauunternehmen und Endnutzer.[\/vc_column_text][vc_empty_space height=&#8220;50px&#8220;][vc_raw_html el_class=&#8220;a-center&#8220;]JTNDYSUyMGNsYXNzJTNEJTIyY3RhJTIwYXJyb3clMjBsb25nJTIwZGFyayUyMiUyMGhyZWYlM0QlMjIlNUJzaXRlX3VybCU1RCUyRmRlJTJGa29udGFrdGUlMkYlMjIlM0VFSU5FJTIwU0NIVUxVTkclMjBCVUNIRU4lM0MlMkZhJTNF[\/vc_raw_html][vc_empty_space height=&#8220;50px&#8220;][\/vc_column][\/vc_row][vc_row css=&#8220;.vc_custom_1627981581787{margin-bottom: 0px !important;background-image: url(https:\/\/www.cmclift.com\/wp-content\/uploads\/2021\/07\/Ricambi.jpg?id=248) !important;background-position: center !important;background-repeat: no-repeat !important;background-size: cover !important;}&#8220; el_class=&#8220;rel grd pad-full-5&#8243; el_id=&#8220;ricambi&#8220;][vc_column][vc_column_text el_class=&#8220;white br-no&#8220;]<\/p>\n<h2>Die Effizienz \u00fcber jede<br \/>\nEntfernung hinweg<\/h2>\n<p>[\/vc_column_text][vc_column_text el_class=&#8220;white&#8220;]Alle CMC-Kunden kennen die Effizienz unserer Unterst\u00fctzung und unseres 24-Stunden-Service. Unsere exklusive Software erm\u00f6glicht es uns, \u00fcber eine Fernverbindung eine vollst\u00e4ndige \u00dcberpr\u00fcfung jeder Arbeitsb\u00fchne vorzunehmen und in Echtzeit einzugreifen, um eventuelle Probleme zu l\u00f6sen. Die Software zur Steuerung der Maschine zu \u00fcberpr\u00fcfen und zu aktualisieren, die Geschwindigkeit der Man\u00f6ver entsprechend den Bed\u00fcrfnissen der Kunden anzupassen, Kalibrierungen und Einstellungen vorzunehmen usw. Die 24\/7\/365-Ersatzteil-Direktleitung erm\u00f6glicht es uns, jede Anfrage innerhalb von 24 Stunden zu bearbeiten und die Wartezeiten zu verk\u00fcrzen.[\/vc_column_text][\/vc_column][\/vc_row][vc_row css=&#8220;.vc_custom_1626185969494{background-color: #eff0f0 !important;}&#8220; el_class=&#8220;pad-full-6&#8243;][vc_column][vc_column_text]<\/p>\n<h5>ERSATZTEILE ANFORDERN<\/h5>\n<p>[\/vc_column_text]\n<div class=\"wpcf7 no-js\" id=\"wpcf7-f18829-o1\" lang=\"de-DE\" dir=\"ltr\" data-wpcf7-id=\"18829\">\n<div class=\"screen-reader-response\"><p role=\"status\" aria-live=\"polite\" aria-atomic=\"true\"><\/p> <ul><\/ul><\/div>\n<form action=\"\/de\/wp-json\/wp\/v2\/pages\/18832#wpcf7-f18829-o1\" method=\"post\" class=\"wpcf7-form init gem-contact-form-white gem-contact-form-simple-line\" aria-label=\"Kontaktformular\" novalidate=\"novalidate\" data-status=\"init\">\n<fieldset class=\"hidden-fields-container\"><legend class=\"screen-reader-text\">Hidden fields<\/legend><input type=\"hidden\" name=\"_wpcf7\" value=\"18829\" \/><input type=\"hidden\" name=\"_wpcf7_version\" value=\"6.1.5\" \/><input type=\"hidden\" name=\"_wpcf7_locale\" value=\"de_DE\" \/><input type=\"hidden\" name=\"_wpcf7_unit_tag\" value=\"wpcf7-f18829-o1\" \/><input type=\"hidden\" name=\"_wpcf7_container_post\" value=\"0\" \/><input type=\"hidden\" name=\"_wpcf7_posted_data_hash\" value=\"\" \/><input type=\"hidden\" name=\"_wpcf7cf_hidden_group_fields\" value=\"[]\" \/><input type=\"hidden\" name=\"_wpcf7cf_hidden_groups\" value=\"[]\" \/><input type=\"hidden\" name=\"_wpcf7cf_visible_groups\" value=\"[]\" \/><input type=\"hidden\" name=\"_wpcf7cf_repeaters\" value=\"[]\" \/><input type=\"hidden\" name=\"_wpcf7cf_steps\" value=\"{}\" \/><input type=\"hidden\" name=\"_wpcf7cf_options\" value=\"{&quot;form_id&quot;:18829,&quot;conditions&quot;:[],&quot;settings&quot;:{&quot;animation&quot;:&quot;yes&quot;,&quot;animation_intime&quot;:200,&quot;animation_outtime&quot;:200,&quot;conditions_ui&quot;:&quot;normal&quot;,&quot;notice_dismissed&quot;:false,&quot;notice_dismissed_rollback-cf7-5.7.4&quot;:true}}\" \/>\n<\/fieldset>\n<div class=\"container-flex\">\n<div class=\"flex-33 pad-r3\">\n<div><span class=\"wpcf7-form-control-wrap\" data-name=\"nome\"><input size=\"40\" maxlength=\"400\" class=\"wpcf7-form-control wpcf7-text wpcf7-validates-as-required\" aria-required=\"true\" aria-invalid=\"false\" placeholder=\"VORNAME\" value=\"\" type=\"text\" name=\"nome\" \/><\/span> <\/div>\n<div><span class=\"wpcf7-form-control-wrap\" data-name=\"cognome\"><input size=\"40\" maxlength=\"400\" class=\"wpcf7-form-control wpcf7-text wpcf7-validates-as-required\" aria-required=\"true\" aria-invalid=\"false\" placeholder=\"NACHNAME\" value=\"\" type=\"text\" name=\"cognome\" \/><\/span> <\/div>\n<div><span class=\"wpcf7-form-control-wrap\" data-name=\"azienda\"><input size=\"40\" maxlength=\"400\" class=\"wpcf7-form-control wpcf7-text wpcf7-validates-as-required\" aria-required=\"true\" aria-invalid=\"false\" placeholder=\"FIRMA\" value=\"\" type=\"text\" name=\"azienda\" \/><\/span> <\/div>\n<div><span class=\"wpcf7-form-control-wrap\" data-name=\"tel-573\"><input size=\"40\" maxlength=\"11\" minlength=\"9\" class=\"wpcf7-form-control wpcf7-tel wpcf7-validates-as-required wpcf7-text wpcf7-validates-as-tel\" aria-required=\"true\" aria-invalid=\"false\" placeholder=\"TELEFON\" value=\"\" type=\"tel\" name=\"tel-573\" \/><\/span><\/div>\n<div class=\"\"><span class=\"wpcf7-form-control-wrap\" data-name=\"email\"><input size=\"40\" maxlength=\"400\" class=\"wpcf7-form-control wpcf7-email wpcf7-validates-as-required wpcf7-text wpcf7-validates-as-email\" aria-required=\"true\" aria-invalid=\"false\" placeholder=\"E-MAIL\" value=\"\" type=\"email\" name=\"email\" \/><\/span> <\/div>\n<\/div>\n<div class=\"flex-33 pad-r3\">\n<div class=\"\"><span class=\"wpcf7-form-control-wrap\" data-name=\"attivita-40\"><input size=\"40\" maxlength=\"400\" class=\"wpcf7-form-control wpcf7-text wpcf7-validates-as-required\" aria-required=\"true\" aria-invalid=\"false\" placeholder=\"AKTIVIT\u00c4T\" value=\"\" type=\"text\" name=\"attivita-40\" \/><\/span><\/div>\n<div><span class=\"wpcf7-form-control-wrap\" data-name=\"indirizzo-40\"><input size=\"40\" maxlength=\"400\" class=\"wpcf7-form-control wpcf7-text wpcf7-validates-as-required\" aria-required=\"true\" aria-invalid=\"false\" placeholder=\"ADRESSE\" value=\"\" type=\"text\" name=\"indirizzo-40\" \/><\/span><\/div>\n<div><span class=\"wpcf7-form-control-wrap\" data-name=\"citta-40\"><input size=\"40\" maxlength=\"400\" class=\"wpcf7-form-control wpcf7-text wpcf7-validates-as-required\" aria-required=\"true\" aria-invalid=\"false\" placeholder=\"STADT\" value=\"\" type=\"text\" name=\"citta-40\" \/><\/span><\/div>\n<div><span class=\"wpcf7-form-control-wrap\" data-name=\"cap-837\"><input class=\"wpcf7-form-control wpcf7-number wpcf7-validates-as-required wpcf7-validates-as-number\" aria-required=\"true\" aria-invalid=\"false\" placeholder=\"PLZ\" value=\"\" type=\"number\" name=\"cap-837\" \/><\/span><\/div>\n<div class=\"\"><span class=\"wpcf7-form-control-wrap\" data-name=\"messaggio\"><textarea cols=\"40\" rows=\"5\" maxlength=\"2000\" class=\"wpcf7-form-control wpcf7-textarea wpcf7-validates-as-required\" aria-required=\"true\" aria-invalid=\"false\" placeholder=\"NACHRICHT\" name=\"messaggio\"><\/textarea><\/span> <\/div>\n<\/div>\n<div class=\"flex-33 rel send\">\n<style type=\"text\/css\">.thegem-button-69ff82c553b347946 .gem-button svg {fill: #505963FF;}.thegem-button-69ff82c553b347946 .gem-button:hover svg {fill: #FFFFFFFF;}<\/style><div class=\"gem-button-container gem-button-position-right thegem-button-69ff82c553b347946\"  ><input class=\"gem-button gem-button-size-medium gem-button-style-outline gem-button-text-weight-normal gem-button-border-1 wpcf7-form-control wpcf7-submit has-spinner gem-button-wpcf-custom\" data-ll-effect=\"drop-right-without-wrap\" style=\"border-radius: 0px;border-color: #505963FF;color: #505963FF;\" onmouseleave=\"this.style.borderColor='#505963FF';this.style.backgroundColor='transparent';this.style.color='#505963FF';\" onmouseenter=\"this.style.backgroundColor='#505963FF';this.style.color='#FFFFFFFF';\" id=\"\" tabindex=\"\" type=\"submit\" value=\"ANFRAGE SENDEN\" \/><\/div> \n<\/div>\n<\/div>\n<div class=\"container-flex\">\n<div class=\"flex-80 pad-tb\"><span class=\"wpcf7-form-control-wrap\" data-name=\"acceptance-158\"><span class=\"wpcf7-form-control wpcf7-acceptance optional\"><span class=\"wpcf7-list-item\"><input type=\"checkbox\" name=\"acceptance-158\" value=\"1\" aria-invalid=\"false\" \/><\/span><\/span><\/span> <span class=\"pp\">Zustimmung zur Datenverarbeitung * Ihre Zustimmung gilt als erteilt, wenn Sie das Kontrollk\u00e4stchen aktiviert lassen. <a href=\"https:\/\/www.cmclift.com\/de\/privacy-policy\/\">Haftungsausschluss f\u00fcr den Datenschutz<\/a><\/span>\n<\/div>\n<div class=\"flex-20\">\n<\/div>\n<\/div><div class=\"wpcf7-response-output\" aria-hidden=\"true\"><\/div>\n<\/form>\n<\/div>\n[\/vc_column][\/vc_row][vc_row][vc_column][vc_empty_space height=&#8220;50px&#8220;][\/vc_column][\/vc_row][vc_row css=&#8220;.vc_custom_1631893468820{padding-right: 4.5% !important;padding-left: 4.5% !important;background-color: #eff0f0 !important;}&#8220;][vc_column][vc_empty_space height=&#8220;50px&#8220;][\/vc_column][vc_column width=&#8220;9\/12&#8243;][vc_column_text]<\/p>\n<h2>Technical service bulletin<\/h2>\n<p>[\/vc_column_text][vc_empty_space height=&#8220;20px&#8220;][vc_column_text el_class=&#8220;br-no&#8220;]Safety Bulletin will provide reminder of proper operation, hazards of<br \/>\nimproper use, and educate on the hazards of Aerial Platforms Spiderlifts.[\/vc_column_text][\/vc_column][vc_column width=&#8220;3\/12&#8243;][vc_raw_html el_class=&#8220;a-right&#8220;]JTNDYSUyMGNsYXNzJTNEJTIyY3RhJTIwYXJyb3clMjBkYXJrJTIyJTIwaHJlZiUzRCUyMmh0dHBzJTNBJTJGJTJGd3d3LmNtY2xpZnQuY29tJTJGZGUlMkZhc3Npc3RhbmNlJTJGc2VydmljZWJ1bGxldGluJTJGJTIyJTNFR08lMjBUTyUyMFRTQiUzQyUyRmElM0U=[\/vc_raw_html][\/vc_column][vc_column][vc_empty_space height=&#8220;100px&#8220;][\/vc_column][\/vc_row][vc_row][vc_column][vc_empty_space height=&#8220;50px&#8220;][\/vc_column][\/vc_row][vc_row css=&#8220;.vc_custom_1627226330139{margin-bottom: 0px !important;background-color: #eff0f0 !important;}&#8220; el_class=&#8220;assistenza&#8220;][vc_column][vc_column_text el_class=&#8220;a-center&#8220;]<\/p>\n<h2>Fernwartung anfordern<\/h2>\n<p>[\/vc_column_text][\/vc_column][\/vc_row][vc_row content_placement=&#8220;middle&#8220; el_class=&#8220;rel grd altezza-2 pad-lr3 assistenza&#8220; css=&#8220;.vc_custom_1627226308331{margin-bottom: 0px !important;background-image: url(https:\/\/www.cmclift.com\/wp-content\/uploads\/2021\/07\/Assistenza.jpg?id=281) !important;background-position: center !important;background-repeat: no-repeat !important;background-size: cover !important;}&#8220;][vc_column][vc_column_text el_class=&#8220;a-center white&#8220;]Durch den Anschluss der Maschine an das Netz erm\u00f6glicht unsere exklusive Software unseren Technikern, aus der Ferne eine vollst\u00e4ndige \u00dcberpr\u00fcfung Ihrer Plattform durchzuf\u00fchren und in Echtzeit einzugreifen, um eventuelle Probleme zu beheben.[\/vc_column_text][\/vc_column][\/vc_row][vc_row css=&#8220;.vc_custom_1626185260249{background-color: #eff0f0 !important;}&#8220;][vc_column][vc_column_text el_class=&#8220;a-center&#8220;]Per Telefon: +39 0805326606 \/ +39 0805326557<br \/>\nPer E-Mail: info@cmclift.com[\/vc_column_text][\/vc_column][\/vc_row][vc_row][vc_column][vc_empty_space height=&#8220;50px&#8220;][\/vc_column][\/vc_row][vc_row disable_element=&#8220;yes&#8220;][vc_column][vc_empty_space height=&#8220;50px&#8220;][\/vc_column][vc_column el_class=&#8220;a-center&#8220;][vc_column_text]<\/p>\n<h2>Wenden Sie sich an eine autorisierte Servicestelle<\/h2>\n<p>[\/vc_column_text][vc_column_text]<span data-sheets-value=\"{&quot;1&quot;:2,&quot;2&quot;:&quot;Um eine direkte Unterst\u00fctzung auf der Plattform anzufordern, klicken Sie auf der Karte auf das Ihnen n\u00e4chstgelegene autorisierte CMC-Servicezentrum und kontaktieren Sie es unter den auf dem entsprechenden Formular angegebenen Kontaktdaten.&quot;}\" data-sheets-userformat=\"{&quot;2&quot;:4989,&quot;3&quot;:{&quot;1&quot;:0},&quot;5&quot;:{&quot;1&quot;:[{&quot;1&quot;:2,&quot;2&quot;:0,&quot;5&quot;:{&quot;1&quot;:2,&quot;2&quot;:0}},{&quot;1&quot;:0,&quot;2&quot;:0,&quot;3&quot;:3},{&quot;1&quot;:1,&quot;2&quot;:0,&quot;4&quot;:1}]},&quot;6&quot;:{&quot;1&quot;:[{&quot;1&quot;:2,&quot;2&quot;:0,&quot;5&quot;:{&quot;1&quot;:2,&quot;2&quot;:0}},{&quot;1&quot;:0,&quot;2&quot;:0,&quot;3&quot;:3},{&quot;1&quot;:1,&quot;2&quot;:0,&quot;4&quot;:1}]},&quot;7&quot;:{&quot;1&quot;:[{&quot;1&quot;:2,&quot;2&quot;:0,&quot;5&quot;:{&quot;1&quot;:2,&quot;2&quot;:0}},{&quot;1&quot;:0,&quot;2&quot;:0,&quot;3&quot;:3},{&quot;1&quot;:1,&quot;2&quot;:0,&quot;4&quot;:1}]},&quot;8&quot;:{&quot;1&quot;:[{&quot;1&quot;:2,&quot;2&quot;:0,&quot;5&quot;:{&quot;1&quot;:2,&quot;2&quot;:0}},{&quot;1&quot;:0,&quot;2&quot;:0,&quot;3&quot;:3},{&quot;1&quot;:1,&quot;2&quot;:0,&quot;4&quot;:1}]},&quot;9&quot;:0,&quot;11&quot;:4,&quot;12&quot;:0,&quot;15&quot;:&quot;Arial&quot;}\">Um eine direkte Unterst\u00fctzung auf der Plattform anzufordern, klicken Sie auf der Karte auf das Ihnen n\u00e4chstgelegene autorisierte CMC-Servicezentrum und kontaktieren Sie es unter den auf dem entsprechenden Formular angegebenen Kontaktdaten.<\/span>[\/vc_column_text][\/vc_column][vc_column][vc_raw_html]JTNDaWZyYW1lJTIwc3JjJTNEJTIyaHR0cHMlM0ElMkYlMkZ3d3cuZ29vZ2xlLmNvbSUyRm1hcHMlMkZkJTJGZW1iZWQlM0ZtaWQlM0QxcllHWU1DQ3RybzB2dHYzd3h0TFF4YjhleVYwakpRZW0lMjZ6JTNENiUyMiUyMHdpZHRoJTNEJTIyMTAwJTI1JTIyJTIwaGVpZ2h0JTNEJTIyMTAwJTI1JTIyJTIwY2xhc3MlM0QlMjJnLW1hcHMlMjIlM0UlM0MlMkZpZnJhbWUlM0U=[\/vc_raw_html][vc_empty_space height=&#8220;50px&#8220;][\/vc_column][\/vc_row][vc_row][vc_column][vc_column_text]<\/p>\n<p>[\/vc_column_text][\/vc_column][\/vc_row][vc_row][vc_column][vc_empty_space height=&#8220;50px&#8220;][\/vc_column][\/vc_row]<\/p>\n<\/div>","protected":false},"excerpt":{"rendered":"<p>[vc_row full_width=&#8220;stretch_row&#8220; content_placement=&#8220;bottom&#8220; el_class=&#8220;altezza grd&#8220; css=&#8220;.vc_custom_1631539354542{background-image: url(https:\/\/www.cmclift.com\/wp-content\/uploads\/2021\/07\/Hero_Assistenza.jpg?id=241) !important;background-position: center !important;background-repeat: no-repeat !important;background-size: cover !important;}&#8220;][vc_column][vc_raw_html el_class=&#8220;a-center bricciole&#8220;]JTVCd3BzZW9fYnJlYWRjcnVtYiU1RA==[\/vc_raw_html][\/vc_column][\/vc_row][vc_row el_class=&#8220;pad-lr assistenza&#8220;][vc_column][vc_empty_space][vc_column_text el_class=&#8220;a-center titolo&#8220;]&#8230;<\/p>\n","protected":false},"author":9,"featured_media":0,"parent":0,"menu_order":0,"comment_status":"closed","ping_status":"closed","template":"","meta":{"footnotes":""},"class_list":["post-18832","page","type-page","status-publish"],"yoast_head":"<!-- This site is optimized with the Yoast SEO plugin v27.5 - https:\/\/yoast.com\/product\/yoast-seo-wordpress\/ -->\n<title>Service - C.M.C. S.r.l.<\/title>\n<meta name=\"robots\" content=\"index, follow, max-snippet:-1, max-image-preview:large, max-video-preview:-1\" \/>\n<link rel=\"canonical\" href=\"https:\/\/www.cmclift.com\/de\/assistance\/\" \/>\n<meta property=\"og:locale\" content=\"de_DE\" \/>\n<meta property=\"og:type\" content=\"article\" \/>\n<meta property=\"og:title\" content=\"Service - C.M.C. S.r.l.\" \/>\n<meta property=\"og:description\" content=\"[vc_row full_width=&#8220;stretch_row&#8220; content_placement=&#8220;bottom&#8220; el_class=&#8220;altezza grd&#8220; css=&#8220;.vc_custom_1631539354542{background-image: url(https:\/\/www.cmclift.com\/wp-content\/uploads\/2021\/07\/Hero_Assistenza.jpg?id=241) !important;background-position: center !important;background-repeat: no-repeat !important;background-size: cover !important;}&#8220;][vc_column][vc_raw_html el_class=&#8220;a-center bricciole&#8220;]JTVCd3BzZW9fYnJlYWRjcnVtYiU1RA==[\/vc_raw_html][\/vc_column][\/vc_row][vc_row el_class=&#8220;pad-lr assistenza&#8220;][vc_column][vc_empty_space][vc_column_text el_class=&#8220;a-center titolo&#8220;]...\" \/>\n<meta property=\"og:url\" content=\"https:\/\/www.cmclift.com\/de\/assistance\/\" \/>\n<meta property=\"og:site_name\" content=\"C.M.C. S.r.l.\" \/>\n<meta property=\"article:modified_time\" content=\"2023-05-04T14:21:34+00:00\" \/>\n<meta name=\"twitter:card\" content=\"summary_large_image\" \/>\n<meta name=\"twitter:label1\" content=\"Gesch\u00e4tzte Lesezeit\" \/>\n\t<meta name=\"twitter:data1\" content=\"3\u00a0Minuten\" \/>\n<script type=\"application\/ld+json\" class=\"yoast-schema-graph\">{\"@context\":\"https:\\\/\\\/schema.org\",\"@graph\":[{\"@type\":\"WebPage\",\"@id\":\"https:\\\/\\\/www.cmclift.com\\\/de\\\/assistance\\\/\",\"url\":\"https:\\\/\\\/www.cmclift.com\\\/de\\\/assistance\\\/\",\"name\":\"Service - C.M.C. S.r.l.\",\"isPartOf\":{\"@id\":\"https:\\\/\\\/www.cmclift.com\\\/de\\\/#website\"},\"datePublished\":\"2021-07-12T13:49:44+00:00\",\"dateModified\":\"2023-05-04T14:21:34+00:00\",\"breadcrumb\":{\"@id\":\"https:\\\/\\\/www.cmclift.com\\\/de\\\/assistance\\\/#breadcrumb\"},\"inLanguage\":\"de\",\"potentialAction\":[{\"@type\":\"ReadAction\",\"target\":[\"https:\\\/\\\/www.cmclift.com\\\/de\\\/assistance\\\/\"]}]},{\"@type\":\"BreadcrumbList\",\"@id\":\"https:\\\/\\\/www.cmclift.com\\\/de\\\/assistance\\\/#breadcrumb\",\"itemListElement\":[{\"@type\":\"ListItem\",\"position\":1,\"name\":\"Home\",\"item\":\"https:\\\/\\\/www.cmclift.com\\\/de\\\/\"},{\"@type\":\"ListItem\",\"position\":2,\"name\":\"Service\"}]},{\"@type\":\"WebSite\",\"@id\":\"https:\\\/\\\/www.cmclift.com\\\/de\\\/#website\",\"url\":\"https:\\\/\\\/www.cmclift.com\\\/de\\\/\",\"name\":\"C.M.C. S.r.l.\",\"description\":\"Piattaforme aeree semoventi cingolate, ragni, telescopiche e articolate\",\"publisher\":{\"@id\":\"https:\\\/\\\/www.cmclift.com\\\/de\\\/#organization\"},\"potentialAction\":[{\"@type\":\"SearchAction\",\"target\":{\"@type\":\"EntryPoint\",\"urlTemplate\":\"https:\\\/\\\/www.cmclift.com\\\/de\\\/?s={search_term_string}\"},\"query-input\":{\"@type\":\"PropertyValueSpecification\",\"valueRequired\":true,\"valueName\":\"search_term_string\"}}],\"inLanguage\":\"de\"},{\"@type\":\"Organization\",\"@id\":\"https:\\\/\\\/www.cmclift.com\\\/de\\\/#organization\",\"name\":\"CMC Lift\",\"url\":\"https:\\\/\\\/www.cmclift.com\\\/de\\\/\",\"logo\":{\"@type\":\"ImageObject\",\"inLanguage\":\"de\",\"@id\":\"https:\\\/\\\/www.cmclift.com\\\/de\\\/#\\\/schema\\\/logo\\\/image\\\/\",\"url\":\"https:\\\/\\\/www.cmclift.com\\\/wp-content\\\/uploads\\\/2021\\\/08\\\/CMC_bianco_footer-2.png\",\"contentUrl\":\"https:\\\/\\\/www.cmclift.com\\\/wp-content\\\/uploads\\\/2021\\\/08\\\/CMC_bianco_footer-2.png\",\"width\":250,\"height\":84,\"caption\":\"CMC Lift\"},\"image\":{\"@id\":\"https:\\\/\\\/www.cmclift.com\\\/de\\\/#\\\/schema\\\/logo\\\/image\\\/\"}}]}<\/script>\n<!-- \/ Yoast SEO plugin. -->","yoast_head_json":{"title":"Service - C.M.C. S.r.l.","robots":{"index":"index","follow":"follow","max-snippet":"max-snippet:-1","max-image-preview":"max-image-preview:large","max-video-preview":"max-video-preview:-1"},"canonical":"https:\/\/www.cmclift.com\/de\/assistance\/","og_locale":"de_DE","og_type":"article","og_title":"Service - C.M.C. S.r.l.","og_description":"[vc_row full_width=&#8220;stretch_row&#8220; content_placement=&#8220;bottom&#8220; el_class=&#8220;altezza grd&#8220; css=&#8220;.vc_custom_1631539354542{background-image: url(https:\/\/www.cmclift.com\/wp-content\/uploads\/2021\/07\/Hero_Assistenza.jpg?id=241) !important;background-position: center !important;background-repeat: no-repeat !important;background-size: cover !important;}&#8220;][vc_column][vc_raw_html el_class=&#8220;a-center bricciole&#8220;]JTVCd3BzZW9fYnJlYWRjcnVtYiU1RA==[\/vc_raw_html][\/vc_column][\/vc_row][vc_row el_class=&#8220;pad-lr assistenza&#8220;][vc_column][vc_empty_space][vc_column_text el_class=&#8220;a-center titolo&#8220;]...","og_url":"https:\/\/www.cmclift.com\/de\/assistance\/","og_site_name":"C.M.C. S.r.l.","article_modified_time":"2023-05-04T14:21:34+00:00","twitter_card":"summary_large_image","twitter_misc":{"Gesch\u00e4tzte Lesezeit":"3\u00a0Minuten"},"schema":{"@context":"https:\/\/schema.org","@graph":[{"@type":"WebPage","@id":"https:\/\/www.cmclift.com\/de\/assistance\/","url":"https:\/\/www.cmclift.com\/de\/assistance\/","name":"Service - C.M.C. S.r.l.","isPartOf":{"@id":"https:\/\/www.cmclift.com\/de\/#website"},"datePublished":"2021-07-12T13:49:44+00:00","dateModified":"2023-05-04T14:21:34+00:00","breadcrumb":{"@id":"https:\/\/www.cmclift.com\/de\/assistance\/#breadcrumb"},"inLanguage":"de","potentialAction":[{"@type":"ReadAction","target":["https:\/\/www.cmclift.com\/de\/assistance\/"]}]},{"@type":"BreadcrumbList","@id":"https:\/\/www.cmclift.com\/de\/assistance\/#breadcrumb","itemListElement":[{"@type":"ListItem","position":1,"name":"Home","item":"https:\/\/www.cmclift.com\/de\/"},{"@type":"ListItem","position":2,"name":"Service"}]},{"@type":"WebSite","@id":"https:\/\/www.cmclift.com\/de\/#website","url":"https:\/\/www.cmclift.com\/de\/","name":"C.M.C. S.r.l.","description":"Piattaforme aeree semoventi cingolate, ragni, telescopiche e articolate","publisher":{"@id":"https:\/\/www.cmclift.com\/de\/#organization"},"potentialAction":[{"@type":"SearchAction","target":{"@type":"EntryPoint","urlTemplate":"https:\/\/www.cmclift.com\/de\/?s={search_term_string}"},"query-input":{"@type":"PropertyValueSpecification","valueRequired":true,"valueName":"search_term_string"}}],"inLanguage":"de"},{"@type":"Organization","@id":"https:\/\/www.cmclift.com\/de\/#organization","name":"CMC Lift","url":"https:\/\/www.cmclift.com\/de\/","logo":{"@type":"ImageObject","inLanguage":"de","@id":"https:\/\/www.cmclift.com\/de\/#\/schema\/logo\/image\/","url":"https:\/\/www.cmclift.com\/wp-content\/uploads\/2021\/08\/CMC_bianco_footer-2.png","contentUrl":"https:\/\/www.cmclift.com\/wp-content\/uploads\/2021\/08\/CMC_bianco_footer-2.png","width":250,"height":84,"caption":"CMC Lift"},"image":{"@id":"https:\/\/www.cmclift.com\/de\/#\/schema\/logo\/image\/"}}]}},"_links":{"self":[{"href":"https:\/\/www.cmclift.com\/de\/wp-json\/wp\/v2\/pages\/18832","targetHints":{"allow":["GET"]}}],"collection":[{"href":"https:\/\/www.cmclift.com\/de\/wp-json\/wp\/v2\/pages"}],"about":[{"href":"https:\/\/www.cmclift.com\/de\/wp-json\/wp\/v2\/types\/page"}],"author":[{"embeddable":true,"href":"https:\/\/www.cmclift.com\/de\/wp-json\/wp\/v2\/users\/9"}],"replies":[{"embeddable":true,"href":"https:\/\/www.cmclift.com\/de\/wp-json\/wp\/v2\/comments?post=18832"}],"version-history":[{"count":12,"href":"https:\/\/www.cmclift.com\/de\/wp-json\/wp\/v2\/pages\/18832\/revisions"}],"predecessor-version":[{"id":33806,"href":"https:\/\/www.cmclift.com\/de\/wp-json\/wp\/v2\/pages\/18832\/revisions\/33806"}],"wp:attachment":[{"href":"https:\/\/www.cmclift.com\/de\/wp-json\/wp\/v2\/media?parent=18832"}],"curies":[{"name":"wp","href":"https:\/\/api.w.org\/{rel}","templated":true}]}}