{"id":21769,"date":"2021-07-13T17:43:12","date_gmt":"2021-07-13T15:43:12","guid":{"rendered":"https:\/\/www.cmclift.com\/noleggiatore\/"},"modified":"2022-01-24T11:59:27","modified_gmt":"2022-01-24T10:59:27","slug":"convertirse-en-fletador","status":"publish","type":"page","link":"https:\/\/www.cmclift.com\/es\/convertirse-en-fletador\/","title":{"rendered":"convertirse en fletador"},"content":{"rendered":"<div class=\"wpb-content-wrapper\"><p>[vc_row full_width=\u00bbstretch_row\u00bb css=\u00bb.vc_custom_1626190190897{background-image: url(https:\/\/www.cmclift.com\/wp-content\/uploads\/2021\/07\/Hero_noleggiatore.jpg?id=299) !important;background-position: center !important;background-repeat: no-repeat !important;background-size: cover !important;}\u00bb el_class=\u00bbaltezza\u00bb][vc_column][\/vc_column][\/vc_row][vc_row][vc_column css=\u00bb.vc_custom_1626190704263{padding-left: 0px !important;}\u00bb][vc_empty_space height=\u00bb50px\u00bb][vc_column_text el_class=\u00bbtitolo\u00bb]<\/p>\n<h1>\u00bfEst\u00e1 interesado en plataformas CMC<br \/>\npara su flota de alquiler?<\/h1>\n<p>[\/vc_column_text][vc_empty_space height=\u00bb10px\u00bb][vc_column_text]Una excelente elecci\u00f3n por muchas buenas razones: desde la alta calidad Made in Italy hasta los precios conformes; desde la amplia gama de modelos hasta la alta posibilidad de personalizaci\u00f3n; desde la asistencia t\u00e9cnica 24-7-365 hasta la disponibilidad constante de piezas de repuesto; desde las certificaciones de producto hasta la formaci\u00f3n cualificada. Para descubrirlas todas, rellene y env\u00edenos el siguiente formulario.[\/vc_column_text][vc_empty_space height=\u00bb50px\u00bb][\/vc_column][\/vc_row][vc_row css=\u00bb.vc_custom_1626190616245{background-color: #eff0f0 !important;}\u00bb el_class=\u00bbpad-full-3&#8243;][vc_column][vc_column_text el_class=\u00bblarge\u00bb]D\u00e9jenos sus datos y solicite informaci\u00f3n, ser\u00e1 contactado lo antes posible[\/vc_column_text]\n<div class=\"wpcf7 no-js\" id=\"wpcf7-f21767-o1\" lang=\"es-ES\" dir=\"ltr\" data-wpcf7-id=\"21767\">\n<div class=\"screen-reader-response\"><p role=\"status\" aria-live=\"polite\" aria-atomic=\"true\"><\/p> <ul><\/ul><\/div>\n<form action=\"\/es\/wp-json\/wp\/v2\/pages\/21769#wpcf7-f21767-o1\" method=\"post\" class=\"wpcf7-form init gem-contact-form-white gem-contact-form-simple-line\" aria-label=\"Formulario de contacto\" novalidate=\"novalidate\" data-status=\"init\">\n<fieldset class=\"hidden-fields-container\"><legend class=\"screen-reader-text\">Hidden fields<\/legend><input type=\"hidden\" name=\"_wpcf7\" value=\"21767\" \/><input type=\"hidden\" name=\"_wpcf7_version\" value=\"6.1.5\" \/><input type=\"hidden\" name=\"_wpcf7_locale\" value=\"es_ES\" \/><input type=\"hidden\" name=\"_wpcf7_unit_tag\" value=\"wpcf7-f21767-o1\" \/><input type=\"hidden\" name=\"_wpcf7_container_post\" value=\"0\" \/><input type=\"hidden\" name=\"_wpcf7_posted_data_hash\" value=\"\" \/><input type=\"hidden\" name=\"_wpcf7cf_hidden_group_fields\" value=\"[]\" \/><input type=\"hidden\" name=\"_wpcf7cf_hidden_groups\" value=\"[]\" \/><input type=\"hidden\" name=\"_wpcf7cf_visible_groups\" value=\"[]\" \/><input type=\"hidden\" name=\"_wpcf7cf_repeaters\" value=\"[]\" \/><input type=\"hidden\" name=\"_wpcf7cf_steps\" value=\"{}\" \/><input type=\"hidden\" name=\"_wpcf7cf_options\" value=\"{&quot;form_id&quot;:21767,&quot;conditions&quot;:[],&quot;settings&quot;:{&quot;animation&quot;:&quot;yes&quot;,&quot;animation_intime&quot;:200,&quot;animation_outtime&quot;:200,&quot;conditions_ui&quot;:&quot;normal&quot;,&quot;notice_dismissed&quot;:false,&quot;notice_dismissed_rollback-cf7-5.7.4&quot;:true}}\" \/>\n<\/fieldset>\n<div class=\"container-flex\">\n<div class=\"flex-50 pad-r\">\n<div><span class=\"wpcf7-form-control-wrap\" data-name=\"nome\"><input size=\"40\" maxlength=\"400\" class=\"wpcf7-form-control wpcf7-text wpcf7-validates-as-required\" aria-required=\"true\" aria-invalid=\"false\" placeholder=\"NOMBRE\" value=\"\" type=\"text\" name=\"nome\" \/><\/span> <\/div>\n<div><span class=\"wpcf7-form-control-wrap\" data-name=\"cognome\"><input size=\"40\" maxlength=\"400\" class=\"wpcf7-form-control wpcf7-text wpcf7-validates-as-required\" aria-required=\"true\" aria-invalid=\"false\" placeholder=\"APELLIDO\" value=\"\" type=\"text\" name=\"cognome\" \/><\/span> <\/div>\n<div><span class=\"wpcf7-form-control-wrap\" data-name=\"azienda\"><input size=\"40\" maxlength=\"400\" class=\"wpcf7-form-control wpcf7-text wpcf7-validates-as-required\" aria-required=\"true\" aria-invalid=\"false\" placeholder=\"EMPRESA\" value=\"\" type=\"text\" name=\"azienda\" \/><\/span> <\/div>\n<div><span class=\"wpcf7-form-control-wrap\" data-name=\"tel-573\"><input size=\"40\" maxlength=\"11\" minlength=\"9\" class=\"wpcf7-form-control wpcf7-tel wpcf7-validates-as-required wpcf7-text wpcf7-validates-as-tel\" aria-required=\"true\" aria-invalid=\"false\" placeholder=\"TEL\u00c9FONO\" value=\"\" type=\"tel\" name=\"tel-573\" \/><\/span><\/div>\n<div class=\"\"><span class=\"wpcf7-form-control-wrap\" data-name=\"email\"><input size=\"40\" maxlength=\"400\" class=\"wpcf7-form-control wpcf7-email wpcf7-validates-as-required wpcf7-text wpcf7-validates-as-email\" aria-required=\"true\" aria-invalid=\"false\" placeholder=\"CORREO ELECTR\u00d3NICO\" value=\"\" type=\"email\" name=\"email\" \/><\/span> <\/div>\n<\/div>\n<div class=\"flex-50 pad-l\">\n<div class=\"\"><span class=\"wpcf7-form-control-wrap\" data-name=\"attivita-40\"><input size=\"40\" maxlength=\"400\" class=\"wpcf7-form-control wpcf7-text wpcf7-validates-as-required\" aria-required=\"true\" aria-invalid=\"false\" placeholder=\"ACTIVIDAD\" value=\"\" type=\"text\" name=\"attivita-40\" \/><\/span><\/div>\n<div><span class=\"wpcf7-form-control-wrap\" data-name=\"indirizzo-40\"><input size=\"40\" maxlength=\"400\" class=\"wpcf7-form-control wpcf7-text wpcf7-validates-as-required\" aria-required=\"true\" aria-invalid=\"false\" placeholder=\"DIRECCI\u00d3N\" value=\"\" type=\"text\" name=\"indirizzo-40\" \/><\/span><\/div>\n<div><span class=\"wpcf7-form-control-wrap\" data-name=\"citta-40\"><input size=\"40\" maxlength=\"400\" class=\"wpcf7-form-control wpcf7-text wpcf7-validates-as-required\" aria-required=\"true\" aria-invalid=\"false\" placeholder=\"CIUDAD\" value=\"\" type=\"text\" name=\"citta-40\" \/><\/span><\/div>\n<div><span class=\"wpcf7-form-control-wrap\" data-name=\"cap-837\"><input class=\"wpcf7-form-control wpcf7-number wpcf7-validates-as-required wpcf7-validates-as-number\" aria-required=\"true\" aria-invalid=\"false\" placeholder=\"C\u00d3DIGO POSTAL\" value=\"\" type=\"number\" name=\"cap-837\" \/><\/span><\/div>\n<div class=\"\"><span class=\"wpcf7-form-control-wrap\" data-name=\"messaggio\"><textarea cols=\"40\" rows=\"5\" maxlength=\"2000\" class=\"wpcf7-form-control wpcf7-textarea wpcf7-validates-as-required\" aria-required=\"true\" aria-invalid=\"false\" placeholder=\"MENSAJE\" name=\"messaggio\"><\/textarea><\/span> <\/div>\n<\/div>\n<\/div>\n<div class=\"container-flex\">\n<div class=\"flex-100 pad-tb\"><span class=\"wpcf7-form-control-wrap\" data-name=\"acceptance-158\"><span class=\"wpcf7-form-control wpcf7-acceptance optional\"><span class=\"wpcf7-list-item\"><input type=\"checkbox\" name=\"acceptance-158\" value=\"1\" aria-invalid=\"false\" \/><\/span><\/span><\/span> <span class=\"pp\">Al hacer \u201cclick\u201d en la casilla sobre la <a href=\"https:\/\/www.cmclift.com\/privacy-policy\/\">pol\u00edtica de privacidad <\/a>usted autoriza el tratamiento de sus datos.<\/span>\n<\/div>\n<\/div>\n<div class=\"container-flex\">\n<div class=\"flex-100\">\n<style type=\"text\/css\">.thegem-button-69e155a912eb94993 .gem-button svg {fill: #505963FF;}.thegem-button-69e155a912eb94993 .gem-button:hover svg {fill: #FFFFFFFF;}<\/style><div class=\"gem-button-container gem-button-position-right thegem-button-69e155a912eb94993\"  ><input class=\"gem-button gem-button-size-medium gem-button-style-outline gem-button-text-weight-normal gem-button-border-1 wpcf7-form-control wpcf7-submit has-spinner gem-button-wpcf-custom\" data-ll-effect=\"drop-right-without-wrap\" style=\"border-radius: 0px;border-color: #505963FF;color: #505963FF;\" onmouseleave=\"this.style.borderColor='#505963FF';this.style.backgroundColor='transparent';this.style.color='#505963FF';\" onmouseenter=\"this.style.backgroundColor='#505963FF';this.style.color='#FFFFFFFF';\" id=\"\" tabindex=\"\" type=\"submit\" value=\"ENVIAR SOLICITUD\" \/><\/div> \n<\/div>\n<\/div><div class=\"wpcf7-response-output\" aria-hidden=\"true\"><\/div>\n<\/form>\n<\/div>\n[\/vc_column][\/vc_row][vc_row][vc_column css=\u00bb.vc_custom_1626190710684{padding-left: 0px !important;}\u00bb][vc_empty_space height=\u00bb150px\u00bb][\/vc_column][\/vc_row]<\/p>\n<\/div>","protected":false},"excerpt":{"rendered":"<p>[vc_row full_width=\u00bbstretch_row\u00bb css=\u00bb.vc_custom_1626190190897{background-image: url(https:\/\/www.cmclift.com\/wp-content\/uploads\/2021\/07\/Hero_noleggiatore.jpg?id=299) !important;background-position: center !important;background-repeat: no-repeat !important;background-size: cover !important;}\u00bb el_class=\u00bbaltezza\u00bb][vc_column][\/vc_column][\/vc_row][vc_row][vc_column css=\u00bb.vc_custom_1626190704263{padding-left: 0px !important;}\u00bb][vc_empty_space height=\u00bb50px\u00bb][vc_column_text el_class=\u00bbtitolo\u00bb] \u00bfEst\u00e1 interesado en&#8230;<\/p>\n","protected":false},"author":9,"featured_media":0,"parent":0,"menu_order":0,"comment_status":"closed","ping_status":"closed","template":"","meta":{"footnotes":""},"class_list":["post-21769","page","type-page","status-publish"],"yoast_head":"<!-- This site is optimized with the Yoast SEO plugin v27.4 - https:\/\/yoast.com\/product\/yoast-seo-wordpress\/ -->\n<title>\u00bfEst\u00e1 interesado en plataformas CMC para su flota de alquiler? - C.M.C. S.r.l.<\/title>\n<meta name=\"robots\" content=\"index, follow, max-snippet:-1, max-image-preview:large, max-video-preview:-1\" \/>\n<link rel=\"canonical\" href=\"https:\/\/www.cmclift.com\/es\/convertirse-en-fletador\/\" \/>\n<meta property=\"og:locale\" content=\"es_ES\" \/>\n<meta property=\"og:type\" content=\"article\" \/>\n<meta property=\"og:title\" content=\"\u00bfEst\u00e1 interesado en plataformas CMC para su flota de alquiler? - C.M.C. S.r.l.\" \/>\n<meta property=\"og:description\" content=\"[vc_row full_width=\u00bbstretch_row\u00bb css=\u00bb.vc_custom_1626190190897{background-image: url(https:\/\/www.cmclift.com\/wp-content\/uploads\/2021\/07\/Hero_noleggiatore.jpg?id=299) !important;background-position: center !important;background-repeat: no-repeat !important;background-size: cover !important;}\u00bb el_class=\u00bbaltezza\u00bb][vc_column][\/vc_column][\/vc_row][vc_row][vc_column css=\u00bb.vc_custom_1626190704263{padding-left: 0px !important;}\u00bb][vc_empty_space height=\u00bb50px\u00bb][vc_column_text el_class=\u00bbtitolo\u00bb] \u00bfEst\u00e1 interesado en...\" \/>\n<meta property=\"og:url\" content=\"https:\/\/www.cmclift.com\/es\/convertirse-en-fletador\/\" \/>\n<meta property=\"og:site_name\" content=\"C.M.C. S.r.l.\" \/>\n<meta property=\"article:modified_time\" content=\"2022-01-24T10:59:27+00:00\" \/>\n<meta name=\"twitter:card\" content=\"summary_large_image\" \/>\n<meta name=\"twitter:label1\" content=\"Tiempo de lectura\" \/>\n\t<meta name=\"twitter:data1\" content=\"1 minuto\" \/>\n<script type=\"application\/ld+json\" class=\"yoast-schema-graph\">{\"@context\":\"https:\\\/\\\/schema.org\",\"@graph\":[{\"@type\":\"WebPage\",\"@id\":\"https:\\\/\\\/www.cmclift.com\\\/es\\\/convertirse-en-fletador\\\/\",\"url\":\"https:\\\/\\\/www.cmclift.com\\\/es\\\/convertirse-en-fletador\\\/\",\"name\":\"\u00bfEst\u00e1 interesado en plataformas CMC para su flota de alquiler? - C.M.C. S.r.l.\",\"isPartOf\":{\"@id\":\"https:\\\/\\\/www.cmclift.com\\\/es\\\/#website\"},\"datePublished\":\"2021-07-13T15:43:12+00:00\",\"dateModified\":\"2022-01-24T10:59:27+00:00\",\"breadcrumb\":{\"@id\":\"https:\\\/\\\/www.cmclift.com\\\/es\\\/convertirse-en-fletador\\\/#breadcrumb\"},\"inLanguage\":\"es\",\"potentialAction\":[{\"@type\":\"ReadAction\",\"target\":[\"https:\\\/\\\/www.cmclift.com\\\/es\\\/convertirse-en-fletador\\\/\"]}]},{\"@type\":\"BreadcrumbList\",\"@id\":\"https:\\\/\\\/www.cmclift.com\\\/es\\\/convertirse-en-fletador\\\/#breadcrumb\",\"itemListElement\":[{\"@type\":\"ListItem\",\"position\":1,\"name\":\"Home\",\"item\":\"https:\\\/\\\/www.cmclift.com\\\/es\\\/\"},{\"@type\":\"ListItem\",\"position\":2,\"name\":\"convertirse en fletador\"}]},{\"@type\":\"WebSite\",\"@id\":\"https:\\\/\\\/www.cmclift.com\\\/es\\\/#website\",\"url\":\"https:\\\/\\\/www.cmclift.com\\\/es\\\/\",\"name\":\"C.M.C. S.r.l.\",\"description\":\"Piattaforme aeree semoventi cingolate, ragni, telescopiche e articolate\",\"publisher\":{\"@id\":\"https:\\\/\\\/www.cmclift.com\\\/es\\\/#organization\"},\"potentialAction\":[{\"@type\":\"SearchAction\",\"target\":{\"@type\":\"EntryPoint\",\"urlTemplate\":\"https:\\\/\\\/www.cmclift.com\\\/es\\\/?s={search_term_string}\"},\"query-input\":{\"@type\":\"PropertyValueSpecification\",\"valueRequired\":true,\"valueName\":\"search_term_string\"}}],\"inLanguage\":\"es\"},{\"@type\":\"Organization\",\"@id\":\"https:\\\/\\\/www.cmclift.com\\\/es\\\/#organization\",\"name\":\"CMC Lift\",\"url\":\"https:\\\/\\\/www.cmclift.com\\\/es\\\/\",\"logo\":{\"@type\":\"ImageObject\",\"inLanguage\":\"es\",\"@id\":\"https:\\\/\\\/www.cmclift.com\\\/es\\\/#\\\/schema\\\/logo\\\/image\\\/\",\"url\":\"https:\\\/\\\/www.cmclift.com\\\/wp-content\\\/uploads\\\/2021\\\/08\\\/CMC_bianco_footer-2.png\",\"contentUrl\":\"https:\\\/\\\/www.cmclift.com\\\/wp-content\\\/uploads\\\/2021\\\/08\\\/CMC_bianco_footer-2.png\",\"width\":250,\"height\":84,\"caption\":\"CMC Lift\"},\"image\":{\"@id\":\"https:\\\/\\\/www.cmclift.com\\\/es\\\/#\\\/schema\\\/logo\\\/image\\\/\"}}]}<\/script>\n<!-- \/ Yoast SEO plugin. -->","yoast_head_json":{"title":"\u00bfEst\u00e1 interesado en plataformas CMC para su flota de alquiler? - C.M.C. S.r.l.","robots":{"index":"index","follow":"follow","max-snippet":"max-snippet:-1","max-image-preview":"max-image-preview:large","max-video-preview":"max-video-preview:-1"},"canonical":"https:\/\/www.cmclift.com\/es\/convertirse-en-fletador\/","og_locale":"es_ES","og_type":"article","og_title":"\u00bfEst\u00e1 interesado en plataformas CMC para su flota de alquiler? - C.M.C. S.r.l.","og_description":"[vc_row full_width=\u00bbstretch_row\u00bb css=\u00bb.vc_custom_1626190190897{background-image: url(https:\/\/www.cmclift.com\/wp-content\/uploads\/2021\/07\/Hero_noleggiatore.jpg?id=299) !important;background-position: center !important;background-repeat: no-repeat !important;background-size: cover !important;}\u00bb el_class=\u00bbaltezza\u00bb][vc_column][\/vc_column][\/vc_row][vc_row][vc_column css=\u00bb.vc_custom_1626190704263{padding-left: 0px !important;}\u00bb][vc_empty_space height=\u00bb50px\u00bb][vc_column_text el_class=\u00bbtitolo\u00bb] \u00bfEst\u00e1 interesado en...","og_url":"https:\/\/www.cmclift.com\/es\/convertirse-en-fletador\/","og_site_name":"C.M.C. S.r.l.","article_modified_time":"2022-01-24T10:59:27+00:00","twitter_card":"summary_large_image","twitter_misc":{"Tiempo de lectura":"1 minuto"},"schema":{"@context":"https:\/\/schema.org","@graph":[{"@type":"WebPage","@id":"https:\/\/www.cmclift.com\/es\/convertirse-en-fletador\/","url":"https:\/\/www.cmclift.com\/es\/convertirse-en-fletador\/","name":"\u00bfEst\u00e1 interesado en plataformas CMC para su flota de alquiler? - C.M.C. S.r.l.","isPartOf":{"@id":"https:\/\/www.cmclift.com\/es\/#website"},"datePublished":"2021-07-13T15:43:12+00:00","dateModified":"2022-01-24T10:59:27+00:00","breadcrumb":{"@id":"https:\/\/www.cmclift.com\/es\/convertirse-en-fletador\/#breadcrumb"},"inLanguage":"es","potentialAction":[{"@type":"ReadAction","target":["https:\/\/www.cmclift.com\/es\/convertirse-en-fletador\/"]}]},{"@type":"BreadcrumbList","@id":"https:\/\/www.cmclift.com\/es\/convertirse-en-fletador\/#breadcrumb","itemListElement":[{"@type":"ListItem","position":1,"name":"Home","item":"https:\/\/www.cmclift.com\/es\/"},{"@type":"ListItem","position":2,"name":"convertirse en fletador"}]},{"@type":"WebSite","@id":"https:\/\/www.cmclift.com\/es\/#website","url":"https:\/\/www.cmclift.com\/es\/","name":"C.M.C. S.r.l.","description":"Piattaforme aeree semoventi cingolate, ragni, telescopiche e articolate","publisher":{"@id":"https:\/\/www.cmclift.com\/es\/#organization"},"potentialAction":[{"@type":"SearchAction","target":{"@type":"EntryPoint","urlTemplate":"https:\/\/www.cmclift.com\/es\/?s={search_term_string}"},"query-input":{"@type":"PropertyValueSpecification","valueRequired":true,"valueName":"search_term_string"}}],"inLanguage":"es"},{"@type":"Organization","@id":"https:\/\/www.cmclift.com\/es\/#organization","name":"CMC Lift","url":"https:\/\/www.cmclift.com\/es\/","logo":{"@type":"ImageObject","inLanguage":"es","@id":"https:\/\/www.cmclift.com\/es\/#\/schema\/logo\/image\/","url":"https:\/\/www.cmclift.com\/wp-content\/uploads\/2021\/08\/CMC_bianco_footer-2.png","contentUrl":"https:\/\/www.cmclift.com\/wp-content\/uploads\/2021\/08\/CMC_bianco_footer-2.png","width":250,"height":84,"caption":"CMC Lift"},"image":{"@id":"https:\/\/www.cmclift.com\/es\/#\/schema\/logo\/image\/"}}]}},"_links":{"self":[{"href":"https:\/\/www.cmclift.com\/es\/wp-json\/wp\/v2\/pages\/21769","targetHints":{"allow":["GET"]}}],"collection":[{"href":"https:\/\/www.cmclift.com\/es\/wp-json\/wp\/v2\/pages"}],"about":[{"href":"https:\/\/www.cmclift.com\/es\/wp-json\/wp\/v2\/types\/page"}],"author":[{"embeddable":true,"href":"https:\/\/www.cmclift.com\/es\/wp-json\/wp\/v2\/users\/9"}],"replies":[{"embeddable":true,"href":"https:\/\/www.cmclift.com\/es\/wp-json\/wp\/v2\/comments?post=21769"}],"version-history":[{"count":3,"href":"https:\/\/www.cmclift.com\/es\/wp-json\/wp\/v2\/pages\/21769\/revisions"}],"predecessor-version":[{"id":21772,"href":"https:\/\/www.cmclift.com\/es\/wp-json\/wp\/v2\/pages\/21769\/revisions\/21772"}],"wp:attachment":[{"href":"https:\/\/www.cmclift.com\/es\/wp-json\/wp\/v2\/media?parent=21769"}],"curies":[{"name":"wp","href":"https:\/\/api.w.org\/{rel}","templated":true}]}}