{"id":21774,"date":"2021-07-14T12:15:52","date_gmt":"2021-07-14T10:15:52","guid":{"rendered":"https:\/\/www.cmclift.com\/prodotti\/"},"modified":"2024-09-13T16:04:34","modified_gmt":"2024-09-13T14:04:34","slug":"productos","status":"publish","type":"page","link":"https:\/\/www.cmclift.com\/es\/productos\/","title":{"rendered":"Productos"},"content":{"rendered":"<div class=\"wpb-content-wrapper\"><p>[vc_row full_width=\u00bbstretch_row\u00bb full_height=\u00bbyes\u00bb css=\u00bb.vc_custom_1627371873671{background-image: url(https:\/\/www.cmclift.com\/wp-content\/uploads\/2021\/07\/Hero_prodotti.jpg?id=329) !important;background-position: center !important;background-repeat: no-repeat !important;background-size: cover !important;}\u00bb el_class=\u00bbgrd hero pad-r pad-t1&#8243; el_id=\u00bbhero-prodotti\u00bb][vc_column][vc_raw_html el_class=\u00bbbricciole\u00bb]JTVCd3BzZW9fYnJlYWRjcnVtYiU1RA==[\/vc_raw_html][vc_column_text css=\u00bb\u00bb el_class=\u00bbwhite\u00bb]<span class=\"title-h2\">Las plataformas elevadoras sobre orugas de CMC<\/span><\/p>\n<h1>Seis familias de altas prestaciones<\/h1>\n<p>Seis familias diferentes de plataformas a\u00e9reas de tipo ara\u00f1a, dise\u00f1adas para satisfacer las necesidades espec\u00edficas de los usuarios[\/vc_column_text][vc_empty_space height=\u00bb50px\u00bb][vc_raw_html]JTNDYSUyMGNsYXNzJTNEJTIyY3RhJTIwYXJyb3clMjBsb25nJTIwZGFyayUyMiUyMGhyZWYlM0QlMjIlNUJzaXRlX3VybCU1RCUyRmVzJTJGYnVzY2Fkb3ItZGUtcHJvZHVjdG9zJTJGJTIyJTNFQlVTQ0FET1IlMjBERSUyMFBST0RVQ1RPUyUyMCUzQyUyRmElM0U=[\/vc_raw_html][\/vc_column][\/vc_row][vc_row el_class=\u00bbprodotti\u00bb][vc_column][vc_column_text el_class=\u00bba-center\u00bb]<\/p>\n<h2>Gama de 13 a 41 metros<\/h2>\n<p>[\/vc_column_text][vc_empty_space][vc_tta_tabs active_section=\u00bb1&#8243; el_class=\u00bbtabber\u00bb][vc_tta_section title=\u00bbSerie F\u00bb tab_id=\u00bb1626256364715-07c8e11c-377a\u00bb][vc_row_inner equal_height=\u00bbyes\u00bb content_placement=\u00bbmiddle\u00bb][vc_column_inner width=\u00bb1\/3&#8243; css=\u00bb.vc_custom_1627399220647{padding-right: 0px !important;padding-left: 0px !important;}\u00bb][vc_empty_space][vc_column_text]<\/p>\n<h3>Full Hydraulic<\/h3>\n<p>[\/vc_column_text][vc_column_text]Tres plataformas elevadoras sobre orugas totalmente hidr\u00e1ulicas que combinan eficiencia con una total facilidad de uso y mantenimiento.[\/vc_column_text][\/vc_column_inner][vc_column_inner width=\u00bb2\/3&#8243; css=\u00bb.vc_custom_1626259204725{padding-right: 0px !important;padding-left: 0px !important;}\u00bb][vc_single_image image=\u00bb22334&#8243; img_size=\u00bb923&#215;711&#8243; css=\u00bb\u00bb][\/vc_column_inner][vc_column_inner css=\u00bb.vc_custom_1626259210696{padding-right: 0px !important;padding-left: 0px !important;}\u00bb][vc_raw_html css=\u00bb\u00bb el_class=\u00bbabs\u00bb]JTNDYSUyMGNsYXNzJTNEJTIyY3RhJTIwYmctZGFyayUyMiUyMGhyZWYlM0QlMjIlNUJzaF91cmxfcGRmX2NhdF9wYWclMjB0ZXJtX2lkJTNEJTI3MTYxJTI3JTIwY2FtcG9faWQlM0QlMjdzaF9jY3BfdXJsX2N0YV9jYXRhbG9nbyUyNyU1RCUyMiUzRURFU0NBUkdBUiUyMEVMJTIwQ0FUJUMzJTgxTE9HTyUzQyUyRmElM0UlMEElM0NkaXYlMjBzdHlsZSUzRCUyMmhlaWdodCUzQTdweCUzQiUyMiUzRSUzQyUyRmRpdiUzRSUwQSUzQ2ElMjBjbGFzcyUzRCUyMmN0YSUyMGRhcmslMjBhcnJvdyUyMGxvbmclMjIlMjBocmVmJTNEJTIyaHR0cHMlM0ElMkYlMkZ3d3cuY21jbGlmdC5jb20lMkZlcyUyRmNhdGVnb3JpYS1wcm9kdWN0b3MlMkZzZXJpZS1mJTJGJTIyJTNFREVTQ1VCUkElM0MlMkZhJTNF[\/vc_raw_html][\/vc_column_inner][\/vc_row_inner][\/vc_tta_section][vc_tta_section title=\u00bbSerie HD\u00bb tab_id=\u00bb1626262498780-a1ce5d1b-eb51&#8243;][vc_row_inner equal_height=\u00bbyes\u00bb content_placement=\u00bbmiddle\u00bb][vc_column_inner width=\u00bb1\/3&#8243; css=\u00bb.vc_custom_1627399638983{padding-right: 0px !important;padding-left: 0px !important;}\u00bb][vc_empty_space][vc_column_text]<\/p>\n<h3>Heavy Duty<\/h3>\n<p>[\/vc_column_text][vc_column_text]Estas plataformas de tipo ara\u00f1a son aptas para todos los usos, incluso los m\u00e1s pesados. Ofrecen m\u00e1xima agilidad de la parte a\u00e9rea y robustez del carro.[\/vc_column_text][\/vc_column_inner][vc_column_inner width=\u00bb2\/3&#8243; css=\u00bb.vc_custom_1626259204725{padding-right: 0px !important;padding-left: 0px !important;}\u00bb][vc_single_image image=\u00bb21777&#8243; img_size=\u00bb923&#215;711&#8243;][\/vc_column_inner][vc_column_inner css=\u00bb.vc_custom_1626259210696{padding-right: 0px !important;padding-left: 0px !important;}\u00bb][vc_raw_html css=\u00bb\u00bb el_class=\u00bbabs\u00bb]JTNDYSUyMGNsYXNzJTNEJTIyY3RhJTIwYmctZGFyayUyMiUyMGhyZWYlM0QlMjIlNUJzaF91cmxfcGRmX2NhdF9wYWclMjB0ZXJtX2lkJTNEJTI3MTYyJTI3JTIwY2FtcG9faWQlM0QlMjdzaF9jY3BfdXJsX2N0YV9jYXRhbG9nbyUyNyU1RCUyMiUyMHRhcmdldCUzRCUyMl9ibGFuayUyMiUzRURFU0NBUkdBUiUyMEVMJTIwQ0FUJUMzJTgxTE9HTyUzQyUyRmElM0UlMEElM0NkaXYlMjBzdHlsZSUzRCUyMmhlaWdodCUzQTdweCUzQiUyMiUzRSUzQyUyRmRpdiUzRSUwQSUzQ2ElMjBjbGFzcyUzRCUyMmN0YSUyMGRhcmslMjBhcnJvdyUyMGxvbmclMjIlMjBocmVmJTNEJTIyaHR0cHMlM0ElMkYlMkZ3d3cuY21jbGlmdC5jb20lMkZlcyUyRmNhdGVnb3JpYS1wcm9kdWN0b3MlMkZzZXJpZS1oZCUyRiUyMiUzRURFU0NVQlJBJTNDJTJGYSUzRQ==[\/vc_raw_html][\/vc_column_inner][\/vc_row_inner][\/vc_tta_section][vc_tta_section title=\u00bbSerie LC\u00bb tab_id=\u00bb1626262497931-f42b6037-65e1&#8243;][vc_row_inner equal_height=\u00bbyes\u00bb content_placement=\u00bbmiddle\u00bb][vc_column_inner width=\u00bb1\/3&#8243; css=\u00bb.vc_custom_1627399630638{padding-right: 0px !important;padding-left: 0px !important;}\u00bb][vc_empty_space][vc_column_text]<\/p>\n<h3>Light and Compact<\/h3>\n<p>[\/vc_column_text][vc_column_text]Cuatro plataformas a\u00e9reas dise\u00f1adas para llegar a cualquier parte gracias a su tama\u00f1o y peso reducidos.[\/vc_column_text][\/vc_column_inner][vc_column_inner width=\u00bb2\/3&#8243; css=\u00bb.vc_custom_1626259204725{padding-right: 0px !important;padding-left: 0px !important;}\u00bb][vc_single_image image=\u00bb21779&#8243; img_size=\u00bb923&#215;711&#8243;][\/vc_column_inner][vc_column_inner css=\u00bb.vc_custom_1626259210696{padding-right: 0px !important;padding-left: 0px !important;}\u00bb][vc_raw_html css=\u00bb\u00bb el_class=\u00bbabs\u00bb]JTNDYSUyMGNsYXNzJTNEJTIyY3RhJTIwYmctZGFyayUyMiUyMGhyZWYlM0QlMjIlNUJzaF91cmxfcGRmX2NhdF9wYWclMjB0ZXJtX2lkJTNEJTI3MTYzJTI3JTIwY2FtcG9faWQlM0QlMjdzaF9jY3BfdXJsX2N0YV9jYXRhbG9nbyUyNyU1RCUyMiUyMHRhcmdldCUzRCUyMl9ibGFuayUyMiUzRURFU0NBUkdBUiUyMEVMJTIwQ0FUJUMzJTgxTE9HTyUzQyUyRmElM0UlMEElM0NkaXYlMjBzdHlsZSUzRCUyMmhlaWdodCUzQTdweCUzQiUyMiUzRSUzQyUyRmRpdiUzRSUwQSUzQ2ElMjBjbGFzcyUzRCUyMmN0YSUyMGRhcmslMjBhcnJvdyUyMGxvbmclMjIlMjBocmVmJTNEJTIyaHR0cHMlM0ElMkYlMkZ3d3cuY21jbGlmdC5jb20lMkZlcyUyRmNhdGVnb3JpYS1wcm9kdWN0b3MlMkZzZXJpZS1sYyUyRiUyMiUzRURFU0NVQlJBJTNDJTJGYSUzRQ==[\/vc_raw_html][\/vc_column_inner][\/vc_row_inner][\/vc_tta_section][vc_tta_section title=\u00bbSerie DP\u00bb tab_id=\u00bb1626262496973-f4c91f7d-bc0c\u00bb][vc_row_inner equal_height=\u00bbyes\u00bb content_placement=\u00bbmiddle\u00bb][vc_column_inner width=\u00bb1\/3&#8243; css=\u00bb.vc_custom_1626259204725{padding-right: 0px !important;padding-left: 0px !important;}\u00bb][vc_empty_space][vc_column_text]<\/p>\n<h3>Double Performance<\/h3>\n<p>[\/vc_column_text][vc_column_text]Tres plataformas a\u00e9reas aut\u00e9nticas y excepcionales en su categor\u00eda. Garantizan altas prestaciones en cada aplicaci\u00f3n.[\/vc_column_text][\/vc_column_inner][vc_column_inner width=\u00bb2\/3&#8243; css=\u00bb.vc_custom_1626259210696{padding-right: 0px !important;padding-left: 0px !important;}\u00bb][vc_single_image image=\u00bb27137&#8243; img_size=\u00bb923&#215;711&#8243; css=\u00bb\u00bb][\/vc_column_inner][vc_column_inner][vc_raw_html css=\u00bb\u00bb el_class=\u00bbabs\u00bb]JTNDYSUyMGNsYXNzJTNEJTIyY3RhJTIwYmctZGFyayUyMiUyMGhyZWYlM0QlMjIlNUJzaF91cmxfcGRmX2NhdF9wYWclMjB0ZXJtX2lkJTNEJTI3MTY0JTI3JTIwY2FtcG9faWQlM0QlMjdzaF9jY3BfdXJsX2N0YV9jYXRhbG9nbyUyNyU1RCUyMiUyMHRhcmdldCUzRCUyMl9ibGFuayUyMiUzRURFU0NBUkdBUiUyMEVMJTIwQ0FUJUMzJTgxTE9HTyUzQyUyRmElM0UlMEElM0NkaXYlMjBzdHlsZSUzRCUyMmhlaWdodCUzQTdweCUzQiUyMiUzRSUzQyUyRmRpdiUzRSUwQSUzQ2ElMjBjbGFzcyUzRCUyMmN0YSUyMGRhcmslMjBhcnJvdyUyMGxvbmclMjIlMjBocmVmJTNEJTIyaHR0cHMlM0ElMkYlMkZ3d3cuY21jbGlmdC5jb20lMkZlcyUyRmNhdGVnb3JpYS1wcm9kdWN0b3MlMkZzZXJpZS1kcCUyRiUyMiUzRURFU0NVQlJBJTNDJTJGYSUzRQ==[\/vc_raw_html][\/vc_column_inner][\/vc_row_inner][\/vc_tta_section][vc_tta_section title=\u00bbSerie XL\u00bb tab_id=\u00bb1626262495891-c5f6eb11-d28e\u00bb][vc_row_inner equal_height=\u00bbyes\u00bb content_placement=\u00bbmiddle\u00bb][vc_column_inner width=\u00bb1\/3&#8243; css=\u00bb.vc_custom_1626259204725{padding-right: 0px !important;padding-left: 0px !important;}\u00bb][vc_empty_space][vc_column_text]<\/p>\n<h3>Extra Large<\/h3>\n<p>[\/vc_column_text][vc_column_text]La m\u00e1s grande de la gama de ara\u00f1as de CMC, capaz de garantizar una estabilidad y fiabilidad absolutas incluso a grandes alturas.[\/vc_column_text][\/vc_column_inner][vc_column_inner width=\u00bb2\/3&#8243; css=\u00bb.vc_custom_1626259210696{padding-right: 0px !important;padding-left: 0px !important;}\u00bb][vc_single_image image=\u00bb21787&#8243; img_size=\u00bbfull\u00bb][\/vc_column_inner][vc_column_inner][vc_raw_html css=\u00bb\u00bb el_class=\u00bbabs\u00bb]JTNDYSUyMGNsYXNzJTNEJTIyY3RhJTIwYmctZGFyayUyMiUyMGhyZWYlM0QlMjIlNUJzaF91cmxfcGRmX2NhdF9wYWclMjB0ZXJtX2lkJTNEJTI3MTY1JTI3JTIwY2FtcG9faWQlM0QlMjdzaF9jY3BfdXJsX2N0YV9jYXRhbG9nbyUyNyU1RCUyMiUyMHRhcmdldCUzRCUyMl9ibGFuayUyMiUzRURFU0NBUkdBUiUyMEVMJTIwQ0FUJUMzJTgxTE9HTyUzQyUyRmElM0UlMEElM0NkaXYlMjBzdHlsZSUzRCUyMmhlaWdodCUzQTdweCUzQiUyMiUzRSUzQyUyRmRpdiUzRSUwQSUzQ2ElMjBjbGFzcyUzRCUyMmN0YSUyMGRhcmslMjBhcnJvdyUyMGxvbmclMjIlMjBocmVmJTNEJTIyaHR0cHMlM0ElMkYlMkZ3d3cuY21jbGlmdC5jb20lMkZlcyUyRmNhdGVnb3JpYS1wcm9kdWN0b3MlMkZzZXJpZS14bCUyRiUyMiUzRURFU0NVQlJBJTNDJTJGYSUzRQ==[\/vc_raw_html][\/vc_column_inner][\/vc_row_inner][\/vc_tta_section][vc_tta_section title=\u00bbSerie i\u00bb tab_id=\u00bb1642503030995-5f9383e4-e13a\u00bb][vc_row_inner equal_height=\u00bbyes\u00bb content_placement=\u00bbmiddle\u00bb][vc_column_inner width=\u00bb1\/3&#8243; css=\u00bb.vc_custom_1626259204725{padding-right: 0px !important;padding-left: 0px !important;}\u00bb][vc_empty_space][vc_column_text]<\/p>\n<h3>Insulated<\/h3>\n<p>[\/vc_column_text][vc_column_text]Una agrupaci\u00f3n de tecnolog\u00eda, eficiencia y fiabilidad : son las caracter\u00edsticas de la nueva familia de plataformas CMC aisladas. Est\u00e1n dise\u00f1adas para operar con seguridad a alturas de hasta 23 metros, cerca de l\u00edneas el\u00e9ctricas con una tensi\u00f3n de hasta 46 kV.[\/vc_column_text][\/vc_column_inner][vc_column_inner width=\u00bb2\/3&#8243; css=\u00bb.vc_custom_1626259210696{padding-right: 0px !important;padding-left: 0px !important;}\u00bb][vc_single_image image=\u00bb38722&#8243; img_size=\u00bbfull\u00bb][\/vc_column_inner][vc_column_inner][vc_raw_html css=\u00bb\u00bb el_class=\u00bbabs\u00bb]JTNDYSUyMGNsYXNzJTNEJTIyY3RhJTIwYmctZGFyayUyMiUyMGhyZWYlM0QlMjIlNUJzaF91cmxfcGRmX2NhdF9wYWclMjB0ZXJtX2lkJTNEJTI3MTY2JTI3JTIwY2FtcG9faWQlM0QlMjdzaF9jY3BfdXJsX2N0YV9jYXRhbG9nbyUyNyU1RCUyMiUyMHRhcmdldCUzRCUyMl9ibGFuayUyMiUzRURFU0NBUkdBUiUyMEVMJTIwQ0FUJUMzJTgxTE9HTyUzQyUyRmElM0UlMEElM0NkaXYlMjBzdHlsZSUzRCUyMmhlaWdodCUzQTdweCUzQiUyMiUzRSUzQyUyRmRpdiUzRSUwQSUzQ2ElMjBjbGFzcyUzRCUyMmN0YSUyMGRhcmslMjBhcnJvdyUyMGxvbmclMjIlMjBocmVmJTNEJTIyaHR0cHMlM0ElMkYlMkZ3d3cuY21jbGlmdC5jb20lMkZlcyUyRmNhdGVnb3JpYS1wcm9kdWN0b3MlMkZzZXJpZS1pLWVzJTJGJTIyJTNFREVTQ1VCUkElM0MlMkZhJTNF[\/vc_raw_html][\/vc_column_inner][\/vc_row_inner][\/vc_tta_section][\/vc_tta_tabs][\/vc_column][\/vc_row][vc_row equal_height=\u00bbyes\u00bb el_class=\u00bbinfo-box\u00bb][vc_column width=\u00bb1\/3&#8243; css=\u00bb.vc_custom_1627371351342{background-image: url(https:\/\/www.cmclift.com\/wp-content\/uploads\/2021\/07\/Mappa-1.jpg?id=380) !important;background-position: center !important;background-repeat: no-repeat !important;background-size: cover !important;}\u00bb el_class=\u00bbaltezza-5&#8243;][\/vc_column][vc_column width=\u00bb1\/3&#8243; css=\u00bb.vc_custom_1626269795444{background-color: #4e5964 !important;}\u00bb el_class=\u00bbpad-full-7&#8243;][vc_single_image image=\u00bb21785&#8243; img_size=\u00bb101&#215;131&#8243;][vc_column_text el_class=\u00bbwhite rel\u00bb]<\/p>\n<h3>Nuestra red<\/h3>\n<p><a class=\"cta-vai3 arrow\" href=\"https:\/\/www.cmclift.com\/es\/cadena\/\">Ver m\u00e1s<\/a>[\/vc_column_text][vc_column_text el_class=\u00bbwhite\u00bb]Descubra en qu\u00e9 pa\u00edses de los cinco continentes operan las plataformas elevadoras sobre orugas de CMC.[\/vc_column_text][\/vc_column][vc_column width=\u00bb1\/3&#8243; el_class=\u00bbpad-full-7&#8243; css=\u00bb.vc_custom_1626269829561{background-color: #eff0f0 !important;}\u00bb][vc_single_image image=\u00bb21784&#8243; img_size=\u00bb131&#215;131&#8243;][vc_column_text el_class=\u00bbrel\u00bb]<\/p>\n<h3>Asistencia<\/h3>\n<p><a class=\"cta-vai3 arrow dark\" href=\"https:\/\/www.cmclift.com\/es\/asistencia\/\">Ver m\u00e1s<\/a>[\/vc_column_text][vc_column_text]Nos gusta cumplir con las expectativas de nuestros clientes no s\u00f3lo con la calidad de nuestros productos, sino tambi\u00e9n con la eficiencia de nuestros servicios.[\/vc_column_text][\/vc_column][\/vc_row][vc_row][vc_column][vc_empty_space height=\u00bb80px\u00bb][\/vc_column][\/vc_row][vc_row full_width=\u00bbstretch_row\u00bb el_class=\u00bbpad-tb press-room\u00bb css=\u00bb.vc_custom_1627894434615{background-color: #eff0f0 !important;}\u00bb][vc_column][vc_raw_html]JTVCcHJlc3Nfcm9vbSU1RA==[\/vc_raw_html][\/vc_column][\/vc_row][vc_row disable_element=\u00bbyes\u00bb][vc_column][vc_empty_space height=\u00bb80px\u00bb][\/vc_column][\/vc_row]<\/p>\n<\/div>","protected":false},"excerpt":{"rendered":"<p>[vc_row full_width=\u00bbstretch_row\u00bb full_height=\u00bbyes\u00bb css=\u00bb.vc_custom_1627371873671{background-image: url(https:\/\/www.cmclift.com\/wp-content\/uploads\/2021\/07\/Hero_prodotti.jpg?id=329) !important;background-position: center !important;background-repeat: no-repeat !important;background-size: cover !important;}\u00bb el_class=\u00bbgrd hero pad-r pad-t1&#8243; el_id=\u00bbhero-prodotti\u00bb][vc_column][vc_raw_html el_class=\u00bbbricciole\u00bb]JTVCd3BzZW9fYnJlYWRjcnVtYiU1RA==[\/vc_raw_html][vc_column_text css=\u00bb\u00bb el_class=\u00bbwhite\u00bb]Las&#8230;<\/p>\n","protected":false},"author":9,"featured_media":0,"parent":0,"menu_order":0,"comment_status":"closed","ping_status":"closed","template":"","meta":{"footnotes":""},"class_list":["post-21774","page","type-page","status-publish"],"yoast_head":"<!-- This site is optimized with the Yoast SEO plugin v27.5 - https:\/\/yoast.com\/product\/yoast-seo-wordpress\/ -->\n<title>Seis familias de altas prestaciones - C.M.C. S.r.l.<\/title>\n<meta name=\"robots\" content=\"index, follow, max-snippet:-1, max-image-preview:large, max-video-preview:-1\" \/>\n<link rel=\"canonical\" href=\"https:\/\/www.cmclift.com\/es\/productos\/\" \/>\n<meta property=\"og:locale\" content=\"es_ES\" \/>\n<meta property=\"og:type\" content=\"article\" \/>\n<meta property=\"og:title\" content=\"Seis familias de altas prestaciones - C.M.C. S.r.l.\" \/>\n<meta property=\"og:description\" content=\"[vc_row full_width=\u00bbstretch_row\u00bb full_height=\u00bbyes\u00bb css=\u00bb.vc_custom_1627371873671{background-image: url(https:\/\/www.cmclift.com\/wp-content\/uploads\/2021\/07\/Hero_prodotti.jpg?id=329) !important;background-position: center !important;background-repeat: no-repeat !important;background-size: cover !important;}\u00bb el_class=\u00bbgrd hero pad-r pad-t1&#8243; el_id=\u00bbhero-prodotti\u00bb][vc_column][vc_raw_html el_class=\u00bbbricciole\u00bb]JTVCd3BzZW9fYnJlYWRjcnVtYiU1RA==[\/vc_raw_html][vc_column_text css=\u00bb\u00bb el_class=\u00bbwhite\u00bb]Las...\" \/>\n<meta property=\"og:url\" content=\"https:\/\/www.cmclift.com\/es\/productos\/\" \/>\n<meta property=\"og:site_name\" content=\"C.M.C. S.r.l.\" \/>\n<meta property=\"article:modified_time\" content=\"2024-09-13T14:04:34+00:00\" \/>\n<meta name=\"twitter:card\" content=\"summary_large_image\" \/>\n<meta name=\"twitter:label1\" content=\"Tiempo de lectura\" \/>\n\t<meta name=\"twitter:data1\" content=\"4 minutos\" \/>\n<script type=\"application\/ld+json\" class=\"yoast-schema-graph\">{\"@context\":\"https:\\\/\\\/schema.org\",\"@graph\":[{\"@type\":\"WebPage\",\"@id\":\"https:\\\/\\\/www.cmclift.com\\\/es\\\/productos\\\/\",\"url\":\"https:\\\/\\\/www.cmclift.com\\\/es\\\/productos\\\/\",\"name\":\"Seis familias de altas prestaciones - C.M.C. S.r.l.\",\"isPartOf\":{\"@id\":\"https:\\\/\\\/www.cmclift.com\\\/es\\\/#website\"},\"datePublished\":\"2021-07-14T10:15:52+00:00\",\"dateModified\":\"2024-09-13T14:04:34+00:00\",\"breadcrumb\":{\"@id\":\"https:\\\/\\\/www.cmclift.com\\\/es\\\/productos\\\/#breadcrumb\"},\"inLanguage\":\"es\",\"potentialAction\":[{\"@type\":\"ReadAction\",\"target\":[\"https:\\\/\\\/www.cmclift.com\\\/es\\\/productos\\\/\"]}]},{\"@type\":\"BreadcrumbList\",\"@id\":\"https:\\\/\\\/www.cmclift.com\\\/es\\\/productos\\\/#breadcrumb\",\"itemListElement\":[{\"@type\":\"ListItem\",\"position\":1,\"name\":\"Home\",\"item\":\"https:\\\/\\\/www.cmclift.com\\\/es\\\/\"},{\"@type\":\"ListItem\",\"position\":2,\"name\":\"Productos\"}]},{\"@type\":\"WebSite\",\"@id\":\"https:\\\/\\\/www.cmclift.com\\\/es\\\/#website\",\"url\":\"https:\\\/\\\/www.cmclift.com\\\/es\\\/\",\"name\":\"C.M.C. S.r.l.\",\"description\":\"Piattaforme aeree semoventi cingolate, ragni, telescopiche e articolate\",\"publisher\":{\"@id\":\"https:\\\/\\\/www.cmclift.com\\\/es\\\/#organization\"},\"potentialAction\":[{\"@type\":\"SearchAction\",\"target\":{\"@type\":\"EntryPoint\",\"urlTemplate\":\"https:\\\/\\\/www.cmclift.com\\\/es\\\/?s={search_term_string}\"},\"query-input\":{\"@type\":\"PropertyValueSpecification\",\"valueRequired\":true,\"valueName\":\"search_term_string\"}}],\"inLanguage\":\"es\"},{\"@type\":\"Organization\",\"@id\":\"https:\\\/\\\/www.cmclift.com\\\/es\\\/#organization\",\"name\":\"CMC Lift\",\"url\":\"https:\\\/\\\/www.cmclift.com\\\/es\\\/\",\"logo\":{\"@type\":\"ImageObject\",\"inLanguage\":\"es\",\"@id\":\"https:\\\/\\\/www.cmclift.com\\\/es\\\/#\\\/schema\\\/logo\\\/image\\\/\",\"url\":\"https:\\\/\\\/www.cmclift.com\\\/wp-content\\\/uploads\\\/2021\\\/08\\\/CMC_bianco_footer-2.png\",\"contentUrl\":\"https:\\\/\\\/www.cmclift.com\\\/wp-content\\\/uploads\\\/2021\\\/08\\\/CMC_bianco_footer-2.png\",\"width\":250,\"height\":84,\"caption\":\"CMC Lift\"},\"image\":{\"@id\":\"https:\\\/\\\/www.cmclift.com\\\/es\\\/#\\\/schema\\\/logo\\\/image\\\/\"}}]}<\/script>\n<!-- \/ Yoast SEO plugin. -->","yoast_head_json":{"title":"Seis familias de altas prestaciones - C.M.C. S.r.l.","robots":{"index":"index","follow":"follow","max-snippet":"max-snippet:-1","max-image-preview":"max-image-preview:large","max-video-preview":"max-video-preview:-1"},"canonical":"https:\/\/www.cmclift.com\/es\/productos\/","og_locale":"es_ES","og_type":"article","og_title":"Seis familias de altas prestaciones - C.M.C. S.r.l.","og_description":"[vc_row full_width=\u00bbstretch_row\u00bb full_height=\u00bbyes\u00bb css=\u00bb.vc_custom_1627371873671{background-image: url(https:\/\/www.cmclift.com\/wp-content\/uploads\/2021\/07\/Hero_prodotti.jpg?id=329) !important;background-position: center !important;background-repeat: no-repeat !important;background-size: cover !important;}\u00bb el_class=\u00bbgrd hero pad-r pad-t1&#8243; el_id=\u00bbhero-prodotti\u00bb][vc_column][vc_raw_html el_class=\u00bbbricciole\u00bb]JTVCd3BzZW9fYnJlYWRjcnVtYiU1RA==[\/vc_raw_html][vc_column_text css=\u00bb\u00bb el_class=\u00bbwhite\u00bb]Las...","og_url":"https:\/\/www.cmclift.com\/es\/productos\/","og_site_name":"C.M.C. S.r.l.","article_modified_time":"2024-09-13T14:04:34+00:00","twitter_card":"summary_large_image","twitter_misc":{"Tiempo de lectura":"4 minutos"},"schema":{"@context":"https:\/\/schema.org","@graph":[{"@type":"WebPage","@id":"https:\/\/www.cmclift.com\/es\/productos\/","url":"https:\/\/www.cmclift.com\/es\/productos\/","name":"Seis familias de altas prestaciones - C.M.C. S.r.l.","isPartOf":{"@id":"https:\/\/www.cmclift.com\/es\/#website"},"datePublished":"2021-07-14T10:15:52+00:00","dateModified":"2024-09-13T14:04:34+00:00","breadcrumb":{"@id":"https:\/\/www.cmclift.com\/es\/productos\/#breadcrumb"},"inLanguage":"es","potentialAction":[{"@type":"ReadAction","target":["https:\/\/www.cmclift.com\/es\/productos\/"]}]},{"@type":"BreadcrumbList","@id":"https:\/\/www.cmclift.com\/es\/productos\/#breadcrumb","itemListElement":[{"@type":"ListItem","position":1,"name":"Home","item":"https:\/\/www.cmclift.com\/es\/"},{"@type":"ListItem","position":2,"name":"Productos"}]},{"@type":"WebSite","@id":"https:\/\/www.cmclift.com\/es\/#website","url":"https:\/\/www.cmclift.com\/es\/","name":"C.M.C. S.r.l.","description":"Piattaforme aeree semoventi cingolate, ragni, telescopiche e articolate","publisher":{"@id":"https:\/\/www.cmclift.com\/es\/#organization"},"potentialAction":[{"@type":"SearchAction","target":{"@type":"EntryPoint","urlTemplate":"https:\/\/www.cmclift.com\/es\/?s={search_term_string}"},"query-input":{"@type":"PropertyValueSpecification","valueRequired":true,"valueName":"search_term_string"}}],"inLanguage":"es"},{"@type":"Organization","@id":"https:\/\/www.cmclift.com\/es\/#organization","name":"CMC Lift","url":"https:\/\/www.cmclift.com\/es\/","logo":{"@type":"ImageObject","inLanguage":"es","@id":"https:\/\/www.cmclift.com\/es\/#\/schema\/logo\/image\/","url":"https:\/\/www.cmclift.com\/wp-content\/uploads\/2021\/08\/CMC_bianco_footer-2.png","contentUrl":"https:\/\/www.cmclift.com\/wp-content\/uploads\/2021\/08\/CMC_bianco_footer-2.png","width":250,"height":84,"caption":"CMC Lift"},"image":{"@id":"https:\/\/www.cmclift.com\/es\/#\/schema\/logo\/image\/"}}]}},"_links":{"self":[{"href":"https:\/\/www.cmclift.com\/es\/wp-json\/wp\/v2\/pages\/21774","targetHints":{"allow":["GET"]}}],"collection":[{"href":"https:\/\/www.cmclift.com\/es\/wp-json\/wp\/v2\/pages"}],"about":[{"href":"https:\/\/www.cmclift.com\/es\/wp-json\/wp\/v2\/types\/page"}],"author":[{"embeddable":true,"href":"https:\/\/www.cmclift.com\/es\/wp-json\/wp\/v2\/users\/9"}],"replies":[{"embeddable":true,"href":"https:\/\/www.cmclift.com\/es\/wp-json\/wp\/v2\/comments?post=21774"}],"version-history":[{"count":19,"href":"https:\/\/www.cmclift.com\/es\/wp-json\/wp\/v2\/pages\/21774\/revisions"}],"predecessor-version":[{"id":41224,"href":"https:\/\/www.cmclift.com\/es\/wp-json\/wp\/v2\/pages\/21774\/revisions\/41224"}],"wp:attachment":[{"href":"https:\/\/www.cmclift.com\/es\/wp-json\/wp\/v2\/media?parent=21774"}],"curies":[{"name":"wp","href":"https:\/\/api.w.org\/{rel}","templated":true}]}}