{"id":21805,"date":"2021-07-12T13:52:21","date_gmt":"2021-07-12T11:52:21","guid":{"rendered":"https:\/\/www.cmclift.com\/innovazione\/"},"modified":"2022-02-09T07:31:05","modified_gmt":"2022-02-09T06:31:05","slug":"innovacion","status":"publish","type":"page","link":"https:\/\/www.cmclift.com\/es\/innovacion\/","title":{"rendered":"Innovaci\u00f3n"},"content":{"rendered":"<div class=\"wpb-content-wrapper\"><p>[vc_row full_width=\u00bbstretch_row\u00bb content_placement=\u00bbbottom\u00bb el_class=\u00bbgrd altezza\u00bb css=\u00bb.vc_custom_1631030239990{background-image: url(https:\/\/www.cmclift.com\/wp-content\/uploads\/2021\/07\/Hero_innovazione.jpg?id=204) !important;background-position: center !important;background-repeat: no-repeat !important;background-size: cover !important;}\u00bb][vc_column][vc_row_inner][vc_column_inner][vc_column_text el_class=\u00bba-center bricciole\u00bb]<span><span><a href=\"https:\/\/www.cmclift.com\/es\/\">Home<\/a><\/span><\/span>[\/vc_column_text][\/vc_column_inner][\/vc_row_inner][\/vc_column][\/vc_row][vc_row el_class=\u00bbtecnologie pad-tb4&#8243;][vc_column width=\u00bb2\/3&#8243; el_class=\u00bbpad-lr3&#8243;][vc_column_text el_class=\u00bbtitolo\u00bb]<\/p>\n<h1>Tecnolog\u00edas avanzadas para elevar los est\u00e1ndares<\/h1>\n<p>[\/vc_column_text][vc_column_text]<span data-sheets-value=\"{&quot;1&quot;:2,&quot;2&quot;:&quot;La calidad de nuestros productos depende de la calidad de nuestros proyectos. Los prototipos de cada plataforma a\u00e9rea de orugas \\nest\u00e1n creados y perfeccionados por nuestros especialistas con la ayuda de las \u00faltimas tecnolog\u00edas y en colaboraci\u00f3n con prestigiosas universidades\\n y con las principales empresas de ingenier\u00eda.&quot;}\" data-sheets-userformat=\"{&quot;2&quot;:5117,&quot;3&quot;:{&quot;1&quot;:0},&quot;5&quot;:{&quot;1&quot;:[{&quot;1&quot;:2,&quot;2&quot;:0,&quot;5&quot;:{&quot;1&quot;:2,&quot;2&quot;:0}},{&quot;1&quot;:0,&quot;2&quot;:0,&quot;3&quot;:3},{&quot;1&quot;:1,&quot;2&quot;:0,&quot;4&quot;:1}]},&quot;6&quot;:{&quot;1&quot;:[{&quot;1&quot;:2,&quot;2&quot;:0,&quot;5&quot;:{&quot;1&quot;:2,&quot;2&quot;:0}},{&quot;1&quot;:0,&quot;2&quot;:0,&quot;3&quot;:3},{&quot;1&quot;:1,&quot;2&quot;:0,&quot;4&quot;:1}]},&quot;7&quot;:{&quot;1&quot;:[{&quot;1&quot;:2,&quot;2&quot;:0,&quot;5&quot;:{&quot;1&quot;:2,&quot;2&quot;:0}},{&quot;1&quot;:0,&quot;2&quot;:0,&quot;3&quot;:3},{&quot;1&quot;:1,&quot;2&quot;:0,&quot;4&quot;:1}]},&quot;8&quot;:{&quot;1&quot;:[{&quot;1&quot;:2,&quot;2&quot;:0,&quot;5&quot;:{&quot;1&quot;:2,&quot;2&quot;:0}},{&quot;1&quot;:0,&quot;2&quot;:0,&quot;3&quot;:3},{&quot;1&quot;:1,&quot;2&quot;:0,&quot;4&quot;:1}]},&quot;9&quot;:0,&quot;10&quot;:1,&quot;11&quot;:4,&quot;12&quot;:0,&quot;15&quot;:&quot;Arial&quot;}\">La calidad de nuestros productos depende de la calidad de nuestros proyectos. Los prototipos de cada plataforma a\u00e9rea de orugas<br \/>\nest\u00e1n creados y perfeccionados por nuestros especialistas con la ayuda de las \u00faltimas tecnolog\u00edas y en colaboraci\u00f3n con prestigiosas universidades y con las principales empresas de ingenier\u00eda.<\/span>[\/vc_column_text][\/vc_column][vc_column width=\u00bb1\/3&#8243; el_class=\u00bbpad-r0&#8243;][vc_raw_html el_class=\u00bba-right\u00bb]JTNDYSUyMGNsYXNzJTNEJTIyY3RhJTIwYmctZGFyayUyMiUyMGhyZWYlM0QlMjJodHRwcyUzQSUyRiUyRnd3dy5jbWNsaWZ0LmNvbSUyRmVzJTJGY29udGFjdG9zJTJGJTIyJTNFU09MSUNJVEFSJTIwRUwlMjBQRVJGSUwlMjBERSUyMExBJTIwRU1QUkVTQSUzQyUyRmElM0U=[\/vc_raw_html][\/vc_column][\/vc_row][vc_row equal_height=\u00bbyes\u00bb][vc_column width=\u00bb2\/3&#8243; css=\u00bb.vc_custom_1626093383588{background-color: #4e5964 !important;}\u00bb el_class=\u00bbpad-tb3&#8243;][vc_column_text el_class=\u00bbwhite\u00bb]<\/p>\n<h2>Investigaci\u00f3n y desarrollo,<br \/>\nla clave para llegar a la c\u00faspide<\/h2>\n<p>[\/vc_column_text][vc_column_text el_class=\u00bbwhite\u00bb]La investigaci\u00f3n y el desarrollo est\u00e1n en el centro de nuestro crecimiento y son la base de nuestra ventaja competitiva. Nuestro equipo busca constantemente soluciones innovadoras y la optimizaci\u00f3n de los procesos de producci\u00f3n para satisfacer, y a menudo anticipar, a las demandas de los usuarios de nuestras plataformas elevadoras sobre orugas.<br \/>\nLos proyectos espec\u00edficos de investigaci\u00f3n sobre materiales de alta resistencia nos han permitido reducir el peso de nuestras m\u00e1quinas, mejorando significativamente su rendimiento, fiabilidad y versatilidad.[\/vc_column_text][\/vc_column][vc_column width=\u00bb1\/3&#8243; css=\u00bb.vc_custom_1631019072069{background-image: url(https:\/\/www.cmclift.com\/wp-content\/uploads\/2021\/07\/S41.jpg?id=205) !important;background-position: center !important;background-repeat: no-repeat !important;background-size: cover !important;}\u00bb el_class=\u00bbh-image\u00bb][\/vc_column][\/vc_row][vc_row el_class=\u00bbpad-tb self\u00bb el_id=\u00bbself-control\u00bb][vc_column][vc_column_text el_class=\u00bbbr-no\u00bb]<\/p>\n<h2>El sistema de autocontrol de CMC &#8211; Self Control System by CMC: el piloto autom\u00e1tico de plataformas a\u00e9reas<\/h2>\n<p>[\/vc_column_text][\/vc_column][vc_column][vc_empty_space height=\u00bb50px\u00bb][\/vc_column][vc_column width=\u00bb1\/3&#8243;][vc_single_image image=\u00bb21816&#8243; img_size=\u00bb\u00bb][\/vc_column][vc_column width=\u00bb2\/3&#8243;][vc_column_text]Los que conf\u00edan en nosotros lo deciden no s\u00f3lo para el buen \u00e9xito de su trabajo, sino tambi\u00e9n y sobre todo para garantizarse su seguridad. Por eso nos dedicamos a perfeccionar los mejores dispositivos tecnol\u00f3gicos de control. El sistema de autocontrol de CMC &#8211; Self Control System by CMC &#8211; se ha proyectado para garantizar la m\u00e1xima simplicidad y fiabilidad en el uso de las plataformas a\u00e9reas de tipo ara\u00f1a de CMC y hacer que el error humano sea imposible. El sistema electr\u00f3nico act\u00faa de manera autom\u00e1tica y realiza diferentes operaciones importantes como:[\/vc_column_text][\/vc_column][vc_column][vc_empty_space height=\u00bb50px\u00bb][\/vc_column][vc_column width=\u00bb1\/4&#8243;][vc_single_image image=\u00bb21812&#8243; img_size=\u00bb100&#215;96&#8243; alignment=\u00bbcenter\u00bb][vc_column_text el_class=\u00bba-center\u00bb]estabilizaci\u00f3n<br \/>\nautom\u00e1tica de<br \/>\nla plataforma[\/vc_column_text][\/vc_column][vc_column width=\u00bb1\/4&#8243;][vc_single_image image=\u00bb21810&#8243; img_size=\u00bb100&#215;96&#8243; alignment=\u00bbcenter\u00bb][vc_column_text el_class=\u00bba-center\u00bb]cierre autom\u00e1tico de<br \/>\nla parte a\u00e9rea con<br \/>\nun solo bot\u00f3n[\/vc_column_text][\/vc_column][vc_column width=\u00bb1\/4&#8243;][vc_single_image image=\u00bb21813&#8243; img_size=\u00bb100&#215;96&#8243; alignment=\u00bbcenter\u00bb][vc_column_text el_class=\u00bba-center\u00bb]control de la velocidad<br \/>\ny fluidez de maniobra<br \/>\nde los brazos[\/vc_column_text][\/vc_column][vc_column width=\u00bb1\/4&#8243;][vc_single_image image=\u00bb21811&#8243; img_size=\u00bb100&#215;96&#8243; alignment=\u00bbcenter\u00bb][vc_column_text el_class=\u00bba-center\u00bb]autodiagnosis y emisi\u00f3n de una se\u00f1al en caso de que haya aver\u00edas[\/vc_column_text][\/vc_column][\/vc_row][vc_row disable_element=\u00bbyes\u00bb css=\u00bb.vc_custom_1627549621853{background-image: url(https:\/\/www.cmclift.com\/wp-content\/uploads\/2021\/07\/MACCHINA_ISOLATA.jpg?id=211) !important;background-position: center !important;background-repeat: no-repeat !important;background-size: cover !important;}\u00bb el_class=\u00bbrel grd pad-full-3 altezza\u00bb][vc_column width=\u00bb2\/3&#8243; el_class=\u00bbpad-tl\u00bb][vc_column_text el_class=\u00bbwhite\u00bb]<\/p>\n<h2>CMC i23<\/h2>\n<p>[\/vc_column_text][vc_column_text el_class=\u00bbwhite\u00bb]Sed ut perspiciatis unde omnis iste natus error sit voluptatem accusantium doloremque laudantium, totam rem aperiam eaque ipsa, quae ab illo inventore veritatis et quasi architecto beatae vitae dicta sunt, explicabo. Nemo enim ipsam voluptatem.[\/vc_column_text][\/vc_column][vc_column width=\u00bb1\/3&#8243; css=\u00bb.vc_custom_1627223865821{padding-top: 0px !important;padding-right: 0px !important;}\u00bb el_class=\u00bbpad-tr\u00bb][vc_raw_html el_class=\u00bba-right\u00bb]JTNDYSUyMGNsYXNzJTNEJTIyY3RhJTIyJTIwaHJlZiUzRCUyMiUyMyUyMiUzRVNDT1BSSSUzQyUyRmElM0U=[\/vc_raw_html][\/vc_column][\/vc_row][vc_row equal_height=\u00bbyes\u00bb disable_element=\u00bbyes\u00bb][vc_column width=\u00bb1\/3&#8243; css=\u00bb.vc_custom_1627224522680{background-image: url(https:\/\/www.cmclift.com\/wp-content\/uploads\/2021\/07\/Industria_4-1.jpg?id=231) !important;background-position: center !important;background-repeat: no-repeat !important;background-size: cover !important;}\u00bb el_class=\u00bbaltezza-5&#8243;][\/vc_column][vc_column width=\u00bb2\/3&#8243; css=\u00bb.vc_custom_1627224728755{margin-top: 0px !important;background-color: #4e5964 !important;}\u00bb el_class=\u00bbpad-full-4&#8243;][vc_column_text el_class=\u00bbwhite\u00bb]<\/p>\n<h2>Le piattaforme aeree CMC<br \/>\nbeneficiano del credito d\u2019imposta<br \/>\nIndustria 4.0<\/h2>\n<p>[\/vc_column_text][vc_column_text el_class=\u00bbwhite\u00bb]Proseguono fino a tutto il 2022 gli incentivi del Piano Transizione 4.0, rafforzati dalla Legge di Bilancio 2021. Per gli investimenti relativi all\u2019acquisto di beni strumentali nuovi, funzionali alla trasformazione tecnologica e digitale delle imprese, viene infatti riconosciuto un credito d\u2019imposta che pu\u00f2 arrivare al 50% del costo del bene.[\/vc_column_text][vc_empty_space height=\u00bb50px\u00bb][vc_raw_html el_class=\u00bba-right\u00bb]JTNDYSUyMGNsYXNzJTNEJTIyY3RhJTIwYXJyb3clMjBsb25nJTIyJTIwaHJlZiUzRCUyMmh0dHBzJTNBJTJGJTJGd3d3LmNtY2xpZnQuY29tJTJGaW5kdXN0cmlhLTQtMCUyRiUyMiUzRVNDT1BSSSUzQyUyRmElM0U=[\/vc_raw_html][\/vc_column][\/vc_row][vc_row][vc_column][vc_empty_space height=\u00bb80px\u00bb][\/vc_column][\/vc_row]<\/p>\n<\/div>","protected":false},"excerpt":{"rendered":"<p>[vc_row full_width=\u00bbstretch_row\u00bb content_placement=\u00bbbottom\u00bb el_class=\u00bbgrd altezza\u00bb css=\u00bb.vc_custom_1631030239990{background-image: url(https:\/\/www.cmclift.com\/wp-content\/uploads\/2021\/07\/Hero_innovazione.jpg?id=204) !important;background-position: center !important;background-repeat: no-repeat !important;background-size: cover !important;}\u00bb][vc_column][vc_row_inner][vc_column_inner][vc_column_text el_class=\u00bba-center bricciole\u00bb][\/vc_column_text][\/vc_column_inner][\/vc_row_inner][\/vc_column][\/vc_row][vc_row el_class=\u00bbtecnologie pad-tb4&#8243;][vc_column width=\u00bb2\/3&#8243; el_class=\u00bbpad-lr3&#8243;][vc_column_text&#8230;<\/p>\n","protected":false},"author":9,"featured_media":0,"parent":0,"menu_order":0,"comment_status":"closed","ping_status":"closed","template":"","meta":{"footnotes":""},"class_list":["post-21805","page","type-page","status-publish"],"yoast_head":"<!-- This site is optimized with the Yoast SEO plugin v27.4 - https:\/\/yoast.com\/product\/yoast-seo-wordpress\/ -->\n<title>Tecnolog\u00edas avanzadas para elevar los est\u00e1ndares - C.M.C. S.r.l.<\/title>\n<meta name=\"robots\" content=\"index, follow, max-snippet:-1, max-image-preview:large, max-video-preview:-1\" \/>\n<link rel=\"canonical\" href=\"https:\/\/www.cmclift.com\/es\/innovacion\/\" \/>\n<meta property=\"og:locale\" content=\"es_ES\" \/>\n<meta property=\"og:type\" content=\"article\" \/>\n<meta property=\"og:title\" content=\"Tecnolog\u00edas avanzadas para elevar los est\u00e1ndares - C.M.C. S.r.l.\" \/>\n<meta property=\"og:description\" content=\"[vc_row full_width=\u00bbstretch_row\u00bb content_placement=\u00bbbottom\u00bb el_class=\u00bbgrd altezza\u00bb css=\u00bb.vc_custom_1631030239990{background-image: url(https:\/\/www.cmclift.com\/wp-content\/uploads\/2021\/07\/Hero_innovazione.jpg?id=204) !important;background-position: center !important;background-repeat: no-repeat !important;background-size: cover !important;}\u00bb][vc_column][vc_row_inner][vc_column_inner][vc_column_text el_class=\u00bba-center bricciole\u00bb][\/vc_column_text][\/vc_column_inner][\/vc_row_inner][\/vc_column][\/vc_row][vc_row el_class=\u00bbtecnologie pad-tb4&#8243;][vc_column width=\u00bb2\/3&#8243; el_class=\u00bbpad-lr3&#8243;][vc_column_text...\" \/>\n<meta property=\"og:url\" content=\"https:\/\/www.cmclift.com\/es\/innovacion\/\" \/>\n<meta property=\"og:site_name\" content=\"C.M.C. S.r.l.\" \/>\n<meta property=\"article:modified_time\" content=\"2022-02-09T06:31:05+00:00\" \/>\n<meta name=\"twitter:card\" content=\"summary_large_image\" \/>\n<meta name=\"twitter:label1\" content=\"Tiempo de lectura\" \/>\n\t<meta name=\"twitter:data1\" content=\"3 minutos\" \/>\n<script type=\"application\/ld+json\" class=\"yoast-schema-graph\">{\"@context\":\"https:\\\/\\\/schema.org\",\"@graph\":[{\"@type\":\"WebPage\",\"@id\":\"https:\\\/\\\/www.cmclift.com\\\/es\\\/innovacion\\\/\",\"url\":\"https:\\\/\\\/www.cmclift.com\\\/es\\\/innovacion\\\/\",\"name\":\"Tecnolog\u00edas avanzadas para elevar los est\u00e1ndares - C.M.C. S.r.l.\",\"isPartOf\":{\"@id\":\"https:\\\/\\\/www.cmclift.com\\\/es\\\/#website\"},\"datePublished\":\"2021-07-12T11:52:21+00:00\",\"dateModified\":\"2022-02-09T06:31:05+00:00\",\"breadcrumb\":{\"@id\":\"https:\\\/\\\/www.cmclift.com\\\/es\\\/innovacion\\\/#breadcrumb\"},\"inLanguage\":\"es\",\"potentialAction\":[{\"@type\":\"ReadAction\",\"target\":[\"https:\\\/\\\/www.cmclift.com\\\/es\\\/innovacion\\\/\"]}]},{\"@type\":\"BreadcrumbList\",\"@id\":\"https:\\\/\\\/www.cmclift.com\\\/es\\\/innovacion\\\/#breadcrumb\",\"itemListElement\":[{\"@type\":\"ListItem\",\"position\":1,\"name\":\"Home\",\"item\":\"https:\\\/\\\/www.cmclift.com\\\/es\\\/\"},{\"@type\":\"ListItem\",\"position\":2,\"name\":\"Innovaci\u00f3n\"}]},{\"@type\":\"WebSite\",\"@id\":\"https:\\\/\\\/www.cmclift.com\\\/es\\\/#website\",\"url\":\"https:\\\/\\\/www.cmclift.com\\\/es\\\/\",\"name\":\"C.M.C. S.r.l.\",\"description\":\"Piattaforme aeree semoventi cingolate, ragni, telescopiche e articolate\",\"publisher\":{\"@id\":\"https:\\\/\\\/www.cmclift.com\\\/es\\\/#organization\"},\"potentialAction\":[{\"@type\":\"SearchAction\",\"target\":{\"@type\":\"EntryPoint\",\"urlTemplate\":\"https:\\\/\\\/www.cmclift.com\\\/es\\\/?s={search_term_string}\"},\"query-input\":{\"@type\":\"PropertyValueSpecification\",\"valueRequired\":true,\"valueName\":\"search_term_string\"}}],\"inLanguage\":\"es\"},{\"@type\":\"Organization\",\"@id\":\"https:\\\/\\\/www.cmclift.com\\\/es\\\/#organization\",\"name\":\"CMC Lift\",\"url\":\"https:\\\/\\\/www.cmclift.com\\\/es\\\/\",\"logo\":{\"@type\":\"ImageObject\",\"inLanguage\":\"es\",\"@id\":\"https:\\\/\\\/www.cmclift.com\\\/es\\\/#\\\/schema\\\/logo\\\/image\\\/\",\"url\":\"https:\\\/\\\/www.cmclift.com\\\/wp-content\\\/uploads\\\/2021\\\/08\\\/CMC_bianco_footer-2.png\",\"contentUrl\":\"https:\\\/\\\/www.cmclift.com\\\/wp-content\\\/uploads\\\/2021\\\/08\\\/CMC_bianco_footer-2.png\",\"width\":250,\"height\":84,\"caption\":\"CMC Lift\"},\"image\":{\"@id\":\"https:\\\/\\\/www.cmclift.com\\\/es\\\/#\\\/schema\\\/logo\\\/image\\\/\"}}]}<\/script>\n<!-- \/ Yoast SEO plugin. -->","yoast_head_json":{"title":"Tecnolog\u00edas avanzadas para elevar los est\u00e1ndares - C.M.C. S.r.l.","robots":{"index":"index","follow":"follow","max-snippet":"max-snippet:-1","max-image-preview":"max-image-preview:large","max-video-preview":"max-video-preview:-1"},"canonical":"https:\/\/www.cmclift.com\/es\/innovacion\/","og_locale":"es_ES","og_type":"article","og_title":"Tecnolog\u00edas avanzadas para elevar los est\u00e1ndares - C.M.C. S.r.l.","og_description":"[vc_row full_width=\u00bbstretch_row\u00bb content_placement=\u00bbbottom\u00bb el_class=\u00bbgrd altezza\u00bb css=\u00bb.vc_custom_1631030239990{background-image: url(https:\/\/www.cmclift.com\/wp-content\/uploads\/2021\/07\/Hero_innovazione.jpg?id=204) !important;background-position: center !important;background-repeat: no-repeat !important;background-size: cover !important;}\u00bb][vc_column][vc_row_inner][vc_column_inner][vc_column_text el_class=\u00bba-center bricciole\u00bb][\/vc_column_text][\/vc_column_inner][\/vc_row_inner][\/vc_column][\/vc_row][vc_row el_class=\u00bbtecnologie pad-tb4&#8243;][vc_column width=\u00bb2\/3&#8243; el_class=\u00bbpad-lr3&#8243;][vc_column_text...","og_url":"https:\/\/www.cmclift.com\/es\/innovacion\/","og_site_name":"C.M.C. S.r.l.","article_modified_time":"2022-02-09T06:31:05+00:00","twitter_card":"summary_large_image","twitter_misc":{"Tiempo de lectura":"3 minutos"},"schema":{"@context":"https:\/\/schema.org","@graph":[{"@type":"WebPage","@id":"https:\/\/www.cmclift.com\/es\/innovacion\/","url":"https:\/\/www.cmclift.com\/es\/innovacion\/","name":"Tecnolog\u00edas avanzadas para elevar los est\u00e1ndares - C.M.C. S.r.l.","isPartOf":{"@id":"https:\/\/www.cmclift.com\/es\/#website"},"datePublished":"2021-07-12T11:52:21+00:00","dateModified":"2022-02-09T06:31:05+00:00","breadcrumb":{"@id":"https:\/\/www.cmclift.com\/es\/innovacion\/#breadcrumb"},"inLanguage":"es","potentialAction":[{"@type":"ReadAction","target":["https:\/\/www.cmclift.com\/es\/innovacion\/"]}]},{"@type":"BreadcrumbList","@id":"https:\/\/www.cmclift.com\/es\/innovacion\/#breadcrumb","itemListElement":[{"@type":"ListItem","position":1,"name":"Home","item":"https:\/\/www.cmclift.com\/es\/"},{"@type":"ListItem","position":2,"name":"Innovaci\u00f3n"}]},{"@type":"WebSite","@id":"https:\/\/www.cmclift.com\/es\/#website","url":"https:\/\/www.cmclift.com\/es\/","name":"C.M.C. S.r.l.","description":"Piattaforme aeree semoventi cingolate, ragni, telescopiche e articolate","publisher":{"@id":"https:\/\/www.cmclift.com\/es\/#organization"},"potentialAction":[{"@type":"SearchAction","target":{"@type":"EntryPoint","urlTemplate":"https:\/\/www.cmclift.com\/es\/?s={search_term_string}"},"query-input":{"@type":"PropertyValueSpecification","valueRequired":true,"valueName":"search_term_string"}}],"inLanguage":"es"},{"@type":"Organization","@id":"https:\/\/www.cmclift.com\/es\/#organization","name":"CMC Lift","url":"https:\/\/www.cmclift.com\/es\/","logo":{"@type":"ImageObject","inLanguage":"es","@id":"https:\/\/www.cmclift.com\/es\/#\/schema\/logo\/image\/","url":"https:\/\/www.cmclift.com\/wp-content\/uploads\/2021\/08\/CMC_bianco_footer-2.png","contentUrl":"https:\/\/www.cmclift.com\/wp-content\/uploads\/2021\/08\/CMC_bianco_footer-2.png","width":250,"height":84,"caption":"CMC Lift"},"image":{"@id":"https:\/\/www.cmclift.com\/es\/#\/schema\/logo\/image\/"}}]}},"_links":{"self":[{"href":"https:\/\/www.cmclift.com\/es\/wp-json\/wp\/v2\/pages\/21805","targetHints":{"allow":["GET"]}}],"collection":[{"href":"https:\/\/www.cmclift.com\/es\/wp-json\/wp\/v2\/pages"}],"about":[{"href":"https:\/\/www.cmclift.com\/es\/wp-json\/wp\/v2\/types\/page"}],"author":[{"embeddable":true,"href":"https:\/\/www.cmclift.com\/es\/wp-json\/wp\/v2\/users\/9"}],"replies":[{"embeddable":true,"href":"https:\/\/www.cmclift.com\/es\/wp-json\/wp\/v2\/comments?post=21805"}],"version-history":[{"count":5,"href":"https:\/\/www.cmclift.com\/es\/wp-json\/wp\/v2\/pages\/21805\/revisions"}],"predecessor-version":[{"id":23681,"href":"https:\/\/www.cmclift.com\/es\/wp-json\/wp\/v2\/pages\/21805\/revisions\/23681"}],"wp:attachment":[{"href":"https:\/\/www.cmclift.com\/es\/wp-json\/wp\/v2\/media?parent=21805"}],"curies":[{"name":"wp","href":"https:\/\/api.w.org\/{rel}","templated":true}]}}