{"id":21848,"date":"2021-09-19T07:43:01","date_gmt":"2021-09-19T05:43:01","guid":{"rendered":"https:\/\/www.cmclift.com\/candidatura-spontanea\/"},"modified":"2022-01-24T17:24:46","modified_gmt":"2022-01-24T16:24:46","slug":"candidatura-espontanea","status":"publish","type":"page","link":"https:\/\/www.cmclift.com\/es\/trabaja-con-nosotros\/candidatura-espontanea\/","title":{"rendered":"Candidatura espont\u00e1nea"},"content":{"rendered":"<div class=\"wpb-content-wrapper\"><p>[vc_row full_width=\u00bbstretch_row\u00bb content_placement=\u00bbbottom\u00bb css=\u00bb.vc_custom_1631030536545{background-image: url(https:\/\/www.cmclift.com\/wp-content\/uploads\/2021\/07\/Hero_Articolo.jpg?id=404) !important;background-position: center !important;background-repeat: no-repeat !important;background-size: cover !important;}\u00bb el_class=\u00bbaltezza\u00bb][vc_column][vc_row_inner][vc_column_inner][vc_column_text el_class=\u00bba-center bricciole\u00bb]<span><span><a href=\"https:\/\/www.cmclift.com\/es\/\">Home<\/a><\/span><\/span>[\/vc_column_text][\/vc_column_inner][\/vc_row_inner][\/vc_column][\/vc_row][vc_row][vc_column css=\u00bb.vc_custom_1626190704263{padding-left: 0px !important;}\u00bb][vc_empty_space height=\u00bb30px\u00bb][\/vc_column][vc_column][vc_column_text el_class=\u00bbtitolo\u00bb]<\/p>\n<h1>Candidatura espont\u00e1nea<\/h1>\n<p>[\/vc_column_text][vc_column_text el_class=\u00bblarge\u00bb]\u00bfQuiere formar parte del equipo \u00abspecialift\u00bb?<\/p>\n<p>No hesite. Rellene el siguiente formulario en cada parte, incluyendo sus datos personales, experiencia y \u00e1rea profesional, y env\u00edenoslo junto con una carta de presentaci\u00f3n y su Curr\u00edculum Vitae. A continuaci\u00f3n, le conoceremos y consideraremos su solicitud para futuras oportunidades de trabajo.[\/vc_column_text][\/vc_column][\/vc_row][vc_row css=\u00bb.vc_custom_1632029728315{background-color: #eff0f0 !important;}\u00bb el_class=\u00bbpad-lr4&#8243;][vc_column][vc_empty_space height=\u00bb30px\u00bb]\n<div class=\"wpcf7 no-js\" id=\"wpcf7-f20094-o1\" lang=\"it-IT\" dir=\"ltr\" data-wpcf7-id=\"20094\">\n<div class=\"screen-reader-response\"><p role=\"status\" aria-live=\"polite\" aria-atomic=\"true\"><\/p> <ul><\/ul><\/div>\n<form action=\"\/es\/wp-json\/wp\/v2\/pages\/21848#wpcf7-f20094-o1\" method=\"post\" class=\"wpcf7-form init\" aria-label=\"Modulo di contatto\" enctype=\"multipart\/form-data\" novalidate=\"novalidate\" data-status=\"init\">\n<fieldset class=\"hidden-fields-container\"><legend class=\"screen-reader-text\">Hidden fields<\/legend><input type=\"hidden\" name=\"_wpcf7\" value=\"20094\" \/><input type=\"hidden\" name=\"_wpcf7_version\" value=\"6.1.5\" \/><input type=\"hidden\" name=\"_wpcf7_locale\" value=\"it_IT\" \/><input type=\"hidden\" name=\"_wpcf7_unit_tag\" value=\"wpcf7-f20094-o1\" \/><input type=\"hidden\" name=\"_wpcf7_container_post\" value=\"0\" \/><input type=\"hidden\" name=\"_wpcf7_posted_data_hash\" value=\"\" \/><input type=\"hidden\" name=\"_wpcf7cf_hidden_group_fields\" value=\"[]\" \/><input type=\"hidden\" name=\"_wpcf7cf_hidden_groups\" value=\"[]\" \/><input type=\"hidden\" name=\"_wpcf7cf_visible_groups\" value=\"[]\" \/><input type=\"hidden\" name=\"_wpcf7cf_repeaters\" value=\"[]\" \/><input type=\"hidden\" name=\"_wpcf7cf_steps\" value=\"{}\" \/><input type=\"hidden\" name=\"_wpcf7cf_options\" value=\"{&quot;form_id&quot;:20094,&quot;conditions&quot;:[],&quot;settings&quot;:{&quot;animation&quot;:&quot;yes&quot;,&quot;animation_intime&quot;:200,&quot;animation_outtime&quot;:200,&quot;conditions_ui&quot;:&quot;normal&quot;,&quot;notice_dismissed&quot;:false,&quot;notice_dismissed_rollback-cf7-5.7.4&quot;:true}}\" \/>\n<\/fieldset>\n<p><i class=\"fa fa-info-circle\" aria-hidden=\"true\"><\/i> INFORMAZIONI PRELIMINARI<\/p>\n<div class=\"container-flex wrap\">\n<div class=\"label\"><label>Appartenente a categorie protette* <br><sub style=\"bottom:11px\">(L.68\/99)<\/sub><\/label><\/div><div class=\"field\"><span class=\"wpcf7-form-control-wrap\" data-name=\"menu-cat-protetta\"><select class=\"wpcf7-form-control wpcf7-select wpcf7-validates-as-required\" aria-required=\"true\" aria-invalid=\"false\" name=\"menu-cat-protetta\"><option value=\"\">&#8212;Seleziona un&#039;opzione&#8212;<\/option><option value=\"S\u00cc\">S\u00cc<\/option><option value=\"NO\">NO<\/option><\/select><\/span><\/div>\n<div class=\"label\"><label>Dipartimento di interesse*<\/label><\/div><div class=\"field\"><span class=\"wpcf7-form-control-wrap\" data-name=\"menu-913\"><select class=\"wpcf7-form-control wpcf7-select wpcf7-validates-as-required\" aria-required=\"true\" aria-invalid=\"false\" name=\"menu-913\"><option value=\"\">&#8212;Seleziona un&#039;opzione&#8212;<\/option><option value=\"Dipartimento Produzione\">Dipartimento Produzione<\/option><option value=\"Finanza e Amministrazione\">Finanza e Amministrazione<\/option><option value=\"Gestione di Progetto\">Gestione di Progetto<\/option><option value=\"Graphic Design\">Graphic Design<\/option><option value=\"Informatica\">Informatica<\/option><option value=\"Legale\">Legale<\/option><option value=\"Logistica\">Logistica<\/option><option value=\"Magazzino\">Magazzino<\/option><option value=\"Marketing\">Marketing<\/option><option value=\"Ricerca e Sviluppo\">Ricerca e Sviluppo<\/option><option value=\"Risorse Umane\">Risorse Umane<\/option><option value=\"Ufficio Acquisti\">Ufficio Acquisti<\/option><option value=\"Ufficio Tecnico\">Ufficio Tecnico<\/option><option value=\"Vendite\">Vendite<\/option><option value=\"Videomaker\">Videomaker<\/option><option value=\"Altro\">Altro<\/option><\/select><\/span><\/div>\n<div class=\"label\"><label>Anzianit\u00e0 Lavorativa*<\/label><\/div><div class=\"field\"><span class=\"wpcf7-form-control-wrap\" data-name=\"menu-748\"><select class=\"wpcf7-form-control wpcf7-select wpcf7-validates-as-required\" aria-required=\"true\" aria-invalid=\"false\" name=\"menu-748\"><option value=\"\">&#8212;Seleziona un&#039;opzione&#8212;<\/option><option value=\"Studente o Neolaureato\/Neodiplomato\">Studente o Neolaureato\/Neodiplomato<\/option><option value=\"Professionista Junior (1-5 anni)\">Professionista Junior (1-5 anni)<\/option><option value=\"Professionista Senior (&gt; 5 anni)\">Professionista Senior (&gt; 5 anni)<\/option><\/select><\/span><\/div>\n<div class=\"label\"><label>Disponibilit\u00e0*<\/label><\/div><div class=\"field\"><span class=\"wpcf7-form-control-wrap\" data-name=\"menu-749\"><select class=\"wpcf7-form-control wpcf7-select wpcf7-validates-as-required\" aria-required=\"true\" aria-invalid=\"false\" name=\"menu-749\"><option value=\"\">&#8212;Seleziona un&#039;opzione&#8212;<\/option><option value=\"Immediata\">Immediata<\/option><option value=\"Da concordare\">Da concordare<\/option><\/select><\/span><\/div>\n<\/div>\n<div style=\"height:50px;\"><\/div>\n<p><i class=\"fa fa-user\" aria-hidden=\"true\"><\/i> INFORMAZIONI PERSONALI<\/p>\n<div class=\"container-flex wrap\">\n<div class=\"label\"><label>Nome*<\/label><\/div><div class=\"field\"><span class=\"wpcf7-form-control-wrap\" data-name=\"nome\"><input size=\"40\" maxlength=\"400\" class=\"wpcf7-form-control wpcf7-text wpcf7-validates-as-required\" aria-required=\"true\" aria-invalid=\"false\" value=\"\" type=\"text\" name=\"nome\" \/><\/span><\/div>\n<div class=\"label\"><label>Cognome*<\/label><\/div><div class=\"field\"><span class=\"wpcf7-form-control-wrap\" data-name=\"cognome\"><input size=\"40\" maxlength=\"400\" class=\"wpcf7-form-control wpcf7-text wpcf7-validates-as-required\" aria-required=\"true\" aria-invalid=\"false\" value=\"\" type=\"text\" name=\"cognome\" \/><\/span> <\/div>\n<div class=\"label\"><label>Data di nascita*<\/label><\/div><div class=\"field\"><span class=\"wpcf7-form-control-wrap\" data-name=\"datanascita-877\"><input class=\"wpcf7-form-control wpcf7-date wpcf7-validates-as-required wpcf7-validates-as-date\" aria-required=\"true\" aria-invalid=\"false\" value=\"\" type=\"date\" name=\"datanascita-877\" \/><\/span><\/div>\n<div class=\"label\"><label>Indirizzo*<\/label><\/div><div class=\"field\"><span class=\"wpcf7-form-control-wrap\" data-name=\"indirizzo\"><input size=\"40\" maxlength=\"400\" class=\"wpcf7-form-control wpcf7-text wpcf7-validates-as-required\" aria-required=\"true\" aria-invalid=\"false\" value=\"\" type=\"text\" name=\"indirizzo\" \/><\/span><\/div>\n<div class=\"label\"><label>Citt\u00e0* <\/label><\/div><div class=\"field\"><span class=\"wpcf7-form-control-wrap\" data-name=\"citta\"><input size=\"40\" maxlength=\"400\" class=\"wpcf7-form-control wpcf7-text wpcf7-validates-as-required\" aria-required=\"true\" aria-invalid=\"false\" value=\"\" type=\"text\" name=\"citta\" \/><\/span> <\/div>\n<div class=\"label\"><label>CAP* <\/label><\/div><div class=\"field\"><span class=\"wpcf7-form-control-wrap\" data-name=\"cap\"><input size=\"40\" maxlength=\"400\" class=\"wpcf7-form-control wpcf7-text wpcf7-validates-as-required\" aria-required=\"true\" aria-invalid=\"false\" value=\"\" type=\"text\" name=\"cap\" \/><\/span> <\/div>\n<div class=\"label\"><label>Provincia\/Stato <\/label><\/div><div class=\"field\"><span class=\"wpcf7-form-control-wrap\" data-name=\"provincia\"><input size=\"40\" maxlength=\"400\" class=\"wpcf7-form-control wpcf7-text wpcf7-validates-as-required\" aria-required=\"true\" aria-invalid=\"false\" value=\"\" type=\"text\" name=\"provincia\" \/><\/span> <\/div>\n<div class=\"label\"><label>Paese* <\/label><\/div><div class=\"field\"><span class=\"wpcf7-form-control-wrap\" data-name=\"paese\"><input size=\"40\" maxlength=\"400\" class=\"wpcf7-form-control wpcf7-text wpcf7-validates-as-required\" aria-required=\"true\" aria-invalid=\"false\" value=\"\" type=\"text\" name=\"paese\" \/><\/span> <\/div>\n<div class=\"label\"><label>E-Mail* <\/label><\/div><div class=\"field\"><span class=\"wpcf7-form-control-wrap\" data-name=\"email\"><input size=\"40\" maxlength=\"400\" class=\"wpcf7-form-control wpcf7-email wpcf7-validates-as-required wpcf7-text wpcf7-validates-as-email\" aria-required=\"true\" aria-invalid=\"false\" value=\"\" type=\"email\" name=\"email\" \/><\/span> <\/div>\n<div class=\"label\"><label>Telefono* <\/label><\/div><div class=\"field\"><span class=\"wpcf7-form-control-wrap\" data-name=\"tel\"><input size=\"40\" maxlength=\"400\" class=\"wpcf7-form-control wpcf7-text wpcf7-validates-as-required\" aria-required=\"true\" aria-invalid=\"false\" value=\"\" type=\"text\" name=\"tel\" \/><\/span> <\/div>\n<div class=\"label\"><label>Messaggio* <\/label><\/div><div class=\"field\"><span class=\"wpcf7-form-control-wrap\" data-name=\"messaggio\"><textarea cols=\"40\" rows=\"5\" maxlength=\"2000\" class=\"wpcf7-form-control wpcf7-textarea\" aria-invalid=\"false\" name=\"messaggio\"><\/textarea><\/span><\/div>\n<\/div>\n\n<div style=\"height:50px;\"><\/div>\n<p><i class=\"fa fa-file-pdf-o\" aria-hidden=\"true\"><\/i> CARICA CV<\/p>\n<div class=\"container-flex wrap\">\n<div class=\"label\"><label>Aggiungi Curriculum*<\/label><\/div><div class=\"field\"> <span class=\"wpcf7-form-control-wrap\" data-name=\"file-192\"><input size=\"40\" class=\"wpcf7-form-control wpcf7-file wpcf7-validates-as-required\" accept=\".pdf\" aria-required=\"true\" aria-invalid=\"false\" type=\"file\" name=\"file-192\" \/><\/span><\/div>\n<\/div>\n<div style=\"height:80px;\"><\/div>\n<p><i class=\"fa fa-pencil\" aria-hidden=\"true\"><\/i> SCRIVI O CARICA IL FILE DELLA TUA LETTERA DI PRESENTAZIONE<\/p>\n<div class=\"container-flex wrap\">\n<div class=\"label\"><label>Aggiungi lettera di presentazione*<\/label><\/div><div class=\"field\"> <span class=\"wpcf7-form-control-wrap\" data-name=\"file-193\"><input size=\"40\" class=\"wpcf7-form-control wpcf7-file wpcf7-validates-as-required lettera\" accept=\".pdf\" aria-required=\"true\" aria-invalid=\"false\" type=\"file\" name=\"file-193\" \/><\/span><\/div>\n<div class=\"label\"><label>Scrivi lettera di presentazione<\/label><\/div><div class=\"field\"> <span class=\"wpcf7-form-control-wrap\" data-name=\"textarea-424\"><textarea cols=\"40\" rows=\"10\" maxlength=\"2000\" minlength=\"10\" class=\"wpcf7-form-control wpcf7-textarea presentazione\" aria-invalid=\"false\" name=\"textarea-424\"><\/textarea><\/span><\/div>\n<div class=\"label\"><\/div><div class=\"field\"><span class=\"wpcf7-form-control-wrap\" data-name=\"acceptance-688\"><span class=\"wpcf7-form-control wpcf7-acceptance\"><span class=\"wpcf7-list-item\"><input type=\"checkbox\" name=\"acceptance-688\" value=\"1\" aria-invalid=\"false\" \/><\/span><\/span><\/span> Autorizzo il trattamento dei miei dati personali secondo la <a style=\"font-weight:700; text-decoration: underline;\" href=\"https:\/\/www.cmclift.com\/privacy-policy\/\">privacy policy<\/a> di CMC. <br> Ho compreso e accetto quanto previsto dall\u2019<a style=\"font-weight:700; text-decoration: underline;\"href=\"https:\/\/www.cmclift.com\/wp-content\/uploads\/2024\/09\/Informativa-ai-candidati-allassunzione-CMC.COM_.pdf\" target=\"blank\">informativa ai candidati<\/a> all\u2019assunzione.<\/div>\n<\/div>\n<div class=\"a-center submit-send\">\n<input class=\"wpcf7-form-control wpcf7-submit has-spinner\" type=\"submit\" value=\"Invia\" \/>\n<\/div><div class=\"wpcf7-response-output\" aria-hidden=\"true\"><\/div>\n<\/form>\n<\/div>\n[vc_empty_space height=\u00bb30px\u00bb][\/vc_column][\/vc_row][vc_row][vc_column css=\u00bb.vc_custom_1626190710684{padding-left: 0px !important;}\u00bb][vc_empty_space height=\u00bb150px\u00bb][\/vc_column][\/vc_row]<\/p>\n<\/div>","protected":false},"excerpt":{"rendered":"<p>[vc_row full_width=\u00bbstretch_row\u00bb content_placement=\u00bbbottom\u00bb css=\u00bb.vc_custom_1631030536545{background-image: url(https:\/\/www.cmclift.com\/wp-content\/uploads\/2021\/07\/Hero_Articolo.jpg?id=404) !important;background-position: center !important;background-repeat: no-repeat !important;background-size: cover !important;}\u00bb el_class=\u00bbaltezza\u00bb][vc_column][vc_row_inner][vc_column_inner][vc_column_text el_class=\u00bba-center bricciole\u00bb][\/vc_column_text][\/vc_column_inner][\/vc_row_inner][\/vc_column][\/vc_row][vc_row][vc_column css=\u00bb.vc_custom_1626190704263{padding-left: 0px !important;}\u00bb][vc_empty_space height=\u00bb30px\u00bb][\/vc_column][vc_column][vc_column_text el_class=\u00bbtitolo\u00bb]&#8230;<\/p>\n","protected":false},"author":9,"featured_media":0,"parent":21851,"menu_order":0,"comment_status":"closed","ping_status":"closed","template":"","meta":{"footnotes":""},"class_list":["post-21848","page","type-page","status-publish"],"yoast_head":"<!-- This site is optimized with the Yoast SEO plugin v27.4 - https:\/\/yoast.com\/product\/yoast-seo-wordpress\/ -->\n<title>Candidatura espont\u00e1nea - C.M.C. S.r.l.<\/title>\n<meta name=\"robots\" content=\"index, follow, max-snippet:-1, max-image-preview:large, max-video-preview:-1\" \/>\n<link rel=\"canonical\" href=\"https:\/\/www.cmclift.com\/es\/trabaja-con-nosotros\/candidatura-espontanea\/\" \/>\n<meta property=\"og:locale\" content=\"es_ES\" \/>\n<meta property=\"og:type\" content=\"article\" \/>\n<meta property=\"og:title\" content=\"Candidatura espont\u00e1nea - C.M.C. S.r.l.\" \/>\n<meta property=\"og:description\" content=\"[vc_row full_width=\u00bbstretch_row\u00bb content_placement=\u00bbbottom\u00bb css=\u00bb.vc_custom_1631030536545{background-image: url(https:\/\/www.cmclift.com\/wp-content\/uploads\/2021\/07\/Hero_Articolo.jpg?id=404) !important;background-position: center !important;background-repeat: no-repeat !important;background-size: cover !important;}\u00bb el_class=\u00bbaltezza\u00bb][vc_column][vc_row_inner][vc_column_inner][vc_column_text el_class=\u00bba-center bricciole\u00bb][\/vc_column_text][\/vc_column_inner][\/vc_row_inner][\/vc_column][\/vc_row][vc_row][vc_column css=\u00bb.vc_custom_1626190704263{padding-left: 0px !important;}\u00bb][vc_empty_space height=\u00bb30px\u00bb][\/vc_column][vc_column][vc_column_text el_class=\u00bbtitolo\u00bb]...\" \/>\n<meta property=\"og:url\" content=\"https:\/\/www.cmclift.com\/es\/trabaja-con-nosotros\/candidatura-espontanea\/\" \/>\n<meta property=\"og:site_name\" content=\"C.M.C. S.r.l.\" \/>\n<meta property=\"article:modified_time\" content=\"2022-01-24T16:24:46+00:00\" \/>\n<meta name=\"twitter:card\" content=\"summary_large_image\" \/>\n<meta name=\"twitter:label1\" content=\"Tiempo de lectura\" \/>\n\t<meta name=\"twitter:data1\" content=\"1 minuto\" \/>\n<script type=\"application\/ld+json\" class=\"yoast-schema-graph\">{\"@context\":\"https:\\\/\\\/schema.org\",\"@graph\":[{\"@type\":\"WebPage\",\"@id\":\"https:\\\/\\\/www.cmclift.com\\\/es\\\/trabaja-con-nosotros\\\/candidatura-espontanea\\\/\",\"url\":\"https:\\\/\\\/www.cmclift.com\\\/es\\\/trabaja-con-nosotros\\\/candidatura-espontanea\\\/\",\"name\":\"Candidatura espont\u00e1nea - C.M.C. S.r.l.\",\"isPartOf\":{\"@id\":\"https:\\\/\\\/www.cmclift.com\\\/es\\\/#website\"},\"datePublished\":\"2021-09-19T05:43:01+00:00\",\"dateModified\":\"2022-01-24T16:24:46+00:00\",\"breadcrumb\":{\"@id\":\"https:\\\/\\\/www.cmclift.com\\\/es\\\/trabaja-con-nosotros\\\/candidatura-espontanea\\\/#breadcrumb\"},\"inLanguage\":\"es\",\"potentialAction\":[{\"@type\":\"ReadAction\",\"target\":[\"https:\\\/\\\/www.cmclift.com\\\/es\\\/trabaja-con-nosotros\\\/candidatura-espontanea\\\/\"]}]},{\"@type\":\"BreadcrumbList\",\"@id\":\"https:\\\/\\\/www.cmclift.com\\\/es\\\/trabaja-con-nosotros\\\/candidatura-espontanea\\\/#breadcrumb\",\"itemListElement\":[{\"@type\":\"ListItem\",\"position\":1,\"name\":\"Home\",\"item\":\"https:\\\/\\\/www.cmclift.com\\\/es\\\/\"},{\"@type\":\"ListItem\",\"position\":2,\"name\":\"Trabaja con nosotros\",\"item\":\"https:\\\/\\\/www.cmclift.com\\\/es\\\/?page_id=21851\"},{\"@type\":\"ListItem\",\"position\":3,\"name\":\"Candidatura espont\u00e1nea\"}]},{\"@type\":\"WebSite\",\"@id\":\"https:\\\/\\\/www.cmclift.com\\\/es\\\/#website\",\"url\":\"https:\\\/\\\/www.cmclift.com\\\/es\\\/\",\"name\":\"C.M.C. S.r.l.\",\"description\":\"Piattaforme aeree semoventi cingolate, ragni, telescopiche e articolate\",\"publisher\":{\"@id\":\"https:\\\/\\\/www.cmclift.com\\\/es\\\/#organization\"},\"potentialAction\":[{\"@type\":\"SearchAction\",\"target\":{\"@type\":\"EntryPoint\",\"urlTemplate\":\"https:\\\/\\\/www.cmclift.com\\\/es\\\/?s={search_term_string}\"},\"query-input\":{\"@type\":\"PropertyValueSpecification\",\"valueRequired\":true,\"valueName\":\"search_term_string\"}}],\"inLanguage\":\"es\"},{\"@type\":\"Organization\",\"@id\":\"https:\\\/\\\/www.cmclift.com\\\/es\\\/#organization\",\"name\":\"CMC Lift\",\"url\":\"https:\\\/\\\/www.cmclift.com\\\/es\\\/\",\"logo\":{\"@type\":\"ImageObject\",\"inLanguage\":\"es\",\"@id\":\"https:\\\/\\\/www.cmclift.com\\\/es\\\/#\\\/schema\\\/logo\\\/image\\\/\",\"url\":\"https:\\\/\\\/www.cmclift.com\\\/wp-content\\\/uploads\\\/2021\\\/08\\\/CMC_bianco_footer-2.png\",\"contentUrl\":\"https:\\\/\\\/www.cmclift.com\\\/wp-content\\\/uploads\\\/2021\\\/08\\\/CMC_bianco_footer-2.png\",\"width\":250,\"height\":84,\"caption\":\"CMC Lift\"},\"image\":{\"@id\":\"https:\\\/\\\/www.cmclift.com\\\/es\\\/#\\\/schema\\\/logo\\\/image\\\/\"}}]}<\/script>\n<!-- \/ Yoast SEO plugin. -->","yoast_head_json":{"title":"Candidatura espont\u00e1nea - C.M.C. S.r.l.","robots":{"index":"index","follow":"follow","max-snippet":"max-snippet:-1","max-image-preview":"max-image-preview:large","max-video-preview":"max-video-preview:-1"},"canonical":"https:\/\/www.cmclift.com\/es\/trabaja-con-nosotros\/candidatura-espontanea\/","og_locale":"es_ES","og_type":"article","og_title":"Candidatura espont\u00e1nea - C.M.C. S.r.l.","og_description":"[vc_row full_width=\u00bbstretch_row\u00bb content_placement=\u00bbbottom\u00bb css=\u00bb.vc_custom_1631030536545{background-image: url(https:\/\/www.cmclift.com\/wp-content\/uploads\/2021\/07\/Hero_Articolo.jpg?id=404) !important;background-position: center !important;background-repeat: no-repeat !important;background-size: cover !important;}\u00bb el_class=\u00bbaltezza\u00bb][vc_column][vc_row_inner][vc_column_inner][vc_column_text el_class=\u00bba-center bricciole\u00bb][\/vc_column_text][\/vc_column_inner][\/vc_row_inner][\/vc_column][\/vc_row][vc_row][vc_column css=\u00bb.vc_custom_1626190704263{padding-left: 0px !important;}\u00bb][vc_empty_space height=\u00bb30px\u00bb][\/vc_column][vc_column][vc_column_text el_class=\u00bbtitolo\u00bb]...","og_url":"https:\/\/www.cmclift.com\/es\/trabaja-con-nosotros\/candidatura-espontanea\/","og_site_name":"C.M.C. S.r.l.","article_modified_time":"2022-01-24T16:24:46+00:00","twitter_card":"summary_large_image","twitter_misc":{"Tiempo de lectura":"1 minuto"},"schema":{"@context":"https:\/\/schema.org","@graph":[{"@type":"WebPage","@id":"https:\/\/www.cmclift.com\/es\/trabaja-con-nosotros\/candidatura-espontanea\/","url":"https:\/\/www.cmclift.com\/es\/trabaja-con-nosotros\/candidatura-espontanea\/","name":"Candidatura espont\u00e1nea - C.M.C. S.r.l.","isPartOf":{"@id":"https:\/\/www.cmclift.com\/es\/#website"},"datePublished":"2021-09-19T05:43:01+00:00","dateModified":"2022-01-24T16:24:46+00:00","breadcrumb":{"@id":"https:\/\/www.cmclift.com\/es\/trabaja-con-nosotros\/candidatura-espontanea\/#breadcrumb"},"inLanguage":"es","potentialAction":[{"@type":"ReadAction","target":["https:\/\/www.cmclift.com\/es\/trabaja-con-nosotros\/candidatura-espontanea\/"]}]},{"@type":"BreadcrumbList","@id":"https:\/\/www.cmclift.com\/es\/trabaja-con-nosotros\/candidatura-espontanea\/#breadcrumb","itemListElement":[{"@type":"ListItem","position":1,"name":"Home","item":"https:\/\/www.cmclift.com\/es\/"},{"@type":"ListItem","position":2,"name":"Trabaja con nosotros","item":"https:\/\/www.cmclift.com\/es\/?page_id=21851"},{"@type":"ListItem","position":3,"name":"Candidatura espont\u00e1nea"}]},{"@type":"WebSite","@id":"https:\/\/www.cmclift.com\/es\/#website","url":"https:\/\/www.cmclift.com\/es\/","name":"C.M.C. S.r.l.","description":"Piattaforme aeree semoventi cingolate, ragni, telescopiche e articolate","publisher":{"@id":"https:\/\/www.cmclift.com\/es\/#organization"},"potentialAction":[{"@type":"SearchAction","target":{"@type":"EntryPoint","urlTemplate":"https:\/\/www.cmclift.com\/es\/?s={search_term_string}"},"query-input":{"@type":"PropertyValueSpecification","valueRequired":true,"valueName":"search_term_string"}}],"inLanguage":"es"},{"@type":"Organization","@id":"https:\/\/www.cmclift.com\/es\/#organization","name":"CMC Lift","url":"https:\/\/www.cmclift.com\/es\/","logo":{"@type":"ImageObject","inLanguage":"es","@id":"https:\/\/www.cmclift.com\/es\/#\/schema\/logo\/image\/","url":"https:\/\/www.cmclift.com\/wp-content\/uploads\/2021\/08\/CMC_bianco_footer-2.png","contentUrl":"https:\/\/www.cmclift.com\/wp-content\/uploads\/2021\/08\/CMC_bianco_footer-2.png","width":250,"height":84,"caption":"CMC Lift"},"image":{"@id":"https:\/\/www.cmclift.com\/es\/#\/schema\/logo\/image\/"}}]}},"_links":{"self":[{"href":"https:\/\/www.cmclift.com\/es\/wp-json\/wp\/v2\/pages\/21848","targetHints":{"allow":["GET"]}}],"collection":[{"href":"https:\/\/www.cmclift.com\/es\/wp-json\/wp\/v2\/pages"}],"about":[{"href":"https:\/\/www.cmclift.com\/es\/wp-json\/wp\/v2\/types\/page"}],"author":[{"embeddable":true,"href":"https:\/\/www.cmclift.com\/es\/wp-json\/wp\/v2\/users\/9"}],"replies":[{"embeddable":true,"href":"https:\/\/www.cmclift.com\/es\/wp-json\/wp\/v2\/comments?post=21848"}],"version-history":[{"count":3,"href":"https:\/\/www.cmclift.com\/es\/wp-json\/wp\/v2\/pages\/21848\/revisions"}],"predecessor-version":[{"id":21854,"href":"https:\/\/www.cmclift.com\/es\/wp-json\/wp\/v2\/pages\/21848\/revisions\/21854"}],"up":[{"embeddable":true,"href":"https:\/\/www.cmclift.com\/es\/wp-json\/wp\/v2\/pages\/21851"}],"wp:attachment":[{"href":"https:\/\/www.cmclift.com\/es\/wp-json\/wp\/v2\/media?parent=21848"}],"curies":[{"name":"wp","href":"https:\/\/api.w.org\/{rel}","templated":true}]}}