{"id":23699,"date":"2021-08-05T18:32:32","date_gmt":"2021-08-05T16:32:32","guid":{"rendered":"https:\/\/www.cmclift.com\/privacy-policy\/"},"modified":"2024-07-30T10:58:31","modified_gmt":"2024-07-30T08:58:31","slug":"privacy-policy","status":"publish","type":"page","link":"https:\/\/www.cmclift.com\/es\/privacy-policy\/","title":{"rendered":"Pol\u00edtica de Privacidad"},"content":{"rendered":"<div class=\"wpb-content-wrapper\"><p>[vc_row disable_element=\u00bbyes\u00bb][vc_column][vc_empty_space height=\u00bb160px\u00bb][vc_raw_html]JTVCd3BzZW9fYnJlYWRjcnVtYiU1RA==[\/vc_raw_html][vc_empty_space height=\u00bb20px\u00bb][vc_column_text]<\/p>\n<h1>Pol\u00edtica de Privacidad<\/h1>\n<p>CMC srl con domicilio legal en: Bari (BA) Via Bitritto 119<\/p>\n<p>Como Responsable del Tratamiento, le informamos de acuerdo con el Reglamento UE 2016\/679 \u00abReglamento Europeo\u00bb y D. Lgs 10\/08\/2018, n. 101 que en la estructura de la organizaci\u00f3n y en las sucursales (unidades locales) el tratamiento de sus datos personales se lleva a cabo en pleno cumplimiento de las normas mencionadas, garantizando el respeto de las libertades fundamentales y la dignidad de la persona afectada, protegiendo en particular la confidencialidad y la protecci\u00f3n de los datos. Hay que tener en cuenta que la informaci\u00f3n se refiere a los datos personales facilitados por el interesado o sus delegados y a los que se soliciten en el futuro compatibles con las finalidades que se indican a continuaci\u00f3n, obtenidos directamente de ellos o a trav\u00e9s de sistemas inform\u00e1ticos de dominio p\u00fablico en los que el interesado haya facilitado sus datos para ser contactado posteriormente por potenciales clientes.<\/p>\n<p>&nbsp;<\/p>\n<p>De acuerdo con el art\u00edculo 13 del C\u00f3digo y el Reglamento, le proporcionamos la siguiente informaci\u00f3n:<\/p>\n<p>M\u00e9todos de tratamiento<br \/>\nEl tratamiento de los datos puede\/podr\u00e1 llevarse a cabo con la ayuda de soportes de papel y\/o mediante el uso de sistemas inform\u00e1ticos y equipos electr\u00f3nicos relacionados (tambi\u00e9n remotos con sistemas de protecci\u00f3n y seguridad adecuados), por parte de personas espec\u00edficamente designadas y formadas en materia de seguridad y tratamiento de datos, para los fines que se indican a continuaci\u00f3n. El tratamiento posterior para fines diferentes ser\u00e1 objeto de informaci\u00f3n y consentimiento espec\u00edficos, si as\u00ed lo exige la ley.<\/p>\n<p>Objetivos perseguidos<br \/>\nGesti\u00f3n administrativa, contable y fiscal de la empresa (facturaci\u00f3n, organizaci\u00f3n de las actividades, etc.)<br \/>\nGesti\u00f3n operativa y log\u00edstica interna\/externa (entrega y\/o recogida de mercanc\u00edas o productos, comunicaci\u00f3n del estado del trabajo)<br \/>\nPrestaci\u00f3n de servicios, materiales, trabajos, servicios especializados (lista no exhaustiva: asesoramiento, suministro de materiales, trabajos en edificios, instalaciones, servicios profesionales, t\u00e9cnicos, log\u00edsticos y de formaci\u00f3n, etc.)<\/p>\n<p>Gesti\u00f3n de los posibles contenciosos entre las partes (reclamaciones, incumplimiento de contrato entre las partes)<br \/>\nArchivo de la documentaci\u00f3n t\u00e9cnica\/administrativa (en relaci\u00f3n con las obligaciones legales, conservaci\u00f3n de la documentaci\u00f3n fiscal y contractual, avisos contractuales y de garant\u00eda sobre los bienes suministrados)<br \/>\nenv\u00edo de comunicaciones comerciales promocionales peri\u00f3dicas<br \/>\nenv\u00edo de felicitaciones para cumplea\u00f1os y\/o celebraciones<\/p>\n<p>Divulgaci\u00f3n de datos personales<br \/>\nLos datos que est\u00e1n en nuestro poder ser\u00e1n tratados por los sujetos internos (designados y responsables) en relaci\u00f3n con las funciones cubiertas dentro de la organizaci\u00f3n, con el fin de perseguir los fines enumerados anteriormente y sobre la base de la relaci\u00f3n existente entre las partes. La organizaci\u00f3n tambi\u00e9n recurre a sujetos externos a la estructura debido a actividades espec\u00edficas vinculadas a determinadas figuras profesionales y\/o t\u00e9cnicas, que implican un tratamiento de datos. Estas personas son designadas como procesadores de datos externos y, por lo tanto, est\u00e1n sujetas a las obligaciones que les impone la legislaci\u00f3n vigente.<\/p>\n<p>Las categor\u00edas de destinatarios son las siguientes:<\/p>\n<p>INTERNOS<br \/>\nEmpleados de la empresa o colaboradores bajo diferentes formas contractuales bajo el control directo del Titular<\/p>\n<p>EXTERNOS<br \/>\nAsesor\u00edas fiscales (contables, asesores fiscales, etc.) Asesor\u00edas en general Talleres autorizados (para el mantenimiento, la garant\u00eda, etc.) Compa\u00f1\u00edas de seguros Empresas financieras (pr\u00e9stamos, financiaci\u00f3n, leasing, alquiler a largo plazo) Fabricantes de equipos Asesoramiento sobre beneficios especiales (comprobaci\u00f3n de beneficios fiscales)<\/p>\n<p>La comunicaci\u00f3n a sujetos ajenos a la organizaci\u00f3n se realizar\u00e1 dentro de los l\u00edmites de la estricta necesidad de seguimiento de las solicitudes del cliente y del correcto desarrollo del mandato recibido o en virtud de obligaciones legales (por ejemplo, empresa de contabilidad y fiscalidad). De ello deriva que no todas las categor\u00edas de sujetos mencionadas podr\u00e1n tratar los datos, sino s\u00f3lo las figuras internas o externas designadas para realizar un determinado tratamiento obligatorio.<\/p>\n<p>Transferencia de datos a un tercer pa\u00eds u organizaci\u00f3n internacional Para las finalidades arriba indicadas, el responsable del tratamiento no recurre normalmente a la transferencia de datos a un tercer pa\u00eds o a una organizaci\u00f3n internacional, a excepci\u00f3n de la visualizaci\u00f3n de informaci\u00f3n no sensible durante las auditor\u00edas realizadas por los clientes o los organismos de certificaci\u00f3n por cuenta de los mismos, que est\u00e1n obligados al secreto y a estrictos protocolos de seguridad de los datos y de la informaci\u00f3n, en cumplimiento de la normativa italiana y de la Uni\u00f3n Europea.<\/p>\n<p>Concesi\u00f3n obligatoria (o no) de permisos<br \/>\nEl tratamiento de los datos personales s\u00f3lo es admisible si el interesado los ha facilitado.<br \/>\nDicha disposici\u00f3n podr\u00e1 ser facultativa u obligatoria de acuerdo con las disposiciones legales aplicables en relaci\u00f3n con los fines perseguidos.<br \/>\nDe acuerdo con el principio de \u00abnecesidad\u00bb de los datos (excluyendo as\u00ed la solicitud de datos que no sean estrictamente necesarios), se informa al interesado de que, para los fines indicados, cualquier renuncia a facilitar dichos datos imposibilitar\u00e1 la realizaci\u00f3n del tratamiento previsto, imposibilitando as\u00ed la prestaci\u00f3n de los servicios previstos en la relaci\u00f3n entre las partes o el cumplimiento de obligaciones legales espec\u00edficas.<\/p>\n<p>Per\u00edodo de conservaci\u00f3n de los datos<br \/>\nLa conservaci\u00f3n de los datos recogidos, sin perjuicio del ejercicio de los derechos del interesado que se indican a continuaci\u00f3n, se extiende al tiempo estrictamente necesario para la realizaci\u00f3n del pedido, encargo o servicio solicitado, adem\u00e1s de la conservaci\u00f3n de los datos prevista para las garant\u00edas y en \u00faltima instancia por la normativa estatal o europea (por ejemplo, conservaci\u00f3n de documentos fiscales). La informaci\u00f3n que ya no sea necesaria o que deba conservarse por ley o para la protecci\u00f3n de la persona interesada se destruir\u00e1 o, en el caso de los documentos originales, se nos devolver\u00e1 sin conservar copias. Se puede solicitar m\u00e1s informaci\u00f3n sobre los per\u00edodos de conservaci\u00f3n en relaci\u00f3n con los distintos casos al responsable del tratamiento y a sus personas de contacto a trav\u00e9s de los canales de comunicaci\u00f3n indicados en este aviso.<\/p>\n<p>Perfilaci\u00f3n y procesos automatizados<br \/>\nEl tratamiento de los datos personales se lleva a cabo sin el uso de sistemas o procesos automatizados, como para tomar decisiones que afecten al tratamiento de los datos y a los intereses leg\u00edtimos del interesado, ni se prev\u00e9 la elaboraci\u00f3n de perfiles del interesado.<\/p>\n<p>Titular de los datos<br \/>\nLa figura identificada seg\u00fan el C\u00f3digo y el Reglamento de la UE como Titular del Tratamiento a la que puede dirigir cualquier solicitud y ejercer los derechos garantizados al interesado seg\u00fan los art\u00edculos 15 a 22 del Reglamento de la UE 2016\/679 es Cmc SRL &#8211; Via Bitritto 119 70122 Bari (Ba).<\/p>\n<p>Delegado de la protecci\u00f3n de datos (DPD)<br \/>\nLa figura identificada de acuerdo con el C\u00f3digo y el Reglamento de la UE como Delegado de Protecci\u00f3n de Datos (DPD) a la que puede remitir cualquier solicitud y ejercer los derechos garantizados al interesado en virtud de los art\u00edculos 15 a 22 del Reglamento de la UE 2016\/679 es<\/p>\n<p>Flashtech Srl \u2013 Via e.Toti 75 70126 Bari (Ba) email privacy@cmclift.com<\/p>\n<p>Derechos del interesado (art. 7 C\u00f3digo y art. 15 a 22 Reg. UE)<\/p>\n<p>El interesado podr\u00e1 ejercer los siguientes derechos, sin perjuicio de las obligaciones particulares que la organizaci\u00f3n deba cumplir en virtud del C\u00f3digo y de los Reglamentos de la UE y dem\u00e1s legislaci\u00f3n que regula el tratamiento de datos personales concretos:<\/p>\n<p>1. El interesado tiene derecho a obtener la confirmaci\u00f3n de la existencia o no de los datos personales que le conciernen, aunque a\u00fan no est\u00e9n registrados, y su comunicaci\u00f3n en forma inteligible.<\/p>\n<p>2. El interesado tiene derecho a ser informado:<br \/>\na) acerca del origen de los datos personales y las categor\u00edas;<br \/>\nb) sobre los fines y m\u00e9todos de tratamiento y la duraci\u00f3n del mantenimiento;<br \/>\nc) acerca de la l\u00f3gica aplicada en caso de tratamiento efectuado con ayuda de instrumentos electr\u00f3nicos;<br \/>\nd) sobre los datos de identificaci\u00f3n del propietario, de los responsables y del representante designado;<br \/>\ne) de los sujetos o categor\u00edas de sujetos a los que los datos personales puedan ser comunicados o que puedan tener conocimiento de ellos en el territorio del Estado, de la Uni\u00f3n Europea o de terceros pa\u00edses, en calidad de encargados o responsables del tratamiento, y a recibir informaci\u00f3n sobre las garant\u00edas adecuadas en la transferencia y el tratamiento.<\/p>\n<p>3. El interesado tiene derecho a obtener:<br \/>\na) la actualizaci\u00f3n, la rectificaci\u00f3n o, en su caso, la integraci\u00f3n de los datos;<br \/>\nb) la supresi\u00f3n (derecho al olvido), la transformaci\u00f3n en forma an\u00f3nima o el bloqueo de los datos tratados, incluidos los datos cuya conservaci\u00f3n no sea necesaria en relaci\u00f3n con los fines para los que fueron recogidos o tratados posteriormente, sin perjuicio de las obligaciones de car\u00e1cter reglamentario o de protecci\u00f3n de datos y, en particular, en caso de tratamiento il\u00edcito;<br \/>\nc) la certificaci\u00f3n de que las operaciones previstas en las letras a) y b) han sido notificadas, tambi\u00e9n en lo que respecta a su contenido, a las entidades a las que se comunicaron o difundieron los datos, salvo que este requisito resulte imposible o suponga un esfuerzo manifiestamente desproporcionado en relaci\u00f3n con el derecho que se pretende proteger.<\/p>\n<p>4. El interesado tiene derecho a oponerse o a restringir, total o parcialmente, su uso:<br \/>\na) por motivos leg\u00edtimos al tratamiento de los datos personales que le conciernen, aunque sean pertinentes para el objetivo de la recogida;<br \/>\nb) al tratamiento de los datos personales que le conciernen mediante procesos automatizados o derivados de la elaboraci\u00f3n de perfiles (sin perjuicio de las obligaciones de car\u00e1cter contractual contra\u00eddas entre las partes), con especial atenci\u00f3n a los fines de marketing y similares.<\/p>\n<p>5. El interesado tiene adem\u00e1s derecho a:<br \/>\na) poner una reclamaci\u00f3n ante la autoridad competente en materia de protecci\u00f3n de datos de car\u00e1cter personal.<br \/>\nb) toda la informaci\u00f3n disponible sobre su origen, cuando no se recojan directamente del interesado;<br \/>\nc) recibir una copia de los datos recogidos dentro de los l\u00edmites de la protecci\u00f3n de los derechos y libertades de los dem\u00e1s;<br \/>\nd) solicitar la portabilidad de los datos, cuando la naturaleza del tratamiento lo haga t\u00e9cnicamente viable.<\/p>\n<p>Se puede obtener m\u00e1s informaci\u00f3n del responsable del tratamiento de datos o consultando los art\u00edculos de las normas de referencia citadas.<br \/>\nConsentimiento de las cookies<\/p>\n<p>El sitio web de C.M.C. S.r.l. utiliza cookies para el funcionamiento del sistema de gesti\u00f3n de contenidos y para recoger datos an\u00f3nimos de los visitantes.<\/p>\n<p>\u00bfQu\u00e9 son las cookies?<br \/>\nUna cookie es un fichero que se descarga en su ordenador o el dispositivo que utilice (smartphone, tableta, televisi\u00f3n conectada&#8230;) al acceder a determinadas p\u00e1ginas web o aplicaciones.<br \/>\nPuede encontrar m\u00e1s informaci\u00f3n sobre las cookies en Internet en wikipedia.org\/wiki\/Cookie.<\/p>\n<p>\u00bfPor qu\u00e9 utilizamos cookies?<br \/>\nLas cookies son una parte esencial de los sitios web modernos. Nos permiten distinguir a los visitantes de forma an\u00f3nima y registrar su tr\u00e1fico.<br \/>\nLa adquisici\u00f3n de estos datos ayudar\u00e1 a garantizar y mejorar la navegaci\u00f3n en el sitio.<\/p>\n<p>\u00bfQu\u00e9 cookies utilizamos?<\/p>\n<p>En particular, utilizamos las siguientes cookies:<br \/>\nCookies estrictamente necesarias para el funcionamiento del sitio.<br \/>\nASP.NET_SessionId (descripci\u00f3n: para acceder a la zona reservada del sitio)<br \/>\nWSL News.Language (descripci\u00f3n: para memorizar el idioma elegido para el sitio)<br \/>\n__CSRFCOOKIE (descripci\u00f3n: cookie de seguridad anti Cross-site request forgery)<br \/>\ncc_social (descripci\u00f3n: registrar el consentimiento para el tratamiento de las cookies)<br \/>\ncc_analytics (descripci\u00f3n: registrar el consentimiento para el tratamiento de las cookies)<br \/>\ncc_necessary (descripci\u00f3n: registrar el consentimiento para el tratamiento de las cookies)<br \/>\nCookies de informaci\u00f3n.<br \/>\nSe utiliza para guardar la informaci\u00f3n de las cookies elegidas por el usuario.<\/p>\n<p>POL\u00cdTICA DE COOKIES<br \/>\nCookies de terceros (Google analytics) para obtener estad\u00edsticas, de manera an\u00f3nima, sobre el acceso al sitio.<br \/>\n_ga (google analytics \u2013 validez: 2 years \u2013 Descripci\u00f3n: Used to distinguish users)<br \/>\n_gat (google analytics- validez: 10 minutes \u2013 Descripci\u00f3n: Used to throttle request rate)<br \/>\nAl utilizar el sitio web, usted acepta que podamos instalar este tipo de cookies en su dispositivo.<br \/>\nDetalles de las cookies utilizadas por Google Analytics.<\/p>\n<p>Rechazo de las cookies<br \/>\nSi se siente inc\u00f3modo con el uso de las cookies, la mayor\u00eda de los navegadores permiten ahora a los usuarios bloquear dicho uso. Esto var\u00eda de un navegador a otro, ver Gesti\u00f3n de Cookies m\u00e1s abajo.<br \/>\nSin embargo, si decide bloquear las cookies, es posible que no pueda acceder a determinadas secciones del sitio y que su experiencia de navegaci\u00f3n se vea afectada. Como alternativa, siempre puede eliminar las cookies de su sistema al finalizar su visita a nuestro sitio.<\/p>\n<p>Gesti\u00f3n de Cookies<br \/>\nPuede modificar la configuraci\u00f3n de su navegador para gestionar las cookies.<br \/>\nEn este enlace encontrar\u00e1 instrucciones espec\u00edficas para gestionar las cookies.<br \/>\nPara obtener informaci\u00f3n sobre c\u00f3mo gestionar las cookies tambi\u00e9n puede consultar la ayuda de su navegador.<br \/>\nSi desea evitar todas las cookies de Google Analytics, le recomendamos que instale el Google Analytics Opt-Out Browser Add-On (Componente adicional del navegador para desactivar Google Analytics)<br \/>\nTenga en cuenta que la instalaci\u00f3n de Google Analytics Opt-Out Browser Add-On o el bloqueo de las cookies puede afectar al uso de este (y otros) sitios web.[\/vc_column_text][\/vc_column][\/vc_row][vc_row][vc_column][vc_column_text]<br \/>\n[\/vc_column_text][\/vc_column][\/vc_row][vc_row][vc_column][vc_empty_space height=\u00bb200px\u00bb][\/vc_column][\/vc_row][vc_row][vc_column width=\u00bb1\/3&#8243; el_class=\u00bbt-center\u00bb]<style type=\"text\/css\">.thegem-button-69dfecad24f955629 .gem-button svg {fill: #ffffff;}<\/style><div class=\"gem-button-container gem-button-position-inline thegem-button-69dfecad24f955629    \"  ><a class=\"gem-button gem-button-size-small gem-button-style-flat gem-button-text-weight-normal\" data-ll-effect=\"drop-right-without-wrap\" style=\"border-radius: 3px;background-color: #d11014;color: #ffffff;\" onmouseleave=\"this.style.backgroundColor='#d11014';this.style.color='#ffffff';\" onmouseenter=\"this.style.backgroundColor='#d11014';\" href=\"https:\/\/www.cmclift.com\/wp-content\/uploads\/2024\/07\/AREA-LEGALE-CMCLIFT.COM_EN.pdf\" target=\"_blank\">Legal Area<\/a><\/div> [\/vc_column][vc_column width=\u00bb1\/3&#8243; el_class=\u00bbt-center\u00bb]<style type=\"text\/css\">.thegem-button-69dfecad24fff7938 .gem-button svg {fill: #ffffff;}<\/style><div class=\"gem-button-container gem-button-position-inline thegem-button-69dfecad24fff7938    \"  ><a class=\"gem-button gem-button-size-small gem-button-style-flat gem-button-text-weight-normal\" data-ll-effect=\"drop-right-without-wrap\" style=\"border-radius: 3px;background-color: #d11014;color: #ffffff;\" onmouseleave=\"this.style.backgroundColor='#d11014';this.style.color='#ffffff';\" onmouseenter=\"this.style.backgroundColor='#d11014';\" href=\"https:\/\/www.cmclift.com\/policy-cmc\/PRIVACY-POLICY-CMCLIFT_EN.pdf\" target=\"_blank\">Cookie Policy<\/a><\/div> [\/vc_column][vc_column width=\u00bb1\/3&#8243; el_class=\u00bbt-center\u00bb]<style type=\"text\/css\">.thegem-button-69dfecad250536741 .gem-button svg {fill: #ffffff;}<\/style><div class=\"gem-button-container gem-button-position-inline thegem-button-69dfecad250536741    \"  ><a class=\"gem-button gem-button-size-small gem-button-style-flat gem-button-text-weight-normal\" data-ll-effect=\"drop-right-without-wrap\" style=\"border-radius: 3px;background-color: #d11014;color: #ffffff;\" onmouseleave=\"this.style.backgroundColor='#d11014';this.style.color='#ffffff';\" onmouseenter=\"this.style.backgroundColor='#d11014';\" href=\"https:\/\/www.cmclift.com\/policy-cmc\/COOKIE-POLICY-CMCLIFT_EN.pdf\" target=\"_blank\">Privacy policy<\/a><\/div> [\/vc_column][\/vc_row][vc_row][vc_column][vc_empty_space height=\u00bb100px\u00bb][\/vc_column][\/vc_row]<\/p>\n<\/div>","protected":false},"excerpt":{"rendered":"<p>[vc_row disable_element=\u00bbyes\u00bb][vc_column][vc_empty_space height=\u00bb160px\u00bb][vc_raw_html]JTVCd3BzZW9fYnJlYWRjcnVtYiU1RA==[\/vc_raw_html][vc_empty_space height=\u00bb20px\u00bb][vc_column_text] Pol\u00edtica de Privacidad CMC srl con domicilio legal en: Bari (BA) Via Bitritto 119 Como Responsable&#8230;<\/p>\n","protected":false},"author":9,"featured_media":0,"parent":0,"menu_order":0,"comment_status":"closed","ping_status":"open","template":"","meta":{"footnotes":""},"class_list":["post-23699","page","type-page","status-publish"],"yoast_head":"<!-- This site is optimized with the Yoast SEO plugin v27.4 - https:\/\/yoast.com\/product\/yoast-seo-wordpress\/ -->\n<title>Pol\u00edtica de Privacidad - C.M.C. S.r.l.<\/title>\n<meta name=\"robots\" content=\"index, follow, max-snippet:-1, max-image-preview:large, max-video-preview:-1\" \/>\n<link rel=\"canonical\" href=\"https:\/\/www.cmclift.com\/es\/privacy-policy\/\" \/>\n<meta property=\"og:locale\" content=\"es_ES\" \/>\n<meta property=\"og:type\" content=\"article\" \/>\n<meta property=\"og:title\" content=\"Pol\u00edtica de Privacidad - C.M.C. S.r.l.\" \/>\n<meta property=\"og:description\" content=\"[vc_row disable_element=\u00bbyes\u00bb][vc_column][vc_empty_space height=\u00bb160px\u00bb][vc_raw_html]JTVCd3BzZW9fYnJlYWRjcnVtYiU1RA==[\/vc_raw_html][vc_empty_space height=\u00bb20px\u00bb][vc_column_text] Pol\u00edtica de Privacidad CMC srl con domicilio legal en: Bari (BA) Via Bitritto 119 Como Responsable...\" \/>\n<meta property=\"og:url\" content=\"https:\/\/www.cmclift.com\/es\/privacy-policy\/\" \/>\n<meta property=\"og:site_name\" content=\"C.M.C. S.r.l.\" \/>\n<meta property=\"article:modified_time\" content=\"2024-07-30T08:58:31+00:00\" \/>\n<meta name=\"twitter:card\" content=\"summary_large_image\" \/>\n<meta name=\"twitter:label1\" content=\"Tiempo de lectura\" \/>\n\t<meta name=\"twitter:data1\" content=\"12 minutos\" \/>\n<script type=\"application\/ld+json\" class=\"yoast-schema-graph\">{\"@context\":\"https:\\\/\\\/schema.org\",\"@graph\":[{\"@type\":\"WebPage\",\"@id\":\"https:\\\/\\\/www.cmclift.com\\\/es\\\/privacy-policy\\\/\",\"url\":\"https:\\\/\\\/www.cmclift.com\\\/es\\\/privacy-policy\\\/\",\"name\":\"Pol\u00edtica de Privacidad - C.M.C. S.r.l.\",\"isPartOf\":{\"@id\":\"https:\\\/\\\/www.cmclift.com\\\/es\\\/#website\"},\"datePublished\":\"2021-08-05T16:32:32+00:00\",\"dateModified\":\"2024-07-30T08:58:31+00:00\",\"breadcrumb\":{\"@id\":\"https:\\\/\\\/www.cmclift.com\\\/es\\\/privacy-policy\\\/#breadcrumb\"},\"inLanguage\":\"es\",\"potentialAction\":[{\"@type\":\"ReadAction\",\"target\":[\"https:\\\/\\\/www.cmclift.com\\\/es\\\/privacy-policy\\\/\"]}]},{\"@type\":\"BreadcrumbList\",\"@id\":\"https:\\\/\\\/www.cmclift.com\\\/es\\\/privacy-policy\\\/#breadcrumb\",\"itemListElement\":[{\"@type\":\"ListItem\",\"position\":1,\"name\":\"Home\",\"item\":\"https:\\\/\\\/www.cmclift.com\\\/es\\\/\"},{\"@type\":\"ListItem\",\"position\":2,\"name\":\"Pol\u00edtica de Privacidad\"}]},{\"@type\":\"WebSite\",\"@id\":\"https:\\\/\\\/www.cmclift.com\\\/es\\\/#website\",\"url\":\"https:\\\/\\\/www.cmclift.com\\\/es\\\/\",\"name\":\"C.M.C. S.r.l.\",\"description\":\"Piattaforme aeree semoventi cingolate, ragni, telescopiche e articolate\",\"publisher\":{\"@id\":\"https:\\\/\\\/www.cmclift.com\\\/es\\\/#organization\"},\"potentialAction\":[{\"@type\":\"SearchAction\",\"target\":{\"@type\":\"EntryPoint\",\"urlTemplate\":\"https:\\\/\\\/www.cmclift.com\\\/es\\\/?s={search_term_string}\"},\"query-input\":{\"@type\":\"PropertyValueSpecification\",\"valueRequired\":true,\"valueName\":\"search_term_string\"}}],\"inLanguage\":\"es\"},{\"@type\":\"Organization\",\"@id\":\"https:\\\/\\\/www.cmclift.com\\\/es\\\/#organization\",\"name\":\"CMC Lift\",\"url\":\"https:\\\/\\\/www.cmclift.com\\\/es\\\/\",\"logo\":{\"@type\":\"ImageObject\",\"inLanguage\":\"es\",\"@id\":\"https:\\\/\\\/www.cmclift.com\\\/es\\\/#\\\/schema\\\/logo\\\/image\\\/\",\"url\":\"https:\\\/\\\/www.cmclift.com\\\/wp-content\\\/uploads\\\/2021\\\/08\\\/CMC_bianco_footer-2.png\",\"contentUrl\":\"https:\\\/\\\/www.cmclift.com\\\/wp-content\\\/uploads\\\/2021\\\/08\\\/CMC_bianco_footer-2.png\",\"width\":250,\"height\":84,\"caption\":\"CMC Lift\"},\"image\":{\"@id\":\"https:\\\/\\\/www.cmclift.com\\\/es\\\/#\\\/schema\\\/logo\\\/image\\\/\"}}]}<\/script>\n<!-- \/ Yoast SEO plugin. -->","yoast_head_json":{"title":"Pol\u00edtica de Privacidad - C.M.C. S.r.l.","robots":{"index":"index","follow":"follow","max-snippet":"max-snippet:-1","max-image-preview":"max-image-preview:large","max-video-preview":"max-video-preview:-1"},"canonical":"https:\/\/www.cmclift.com\/es\/privacy-policy\/","og_locale":"es_ES","og_type":"article","og_title":"Pol\u00edtica de Privacidad - C.M.C. S.r.l.","og_description":"[vc_row disable_element=\u00bbyes\u00bb][vc_column][vc_empty_space height=\u00bb160px\u00bb][vc_raw_html]JTVCd3BzZW9fYnJlYWRjcnVtYiU1RA==[\/vc_raw_html][vc_empty_space height=\u00bb20px\u00bb][vc_column_text] Pol\u00edtica de Privacidad CMC srl con domicilio legal en: Bari (BA) Via Bitritto 119 Como Responsable...","og_url":"https:\/\/www.cmclift.com\/es\/privacy-policy\/","og_site_name":"C.M.C. S.r.l.","article_modified_time":"2024-07-30T08:58:31+00:00","twitter_card":"summary_large_image","twitter_misc":{"Tiempo de lectura":"12 minutos"},"schema":{"@context":"https:\/\/schema.org","@graph":[{"@type":"WebPage","@id":"https:\/\/www.cmclift.com\/es\/privacy-policy\/","url":"https:\/\/www.cmclift.com\/es\/privacy-policy\/","name":"Pol\u00edtica de Privacidad - C.M.C. S.r.l.","isPartOf":{"@id":"https:\/\/www.cmclift.com\/es\/#website"},"datePublished":"2021-08-05T16:32:32+00:00","dateModified":"2024-07-30T08:58:31+00:00","breadcrumb":{"@id":"https:\/\/www.cmclift.com\/es\/privacy-policy\/#breadcrumb"},"inLanguage":"es","potentialAction":[{"@type":"ReadAction","target":["https:\/\/www.cmclift.com\/es\/privacy-policy\/"]}]},{"@type":"BreadcrumbList","@id":"https:\/\/www.cmclift.com\/es\/privacy-policy\/#breadcrumb","itemListElement":[{"@type":"ListItem","position":1,"name":"Home","item":"https:\/\/www.cmclift.com\/es\/"},{"@type":"ListItem","position":2,"name":"Pol\u00edtica de Privacidad"}]},{"@type":"WebSite","@id":"https:\/\/www.cmclift.com\/es\/#website","url":"https:\/\/www.cmclift.com\/es\/","name":"C.M.C. S.r.l.","description":"Piattaforme aeree semoventi cingolate, ragni, telescopiche e articolate","publisher":{"@id":"https:\/\/www.cmclift.com\/es\/#organization"},"potentialAction":[{"@type":"SearchAction","target":{"@type":"EntryPoint","urlTemplate":"https:\/\/www.cmclift.com\/es\/?s={search_term_string}"},"query-input":{"@type":"PropertyValueSpecification","valueRequired":true,"valueName":"search_term_string"}}],"inLanguage":"es"},{"@type":"Organization","@id":"https:\/\/www.cmclift.com\/es\/#organization","name":"CMC Lift","url":"https:\/\/www.cmclift.com\/es\/","logo":{"@type":"ImageObject","inLanguage":"es","@id":"https:\/\/www.cmclift.com\/es\/#\/schema\/logo\/image\/","url":"https:\/\/www.cmclift.com\/wp-content\/uploads\/2021\/08\/CMC_bianco_footer-2.png","contentUrl":"https:\/\/www.cmclift.com\/wp-content\/uploads\/2021\/08\/CMC_bianco_footer-2.png","width":250,"height":84,"caption":"CMC Lift"},"image":{"@id":"https:\/\/www.cmclift.com\/es\/#\/schema\/logo\/image\/"}}]}},"_links":{"self":[{"href":"https:\/\/www.cmclift.com\/es\/wp-json\/wp\/v2\/pages\/23699","targetHints":{"allow":["GET"]}}],"collection":[{"href":"https:\/\/www.cmclift.com\/es\/wp-json\/wp\/v2\/pages"}],"about":[{"href":"https:\/\/www.cmclift.com\/es\/wp-json\/wp\/v2\/types\/page"}],"author":[{"embeddable":true,"href":"https:\/\/www.cmclift.com\/es\/wp-json\/wp\/v2\/users\/9"}],"replies":[{"embeddable":true,"href":"https:\/\/www.cmclift.com\/es\/wp-json\/wp\/v2\/comments?post=23699"}],"version-history":[{"count":9,"href":"https:\/\/www.cmclift.com\/es\/wp-json\/wp\/v2\/pages\/23699\/revisions"}],"predecessor-version":[{"id":40500,"href":"https:\/\/www.cmclift.com\/es\/wp-json\/wp\/v2\/pages\/23699\/revisions\/40500"}],"wp:attachment":[{"href":"https:\/\/www.cmclift.com\/es\/wp-json\/wp\/v2\/media?parent=23699"}],"curies":[{"name":"wp","href":"https:\/\/api.w.org\/{rel}","templated":true}]}}