{"id":22702,"date":"2021-07-14T12:15:52","date_gmt":"2021-07-14T10:15:52","guid":{"rendered":"https:\/\/www.cmclift.com\/prodotti\/"},"modified":"2024-09-13T16:03:45","modified_gmt":"2024-09-13T14:03:45","slug":"les-produits","status":"publish","type":"page","link":"https:\/\/www.cmclift.com\/fr\/les-produits\/","title":{"rendered":"Les Produits"},"content":{"rendered":"<div class=\"wpb-content-wrapper\"><p>[vc_row full_width=\u00a0\u00bbstretch_row\u00a0\u00bb full_height=\u00a0\u00bbyes\u00a0\u00bb css=\u00a0\u00bb.vc_custom_1627371873671{background-image: url(https:\/\/www.cmclift.com\/wp-content\/uploads\/2021\/07\/Hero_prodotti.jpg?id=329) !important;background-position: center !important;background-repeat: no-repeat !important;background-size: cover !important;}\u00a0\u00bb el_class=\u00a0\u00bbgrd hero pad-r pad-t1&Prime; el_id=\u00a0\u00bbhero-prodotti\u00a0\u00bb][vc_column][vc_raw_html el_class=\u00a0\u00bbbricciole\u00a0\u00bb]JTVCd3BzZW9fYnJlYWRjcnVtYiU1RA==[\/vc_raw_html][vc_column_text css=\u00a0\u00bb\u00a0\u00bb el_class=\u00a0\u00bbwhite\u00a0\u00bb]<span class=\"title-h2\">Les nacelles \u00e9l\u00e9vatrices sur chenilles de CMC<\/span><\/p>\n<h1>Six familles avec performances \u00e9l\u00e9v\u00e9es<\/h1>\n<p>Six familles diff\u00e9rentes de nacelles araign\u00e9es, con\u00e7ues pour r\u00e9pondre aux besoins sp\u00e9cifiques des utilisateurs[\/vc_column_text][vc_empty_space height=\u00a0\u00bb50px\u00a0\u00bb][vc_raw_html]JTNDYSUyMGNsYXNzJTNEJTIyY3RhJTIwYXJyb3clMjBkYXJrJTIyJTIwaHJlZiUzRCUyMmh0dHBzJTNBJTJGJTJGd3d3LmNtY2xpZnQuY29tJTJGZnIlMkZkZWNvdXZyZXotdG91cy1sZXMtcHJvZHVpdHMlMkYlMjIlM0VEJUMzJTg5Q09VVlJFWiUyMFRPVVMlMjBMRVMlMjBQUk9EVUlUUyUzQyUyRmElM0U=[\/vc_raw_html][\/vc_column][\/vc_row][vc_row el_class=\u00a0\u00bbprodotti\u00a0\u00bb][vc_column][vc_column_text el_class=\u00a0\u00bba-center\u00a0\u00bb]<\/p>\n<h2>Gamme allant de 13 \u00e0 41 m\u00e8tres<\/h2>\n<p>[\/vc_column_text][vc_empty_space][vc_tta_tabs active_section=\u00a0\u00bb1&Prime; el_class=\u00a0\u00bbtabber\u00a0\u00bb][vc_tta_section title=\u00a0\u00bbS\u00e9rie F\u00a0\u00bb tab_id=\u00a0\u00bb1626256364715-07c8e11c-377a\u00a0\u00bb][vc_row_inner equal_height=\u00a0\u00bbyes\u00a0\u00bb content_placement=\u00a0\u00bbmiddle\u00a0\u00bb][vc_column_inner width=\u00a0\u00bb1\/3&Prime; css=\u00a0\u00bb.vc_custom_1627399220647{padding-right: 0px !important;padding-left: 0px !important;}\u00a0\u00bb][vc_empty_space][vc_column_text]<\/p>\n<h3>Full Hydraulic<\/h3>\n<p>[\/vc_column_text][vc_column_text]Trois nacelles \u00e9l\u00e9vatrices sur chenilles totalement hydrauliques qui combinent une grande efficacit\u00e9 avec une simplicit\u00e9 absolue d&rsquo;utilisation et de maintenance.[\/vc_column_text][\/vc_column_inner][vc_column_inner width=\u00a0\u00bb2\/3&Prime; css=\u00a0\u00bb.vc_custom_1626259204725{padding-right: 0px !important;padding-left: 0px !important;}\u00a0\u00bb][vc_single_image image=\u00a0\u00bb23260&Prime; img_size=\u00a0\u00bb923&#215;711&Prime; css=\u00a0\u00bb\u00a0\u00bb][\/vc_column_inner][vc_column_inner css=\u00a0\u00bb.vc_custom_1626259210696{padding-right: 0px !important;padding-left: 0px !important;}\u00a0\u00bb][vc_raw_html css=\u00a0\u00bb\u00a0\u00bb el_class=\u00a0\u00bbabs\u00a0\u00bb]JTNDYSUyMGNsYXNzJTNEJTIyY3RhJTIwYmctZGFyayUyMiUyMGhyZWYlM0QlMjIlNUJzaF91cmxfcGRmX2NhdF9wYWclMjB0ZXJtX2lkJTNEJTI3MTgyJTI3JTIwY2FtcG9faWQlM0QlMjdzaF9jY3BfdXJsX2N0YV9jYXRhbG9nbyUyNyU1RCUyMiUzRVQlQzMlODlMJUMzJTg5Q0hBUkdFUiUyMExFJTIwQ0FUQUxPR1VFJTNDJTJGYSUzRSUwQSUzQ2RpdiUyMHN0eWxlJTNEJTIyaGVpZ2h0JTNBN3B4JTNCJTIyJTNFJTNDJTJGZGl2JTNFJTBBJTNDYSUyMGNsYXNzJTNEJTIyY3RhJTIwZGFyayUyMGFycm93JTIwbG9uZyUyMiUyMGhyZWYlM0QlMjJodHRwcyUzQSUyRiUyRnd3dy5jbWNsaWZ0LmNvbSUyRmZyJTJGY2F0ZWdvcmllLWRlLXByb2R1aXRzJTJGc2VyaWUtZi1mciUyRiUyMiUzRUVOJTIwU0FWT0lSJTIwUExVUyUzQyUyRmElM0U=[\/vc_raw_html][\/vc_column_inner][\/vc_row_inner][\/vc_tta_section][vc_tta_section title=\u00a0\u00bbS\u00e9rie HD\u00a0\u00bb tab_id=\u00a0\u00bb1626262498780-a1ce5d1b-eb51&Prime;][vc_row_inner equal_height=\u00a0\u00bbyes\u00a0\u00bb content_placement=\u00a0\u00bbmiddle\u00a0\u00bb][vc_column_inner width=\u00a0\u00bb1\/3&Prime; css=\u00a0\u00bb.vc_custom_1627399638983{padding-right: 0px !important;padding-left: 0px !important;}\u00a0\u00bb][vc_empty_space][vc_column_text]<\/p>\n<h3>Heavy Duty<\/h3>\n<p>[\/vc_column_text][vc_column_text]Une agilit\u00e9 maximale de la partie a\u00e9rienne et une grande r\u00e9sistance du chariot pour ces nacelles araign\u00e9es adapt\u00e9es \u00e0 toutes les utilisations, m\u00eame les plus difficiles.[\/vc_column_text][\/vc_column_inner][vc_column_inner width=\u00a0\u00bb2\/3&Prime; css=\u00a0\u00bb.vc_custom_1626259204725{padding-right: 0px !important;padding-left: 0px !important;}\u00a0\u00bb][vc_single_image image=\u00a0\u00bb22705&Prime; img_size=\u00a0\u00bb923&#215;711&Prime;][\/vc_column_inner][vc_column_inner css=\u00a0\u00bb.vc_custom_1626259210696{padding-right: 0px !important;padding-left: 0px !important;}\u00a0\u00bb][vc_raw_html css=\u00a0\u00bb\u00a0\u00bb el_class=\u00a0\u00bbabs\u00a0\u00bb]JTNDYSUyMGNsYXNzJTNEJTIyY3RhJTIwYmctZGFyayUyMiUyMGhyZWYlM0QlMjIlNUJzaF91cmxfcGRmX2NhdF9wYWclMjB0ZXJtX2lkJTNEJTI3MTgzJTI3JTIwY2FtcG9faWQlM0QlMjdzaF9jY3BfdXJsX2N0YV9jYXRhbG9nbyUyNyU1RCUyMiUzRVQlQzMlODlMJUMzJTg5Q0hBUkdFUiUyMExFJTIwQ0FUQUxPR1VFJTNDJTJGYSUzRSUwQSUzQ2RpdiUyMHN0eWxlJTNEJTIyaGVpZ2h0JTNBN3B4JTNCJTIyJTNFJTNDJTJGZGl2JTNFJTBBJTNDYSUyMGNsYXNzJTNEJTIyY3RhJTIwZGFyayUyMGFycm93JTIwbG9uZyUyMiUyMGhyZWYlM0QlMjJodHRwcyUzQSUyRiUyRnd3dy5jbWNsaWZ0LmNvbSUyRmZyJTJGY2F0ZWdvcmllLWRlLXByb2R1aXRzJTJGc2VyaWUtaGQtZnIlMkYlMjIlM0VFTiUyMFNBVk9JUiUyMFBMVVMlM0MlMkZhJTNF[\/vc_raw_html][\/vc_column_inner][\/vc_row_inner][\/vc_tta_section][vc_tta_section title=\u00a0\u00bbS\u00e9rie LC\u00a0\u00bb tab_id=\u00a0\u00bb1626262497931-f42b6037-65e1&Prime;][vc_row_inner equal_height=\u00a0\u00bbyes\u00a0\u00bb content_placement=\u00a0\u00bbmiddle\u00a0\u00bb][vc_column_inner width=\u00a0\u00bb1\/3&Prime; css=\u00a0\u00bb.vc_custom_1627399630638{padding-right: 0px !important;padding-left: 0px !important;}\u00a0\u00bb][vc_empty_space][vc_column_text]<\/p>\n<h3>Light and Compact<\/h3>\n<p>[\/vc_column_text][vc_column_text]Quatre nacelles con\u00e7ues pour se d\u00e9placer partout gr\u00e2ce \u00e0 leur extr\u00eame compacit\u00e9 et leur poids sensiblement r\u00e9duit.[\/vc_column_text][\/vc_column_inner][vc_column_inner width=\u00a0\u00bb2\/3&Prime; css=\u00a0\u00bb.vc_custom_1626259204725{padding-right: 0px !important;padding-left: 0px !important;}\u00a0\u00bb][vc_single_image image=\u00a0\u00bb22707&Prime; img_size=\u00a0\u00bb923&#215;711&Prime;][\/vc_column_inner][vc_column_inner css=\u00a0\u00bb.vc_custom_1626259210696{padding-right: 0px !important;padding-left: 0px !important;}\u00a0\u00bb][vc_raw_html css=\u00a0\u00bb\u00a0\u00bb el_class=\u00a0\u00bbabs\u00a0\u00bb]JTNDYSUyMGNsYXNzJTNEJTIyY3RhJTIwYmctZGFyayUyMiUyMGhyZWYlM0QlMjIlNUJzaF91cmxfcGRmX2NhdF9wYWclMjB0ZXJtX2lkJTNEJTI3MTg0JTI3JTIwY2FtcG9faWQlM0QlMjdzaF9jY3BfdXJsX2N0YV9jYXRhbG9nbyUyNyU1RCUyMiUzRVQlQzMlODlMJUMzJTg5Q0hBUkdFUiUyMExFJTIwQ0FUQUxPR1VFJTNDJTJGYSUzRSUwQSUzQ2RpdiUyMHN0eWxlJTNEJTIyaGVpZ2h0JTNBN3B4JTNCJTIyJTNFJTNDJTJGZGl2JTNFJTBBJTNDYSUyMGNsYXNzJTNEJTIyY3RhJTIwZGFyayUyMGFycm93JTIwbG9uZyUyMiUyMGhyZWYlM0QlMjJodHRwcyUzQSUyRiUyRnd3dy5jbWNsaWZ0LmNvbSUyRmZyJTJGY2F0ZWdvcmllLWRlLXByb2R1aXRzJTJGc2VyaWUtbGMtZnIlMkYlMjIlM0VFTiUyMFNBVk9JUiUyMFBMVVMlM0MlMkZhJTNF[\/vc_raw_html][\/vc_column_inner][\/vc_row_inner][\/vc_tta_section][vc_tta_section title=\u00a0\u00bbS\u00e9rie DP\u00a0\u00bb tab_id=\u00a0\u00bb1626262496973-f4c91f7d-bc0c\u00a0\u00bb][vc_row_inner equal_height=\u00a0\u00bbyes\u00a0\u00bb content_placement=\u00a0\u00bbmiddle\u00a0\u00bb][vc_column_inner width=\u00a0\u00bb1\/3&Prime; css=\u00a0\u00bb.vc_custom_1626259204725{padding-right: 0px !important;padding-left: 0px !important;}\u00a0\u00bb][vc_empty_space][vc_column_text]<\/p>\n<h3>Double Performance<\/h3>\n<p>[\/vc_column_text][vc_column_text]Trois authentiques pionni\u00e8res parmi les nacelles de leur cat\u00e9gorie, elles offrent des performances \u00e9lev\u00e9es au carr\u00e9 dans toutes les applications.[\/vc_column_text][\/vc_column_inner][vc_column_inner width=\u00a0\u00bb2\/3&Prime; css=\u00a0\u00bb.vc_custom_1626259210696{padding-right: 0px !important;padding-left: 0px !important;}\u00a0\u00bb][vc_single_image image=\u00a0\u00bb27134&Prime; img_size=\u00a0\u00bb923&#215;711&Prime; css=\u00a0\u00bb\u00a0\u00bb][\/vc_column_inner][vc_column_inner][vc_raw_html css=\u00a0\u00bb\u00a0\u00bb el_class=\u00a0\u00bbabs\u00a0\u00bb]JTNDYSUyMGNsYXNzJTNEJTIyY3RhJTIwYmctZGFyayUyMiUyMGhyZWYlM0QlMjIlNUJzaF91cmxfcGRmX2NhdF9wYWclMjB0ZXJtX2lkJTNEJTI3MTg1JTI3JTIwY2FtcG9faWQlM0QlMjdzaF9jY3BfdXJsX2N0YV9jYXRhbG9nbyUyNyU1RCUyMiUzRVQlQzMlODlMJUMzJTg5Q0hBUkdFUiUyMExFJTIwQ0FUQUxPR1VFJTNDJTJGYSUzRSUwQSUzQ2RpdiUyMHN0eWxlJTNEJTIyaGVpZ2h0JTNBN3B4JTNCJTIyJTNFJTNDJTJGZGl2JTNFJTBBJTNDYSUyMGNsYXNzJTNEJTIyY3RhJTIwZGFyayUyMGFycm93JTIwbG9uZyUyMiUyMGhyZWYlM0QlMjJodHRwcyUzQSUyRiUyRnd3dy5jbWNsaWZ0LmNvbSUyRmZyJTJGY2F0ZWdvcmllLWRlLXByb2R1aXRzJTJGc2VyaWUtZHAtZnIlMkYlMjIlM0VFTiUyMFNBVk9JUiUyMFBMVVMlM0MlMkZhJTNF[\/vc_raw_html][\/vc_column_inner][\/vc_row_inner][\/vc_tta_section][vc_tta_section title=\u00a0\u00bbS\u00e9rie XL\u00a0\u00bb tab_id=\u00a0\u00bb1626262495891-c5f6eb11-d28e\u00a0\u00bb][vc_row_inner equal_height=\u00a0\u00bbyes\u00a0\u00bb content_placement=\u00a0\u00bbmiddle\u00a0\u00bb][vc_column_inner width=\u00a0\u00bb1\/3&Prime; css=\u00a0\u00bb.vc_custom_1626259204725{padding-right: 0px !important;padding-left: 0px !important;}\u00a0\u00bb][vc_empty_space][vc_column_text]<\/p>\n<h3>Extra Large<\/h3>\n<p>[\/vc_column_text][vc_column_text]La plus grande de la gamme des araign\u00e9es de CMC, capable de garantir une stabilit\u00e9 et une fiabilit\u00e9 absolues m\u00eame \u00e0 grande hauteur.[\/vc_column_text][\/vc_column_inner][vc_column_inner width=\u00a0\u00bb2\/3&Prime; css=\u00a0\u00bb.vc_custom_1626259210696{padding-right: 0px !important;padding-left: 0px !important;}\u00a0\u00bb][vc_single_image image=\u00a0\u00bb22715&Prime; img_size=\u00a0\u00bbfull\u00a0\u00bb][\/vc_column_inner][vc_column_inner][vc_raw_html css=\u00a0\u00bb\u00a0\u00bb el_class=\u00a0\u00bbabs\u00a0\u00bb]JTNDYSUyMGNsYXNzJTNEJTIyY3RhJTIwYmctZGFyayUyMiUyMGhyZWYlM0QlMjIlNUJzaF91cmxfcGRmX2NhdF9wYWclMjB0ZXJtX2lkJTNEJTI3MTg2JTI3JTIwY2FtcG9faWQlM0QlMjdzaF9jY3BfdXJsX2N0YV9jYXRhbG9nbyUyNyU1RCUyMiUzRVQlQzMlODlMJUMzJTg5Q0hBUkdFUiUyMExFJTIwQ0FUQUxPR1VFJTNDJTJGYSUzRSUwQSUzQ2RpdiUyMHN0eWxlJTNEJTIyaGVpZ2h0JTNBN3B4JTNCJTIyJTNFJTNDJTJGZGl2JTNFJTBBJTNDYSUyMGNsYXNzJTNEJTIyY3RhJTIwZGFyayUyMGFycm93JTIwbG9uZyUyMiUyMGhyZWYlM0QlMjJodHRwcyUzQSUyRiUyRnd3dy5jbWNsaWZ0LmNvbSUyRmZyJTJGY2F0ZWdvcmllLWRlLXByb2R1aXRzJTJGc2VyaWUteGwtZnIlMkYlMjIlM0VFTiUyMFNBVk9JUiUyMFBMVVMlM0MlMkZhJTNF[\/vc_raw_html][\/vc_column_inner][\/vc_row_inner][\/vc_tta_section][vc_tta_section title=\u00a0\u00bbS\u00e9rie i\u00a0\u00bb tab_id=\u00a0\u00bb1642503030995-5f9383e4-e13a\u00a0\u00bb][vc_row_inner equal_height=\u00a0\u00bbyes\u00a0\u00bb content_placement=\u00a0\u00bbmiddle\u00a0\u00bb][vc_column_inner width=\u00a0\u00bb1\/3&Prime; css=\u00a0\u00bb.vc_custom_1626259204725{padding-right: 0px !important;padding-left: 0px !important;}\u00a0\u00bb][vc_empty_space][vc_column_text]<\/p>\n<h3>Insulated<\/h3>\n<p>[\/vc_column_text][vc_column_text]Un concentr\u00e9 de technologie, d&rsquo;efficacit\u00e9 et de fiabilit\u00e9 caract\u00e9rise la nouvelle famille de nacelles isol\u00e9es de CMC. Ce sont con\u00e7ues pour fonctionner en toute s\u00e9curit\u00e9 \u00e0 des hauteurs allant jusqu&rsquo;\u00e0 23 m\u00e8tres, \u00e0 proximit\u00e9 de lignes \u00e9lectriques d&rsquo;une tension allant jusqu&rsquo;\u00e0 46 kV.[\/vc_column_text][\/vc_column_inner][vc_column_inner width=\u00a0\u00bb2\/3&Prime; css=\u00a0\u00bb.vc_custom_1626259210696{padding-right: 0px !important;padding-left: 0px !important;}\u00a0\u00bb][vc_single_image image=\u00a0\u00bb38720&Prime; img_size=\u00a0\u00bbfull\u00a0\u00bb][\/vc_column_inner][vc_column_inner][vc_raw_html css=\u00a0\u00bb\u00a0\u00bb el_class=\u00a0\u00bbabs\u00a0\u00bb]JTNDYSUyMGNsYXNzJTNEJTIyY3RhJTIwYmctZGFyayUyMiUyMGhyZWYlM0QlMjIlNUJzaF91cmxfcGRmX2NhdF9wYWclMjB0ZXJtX2lkJTNEJTI3MTg3JTI3JTIwY2FtcG9faWQlM0QlMjdzaF9jY3BfdXJsX2N0YV9jYXRhbG9nbyUyNyU1RCUyMiUzRVQlQzMlODlMJUMzJTg5Q0hBUkdFUiUyMExFJTIwQ0FUQUxPR1VFJTNDJTJGYSUzRSUwQSUzQ2RpdiUyMHN0eWxlJTNEJTIyaGVpZ2h0JTNBN3B4JTNCJTIyJTNFJTNDJTJGZGl2JTNFJTBBJTNDYSUyMGNsYXNzJTNEJTIyY3RhJTIwZGFyayUyMGFycm93JTIwbG9uZyUyMiUyMGhyZWYlM0QlMjJodHRwcyUzQSUyRiUyRnd3dy5jbWNsaWZ0LmNvbSUyRmZyJTJGY2F0ZWdvcmllLWRlLXByb2R1aXRzJTJGc2VyaWUtaS1mciUyRiUyMiUzRUVOJTIwU0FWT0lSJTIwUExVUyUzQyUyRmElM0U=[\/vc_raw_html][\/vc_column_inner][\/vc_row_inner][\/vc_tta_section][\/vc_tta_tabs][\/vc_column][\/vc_row][vc_row equal_height=\u00a0\u00bbyes\u00a0\u00bb el_class=\u00a0\u00bbinfo-box\u00a0\u00bb][vc_column width=\u00a0\u00bb1\/3&Prime; css=\u00a0\u00bb.vc_custom_1627371351342{background-image: url(https:\/\/www.cmclift.com\/wp-content\/uploads\/2021\/07\/Mappa-1.jpg?id=380) !important;background-position: center !important;background-repeat: no-repeat !important;background-size: cover !important;}\u00a0\u00bb el_class=\u00a0\u00bbaltezza-5&Prime;][\/vc_column][vc_column width=\u00a0\u00bb1\/3&Prime; css=\u00a0\u00bb.vc_custom_1626269795444{background-color: #4e5964 !important;}\u00a0\u00bb el_class=\u00a0\u00bbpad-full-7&Prime;][vc_single_image image=\u00a0\u00bb22713&Prime; img_size=\u00a0\u00bb101&#215;131&Prime;][vc_column_text el_class=\u00a0\u00bbwhite rel\u00a0\u00bb]<\/p>\n<h3>R\u00e9seau<\/h3>\n<p><a class=\"cta-vai3 arrow\" href=\"https:\/\/www.cmclift.com\/fr\/reseau\/\">Aller \u00e0<\/a>[\/vc_column_text][vc_column_text el_class=\u00a0\u00bbwhite\u00a0\u00bb]D\u00e9couvrez dans quels pays, sur les cinq continents, les nacelles \u00e9l\u00e9vatrices sur chenilles de CMC sont pr\u00e9sentes.[\/vc_column_text][\/vc_column][vc_column width=\u00a0\u00bb1\/3&Prime; el_class=\u00a0\u00bbpad-full-7&Prime; css=\u00a0\u00bb.vc_custom_1626269829561{background-color: #eff0f0 !important;}\u00a0\u00bb][vc_single_image image=\u00a0\u00bb22712&Prime; img_size=\u00a0\u00bb131&#215;131&Prime;][vc_column_text el_class=\u00a0\u00bbrel\u00a0\u00bb]<\/p>\n<h3>Assistance<\/h3>\n<p><a class=\"cta-vai3 arrow dark\" href=\"https:\/\/www.cmclift.com\/fr\/assistance\/\">Aller \u00e0<\/a>[\/vc_column_text][vc_column_text]Nous aimons r\u00e9pondre aux attentes de nos clients non seulement par la qualit\u00e9 de nos produits, mais aussi par l&rsquo;efficacit\u00e9 de nos services[\/vc_column_text][\/vc_column][\/vc_row][vc_row][vc_column][vc_empty_space height=\u00a0\u00bb80px\u00a0\u00bb][\/vc_column][\/vc_row][vc_row full_width=\u00a0\u00bbstretch_row\u00a0\u00bb el_class=\u00a0\u00bbpad-tb press-room\u00a0\u00bb css=\u00a0\u00bb.vc_custom_1627894434615{background-color: #eff0f0 !important;}\u00a0\u00bb][vc_column][vc_raw_html]JTVCcHJlc3Nfcm9vbSU1RA==[\/vc_raw_html][\/vc_column][\/vc_row][vc_row disable_element=\u00a0\u00bbyes\u00a0\u00bb][vc_column][vc_empty_space height=\u00a0\u00bb80px\u00a0\u00bb][\/vc_column][\/vc_row]<\/p>\n<\/div>","protected":false},"excerpt":{"rendered":"<p>[vc_row full_width=\u00a0\u00bbstretch_row\u00a0\u00bb full_height=\u00a0\u00bbyes\u00a0\u00bb css=\u00a0\u00bb.vc_custom_1627371873671{background-image: url(https:\/\/www.cmclift.com\/wp-content\/uploads\/2021\/07\/Hero_prodotti.jpg?id=329) !important;background-position: center !important;background-repeat: no-repeat !important;background-size: cover !important;}\u00a0\u00bb el_class=\u00a0\u00bbgrd hero pad-r pad-t1&Prime; el_id=\u00a0\u00bbhero-prodotti\u00a0\u00bb][vc_column][vc_raw_html el_class=\u00a0\u00bbbricciole\u00a0\u00bb]JTVCd3BzZW9fYnJlYWRjcnVtYiU1RA==[\/vc_raw_html][vc_column_text css=\u00a0\u00bb\u00a0\u00bb el_class=\u00a0\u00bbwhite\u00a0\u00bb]Les&#8230;<\/p>\n","protected":false},"author":9,"featured_media":0,"parent":0,"menu_order":0,"comment_status":"closed","ping_status":"closed","template":"","meta":{"footnotes":""},"class_list":["post-22702","page","type-page","status-publish"],"yoast_head":"<!-- This site is optimized with the Yoast SEO plugin v27.5 - https:\/\/yoast.com\/product\/yoast-seo-wordpress\/ -->\n<title>Six familles avec performances \u00e9l\u00e9v\u00e9es - C.M.C. S.r.l.<\/title>\n<meta name=\"robots\" content=\"index, follow, max-snippet:-1, max-image-preview:large, max-video-preview:-1\" \/>\n<link rel=\"canonical\" href=\"https:\/\/www.cmclift.com\/fr\/les-produits\/\" \/>\n<meta property=\"og:locale\" content=\"fr_FR\" \/>\n<meta property=\"og:type\" content=\"article\" \/>\n<meta property=\"og:title\" content=\"Six familles avec performances \u00e9l\u00e9v\u00e9es - C.M.C. S.r.l.\" \/>\n<meta property=\"og:description\" content=\"[vc_row full_width=\u00a0\u00bbstretch_row\u00a0\u00bb full_height=\u00a0\u00bbyes\u00a0\u00bb css=\u00a0\u00bb.vc_custom_1627371873671{background-image: url(https:\/\/www.cmclift.com\/wp-content\/uploads\/2021\/07\/Hero_prodotti.jpg?id=329) !important;background-position: center !important;background-repeat: no-repeat !important;background-size: cover !important;}\u00a0\u00bb el_class=\u00a0\u00bbgrd hero pad-r pad-t1&Prime; el_id=\u00a0\u00bbhero-prodotti\u00a0\u00bb][vc_column][vc_raw_html el_class=\u00a0\u00bbbricciole\u00a0\u00bb]JTVCd3BzZW9fYnJlYWRjcnVtYiU1RA==[\/vc_raw_html][vc_column_text css=\u00a0\u00bb\u00a0\u00bb el_class=\u00a0\u00bbwhite\u00a0\u00bb]Les...\" \/>\n<meta property=\"og:url\" content=\"https:\/\/www.cmclift.com\/fr\/les-produits\/\" \/>\n<meta property=\"og:site_name\" content=\"C.M.C. S.r.l.\" \/>\n<meta property=\"article:modified_time\" content=\"2024-09-13T14:03:45+00:00\" \/>\n<meta name=\"twitter:card\" content=\"summary_large_image\" \/>\n<meta name=\"twitter:label1\" content=\"Dur\u00e9e de lecture estim\u00e9e\" \/>\n\t<meta name=\"twitter:data1\" content=\"4 minutes\" \/>\n<script type=\"application\/ld+json\" class=\"yoast-schema-graph\">{\"@context\":\"https:\\\/\\\/schema.org\",\"@graph\":[{\"@type\":\"WebPage\",\"@id\":\"https:\\\/\\\/www.cmclift.com\\\/fr\\\/les-produits\\\/\",\"url\":\"https:\\\/\\\/www.cmclift.com\\\/fr\\\/les-produits\\\/\",\"name\":\"Six familles avec performances \u00e9l\u00e9v\u00e9es - C.M.C. S.r.l.\",\"isPartOf\":{\"@id\":\"https:\\\/\\\/www.cmclift.com\\\/fr\\\/#website\"},\"datePublished\":\"2021-07-14T10:15:52+00:00\",\"dateModified\":\"2024-09-13T14:03:45+00:00\",\"breadcrumb\":{\"@id\":\"https:\\\/\\\/www.cmclift.com\\\/fr\\\/les-produits\\\/#breadcrumb\"},\"inLanguage\":\"fr-FR\",\"potentialAction\":[{\"@type\":\"ReadAction\",\"target\":[\"https:\\\/\\\/www.cmclift.com\\\/fr\\\/les-produits\\\/\"]}]},{\"@type\":\"BreadcrumbList\",\"@id\":\"https:\\\/\\\/www.cmclift.com\\\/fr\\\/les-produits\\\/#breadcrumb\",\"itemListElement\":[{\"@type\":\"ListItem\",\"position\":1,\"name\":\"Home\",\"item\":\"https:\\\/\\\/www.cmclift.com\\\/fr\\\/\"},{\"@type\":\"ListItem\",\"position\":2,\"name\":\"Les Produits\"}]},{\"@type\":\"WebSite\",\"@id\":\"https:\\\/\\\/www.cmclift.com\\\/fr\\\/#website\",\"url\":\"https:\\\/\\\/www.cmclift.com\\\/fr\\\/\",\"name\":\"C.M.C. S.r.l.\",\"description\":\"Piattaforme aeree semoventi cingolate, ragni, telescopiche e articolate\",\"publisher\":{\"@id\":\"https:\\\/\\\/www.cmclift.com\\\/fr\\\/#organization\"},\"potentialAction\":[{\"@type\":\"SearchAction\",\"target\":{\"@type\":\"EntryPoint\",\"urlTemplate\":\"https:\\\/\\\/www.cmclift.com\\\/fr\\\/?s={search_term_string}\"},\"query-input\":{\"@type\":\"PropertyValueSpecification\",\"valueRequired\":true,\"valueName\":\"search_term_string\"}}],\"inLanguage\":\"fr-FR\"},{\"@type\":\"Organization\",\"@id\":\"https:\\\/\\\/www.cmclift.com\\\/fr\\\/#organization\",\"name\":\"CMC Lift\",\"url\":\"https:\\\/\\\/www.cmclift.com\\\/fr\\\/\",\"logo\":{\"@type\":\"ImageObject\",\"inLanguage\":\"fr-FR\",\"@id\":\"https:\\\/\\\/www.cmclift.com\\\/fr\\\/#\\\/schema\\\/logo\\\/image\\\/\",\"url\":\"https:\\\/\\\/www.cmclift.com\\\/wp-content\\\/uploads\\\/2021\\\/08\\\/CMC_bianco_footer-2.png\",\"contentUrl\":\"https:\\\/\\\/www.cmclift.com\\\/wp-content\\\/uploads\\\/2021\\\/08\\\/CMC_bianco_footer-2.png\",\"width\":250,\"height\":84,\"caption\":\"CMC Lift\"},\"image\":{\"@id\":\"https:\\\/\\\/www.cmclift.com\\\/fr\\\/#\\\/schema\\\/logo\\\/image\\\/\"}}]}<\/script>\n<!-- \/ Yoast SEO plugin. -->","yoast_head_json":{"title":"Six familles avec performances \u00e9l\u00e9v\u00e9es - C.M.C. S.r.l.","robots":{"index":"index","follow":"follow","max-snippet":"max-snippet:-1","max-image-preview":"max-image-preview:large","max-video-preview":"max-video-preview:-1"},"canonical":"https:\/\/www.cmclift.com\/fr\/les-produits\/","og_locale":"fr_FR","og_type":"article","og_title":"Six familles avec performances \u00e9l\u00e9v\u00e9es - C.M.C. S.r.l.","og_description":"[vc_row full_width=\u00a0\u00bbstretch_row\u00a0\u00bb full_height=\u00a0\u00bbyes\u00a0\u00bb css=\u00a0\u00bb.vc_custom_1627371873671{background-image: url(https:\/\/www.cmclift.com\/wp-content\/uploads\/2021\/07\/Hero_prodotti.jpg?id=329) !important;background-position: center !important;background-repeat: no-repeat !important;background-size: cover !important;}\u00a0\u00bb el_class=\u00a0\u00bbgrd hero pad-r pad-t1&Prime; el_id=\u00a0\u00bbhero-prodotti\u00a0\u00bb][vc_column][vc_raw_html el_class=\u00a0\u00bbbricciole\u00a0\u00bb]JTVCd3BzZW9fYnJlYWRjcnVtYiU1RA==[\/vc_raw_html][vc_column_text css=\u00a0\u00bb\u00a0\u00bb el_class=\u00a0\u00bbwhite\u00a0\u00bb]Les...","og_url":"https:\/\/www.cmclift.com\/fr\/les-produits\/","og_site_name":"C.M.C. S.r.l.","article_modified_time":"2024-09-13T14:03:45+00:00","twitter_card":"summary_large_image","twitter_misc":{"Dur\u00e9e de lecture estim\u00e9e":"4 minutes"},"schema":{"@context":"https:\/\/schema.org","@graph":[{"@type":"WebPage","@id":"https:\/\/www.cmclift.com\/fr\/les-produits\/","url":"https:\/\/www.cmclift.com\/fr\/les-produits\/","name":"Six familles avec performances \u00e9l\u00e9v\u00e9es - C.M.C. S.r.l.","isPartOf":{"@id":"https:\/\/www.cmclift.com\/fr\/#website"},"datePublished":"2021-07-14T10:15:52+00:00","dateModified":"2024-09-13T14:03:45+00:00","breadcrumb":{"@id":"https:\/\/www.cmclift.com\/fr\/les-produits\/#breadcrumb"},"inLanguage":"fr-FR","potentialAction":[{"@type":"ReadAction","target":["https:\/\/www.cmclift.com\/fr\/les-produits\/"]}]},{"@type":"BreadcrumbList","@id":"https:\/\/www.cmclift.com\/fr\/les-produits\/#breadcrumb","itemListElement":[{"@type":"ListItem","position":1,"name":"Home","item":"https:\/\/www.cmclift.com\/fr\/"},{"@type":"ListItem","position":2,"name":"Les Produits"}]},{"@type":"WebSite","@id":"https:\/\/www.cmclift.com\/fr\/#website","url":"https:\/\/www.cmclift.com\/fr\/","name":"C.M.C. S.r.l.","description":"Piattaforme aeree semoventi cingolate, ragni, telescopiche e articolate","publisher":{"@id":"https:\/\/www.cmclift.com\/fr\/#organization"},"potentialAction":[{"@type":"SearchAction","target":{"@type":"EntryPoint","urlTemplate":"https:\/\/www.cmclift.com\/fr\/?s={search_term_string}"},"query-input":{"@type":"PropertyValueSpecification","valueRequired":true,"valueName":"search_term_string"}}],"inLanguage":"fr-FR"},{"@type":"Organization","@id":"https:\/\/www.cmclift.com\/fr\/#organization","name":"CMC Lift","url":"https:\/\/www.cmclift.com\/fr\/","logo":{"@type":"ImageObject","inLanguage":"fr-FR","@id":"https:\/\/www.cmclift.com\/fr\/#\/schema\/logo\/image\/","url":"https:\/\/www.cmclift.com\/wp-content\/uploads\/2021\/08\/CMC_bianco_footer-2.png","contentUrl":"https:\/\/www.cmclift.com\/wp-content\/uploads\/2021\/08\/CMC_bianco_footer-2.png","width":250,"height":84,"caption":"CMC Lift"},"image":{"@id":"https:\/\/www.cmclift.com\/fr\/#\/schema\/logo\/image\/"}}]}},"_links":{"self":[{"href":"https:\/\/www.cmclift.com\/fr\/wp-json\/wp\/v2\/pages\/22702","targetHints":{"allow":["GET"]}}],"collection":[{"href":"https:\/\/www.cmclift.com\/fr\/wp-json\/wp\/v2\/pages"}],"about":[{"href":"https:\/\/www.cmclift.com\/fr\/wp-json\/wp\/v2\/types\/page"}],"author":[{"embeddable":true,"href":"https:\/\/www.cmclift.com\/fr\/wp-json\/wp\/v2\/users\/9"}],"replies":[{"embeddable":true,"href":"https:\/\/www.cmclift.com\/fr\/wp-json\/wp\/v2\/comments?post=22702"}],"version-history":[{"count":17,"href":"https:\/\/www.cmclift.com\/fr\/wp-json\/wp\/v2\/pages\/22702\/revisions"}],"predecessor-version":[{"id":41222,"href":"https:\/\/www.cmclift.com\/fr\/wp-json\/wp\/v2\/pages\/22702\/revisions\/41222"}],"wp:attachment":[{"href":"https:\/\/www.cmclift.com\/fr\/wp-json\/wp\/v2\/media?parent=22702"}],"curies":[{"name":"wp","href":"https:\/\/api.w.org\/{rel}","templated":true}]}}