{"id":22724,"date":"2021-07-13T17:55:27","date_gmt":"2021-07-13T15:55:27","guid":{"rendered":"https:\/\/www.cmclift.com\/network\/"},"modified":"2025-07-04T09:09:44","modified_gmt":"2025-07-04T07:09:44","slug":"reseau","status":"publish","type":"page","link":"https:\/\/www.cmclift.com\/fr\/reseau-3\/","title":{"rendered":"R\u00e9seau"},"content":{"rendered":"<div class=\"wpb-content-wrapper\"><p>[vc_row full_width=\u00a0\u00bbstretch_row\u00a0\u00bb content_placement=\u00a0\u00bbbottom\u00a0\u00bb css=\u00a0\u00bb.vc_custom_1631087846708{background-image: url(https:\/\/www.cmclift.com\/wp-content\/uploads\/2021\/07\/Hero_network.jpg?id=314) !important;background-position: center !important;background-repeat: no-repeat !important;background-size: cover !important;}\u00a0\u00bb el_class=\u00a0\u00bbaltezza grd\u00a0\u00bb][vc_column][vc_row_inner][vc_column_inner][vc_raw_html el_class=\u00a0\u00bba-center bricciole\u00a0\u00bb]JTVCd3BzZW9fYnJlYWRjcnVtYiU1RA==[\/vc_raw_html][\/vc_column_inner][\/vc_row_inner][\/vc_column][\/vc_row][vc_row][vc_column width=\u00a0\u00bb7\/12&Prime;][vc_column_text]<\/p>\n<h1>Un succ\u00e8s qui d\u00e9passe toutes les fronti\u00e8res<\/h1>\n<p>[\/vc_column_text][vc_column_text]La r\u00e9putation de la marque CMC a depuis longtemps d\u00e9pass\u00e9 les fronti\u00e8res nationales et nos nacelles \u00e9l\u00e9vatrices sont maintenant vendues dans plus de 30 pays du monde entier et sur les cinq continents.[\/vc_column_text][\/vc_column][vc_column width=\u00a0\u00bb5\/12&Prime;][vc_raw_html el_class=\u00a0\u00bba-right\u00a0\u00bb]JTNDYSUyMGNsYXNzJTNEJTIyY3RhJTIwYXJyb3clMjBsb25nJTIwZGFyayUyMiUyMGhyZWYlM0QlMjJodHRwcyUzQSUyRiUyRnd3dy5jbWNsaWZ0LmNvbSUyRmZyJTJGY29udGFjdGV6LW5vdXMlMkYlMjIlM0VDT05UQUNURVotTk9VUyUzQyUyRmElM0U=[\/vc_raw_html][\/vc_column][\/vc_row][vc_row el_class=\u00a0\u00bbpad-t\u00a0\u00bb][vc_column][vc_single_image image=\u00a0\u00bb22621&Prime; img_size=\u00a0\u00bbfull\u00a0\u00bb][\/vc_column][\/vc_row][vc_row el_class=\u00a0\u00bbpad-tb\u00a0\u00bb][vc_column width=\u00a0\u00bb1\/2&Prime; el_class=\u00a0\u00bbdiventa\u00a0\u00bb][vc_single_image image=\u00a0\u00bb22622&Prime; img_size=\u00a0\u00bblarge\u00a0\u00bb css=\u00a0\u00bb.vc_custom_1625825903785{margin-bottom: 0px !important;}\u00a0\u00bb][vc_column_text css=\u00a0\u00bb.vc_custom_1643793714504{padding-bottom: 44px !important;background-color: #eff0f0 !important;}\u00a0\u00bb el_class=\u00a0\u00bbdiventa small pad-full-2 br-no\u00a0\u00bb]<\/p>\n<h4>Devenez revendeur<\/h4>\n<p>En CMC nous considerons a tous nos revendeurs<br \/>\ndes partenaires sinc\u00e8res et loyaux.<br \/>\n<a class=\"cta-dark arrow dark\" href=\"https:\/\/www.cmclift.com\/fr\/devenez-revendeur\/\">Aller \u00e0<\/a>[\/vc_column_text][\/vc_column][vc_column width=\u00a0\u00bb1\/2&Prime; el_class=\u00a0\u00bbdiventa\u00a0\u00bb][vc_single_image image=\u00a0\u00bb22623&Prime; img_size=\u00a0\u00bblarge\u00a0\u00bb css=\u00a0\u00bb.vc_custom_1625825910354{margin-bottom: 0px !important;}\u00a0\u00bb][vc_column_text css=\u00a0\u00bb.vc_custom_1643793548753{background-color: #eff0f0 !important;}\u00a0\u00bb el_class=\u00a0\u00bbdiventa small pad-full-2 br-no\u00a0\u00bb]<\/p>\n<h4>Optez pour CMC pour votre<br \/>\nflotte de location<\/h4>\n<p>Un excellent choix pour de nombreuses bonnes raisons:<br \/>\nde la haute qualit\u00e9 made in Italy au prix plus qu&rsquo;ad\u00e9quat.<br \/>\n<a class=\"cta-dark arrow dark\" href=\"https:\/\/www.cmclift.com\/fr\/flotte-de-location\/\">Aller \u00e0<\/a>[\/vc_column_text][\/vc_column][\/vc_row][vc_row disable_element=\u00a0\u00bbyes\u00a0\u00bb][vc_column][vc_column_text el_class=\u00a0\u00bba-center\u00a0\u00bb]<\/p>\n<h2>Un r\u00e9seau de service d&rsquo;assistance m\u00e9ticuleux<\/h2>\n<p>[\/vc_column_text][vc_empty_space][vc_column_text el_class=\u00a0\u00bba-center\u00a0\u00bb]Garantir un service d&rsquo;assistance efficace et rapide est indispensable pour r\u00e9pondre aux attentes de nos clients. C&rsquo;est pourquoi nous avons mis en place un r\u00e9seau d&rsquo;ateliers agr\u00e9\u00e9s qui couvre l&rsquo;ensemble du territoire italien.[\/vc_column_text][vc_empty_space height=\u00a0\u00bb50px\u00a0\u00bb][\/vc_column][vc_column][vc_raw_html]JTNDaWZyYW1lJTIwc3JjJTNEJTIyaHR0cHMlM0ElMkYlMkZ3d3cuZ29vZ2xlLmNvbSUyRm1hcHMlMkZkJTJGZW1iZWQlM0ZtaWQlM0QxcllHWU1DQ3RybzB2dHYzd3h0TFF4YjhleVYwakpRZW0lMjZ6JTNENiUyMiUyMHdpZHRoJTNEJTIyMTAwJTI1JTIyJTIwaGVpZ2h0JTNEJTIyMTAwJTI1JTIyJTIwY2xhc3MlM0QlMjJnLW1hcHMlMjIlM0UlM0MlMkZpZnJhbWUlM0U=[\/vc_raw_html][\/vc_column][\/vc_row][vc_row][vc_column][vc_single_image image=\u00a0\u00bb33975&Prime; img_size=\u00a0\u00bb300&#215;210&Prime; alignment=\u00a0\u00bbcenter\u00a0\u00bb][\/vc_column][\/vc_row][vc_row full_width=\u00a0\u00bbstretch_row\u00a0\u00bb css=\u00a0\u00bb.vc_custom_1627397134494{background-color: #eff0f0 !important;}\u00a0\u00bb el_class=\u00a0\u00bbpad-tb press-room\u00a0\u00bb][vc_column][vc_raw_html]JTVCcHJlc3Nfcm9vbSU1RA==[\/vc_raw_html][\/vc_column][\/vc_row]<\/p>\n<\/div>","protected":false},"excerpt":{"rendered":"<p>[vc_row full_width=\u00a0\u00bbstretch_row\u00a0\u00bb content_placement=\u00a0\u00bbbottom\u00a0\u00bb css=\u00a0\u00bb.vc_custom_1631087846708{background-image: url(https:\/\/www.cmclift.com\/wp-content\/uploads\/2021\/07\/Hero_network.jpg?id=314) !important;background-position: center !important;background-repeat: no-repeat !important;background-size: cover !important;}\u00a0\u00bb el_class=\u00a0\u00bbaltezza grd\u00a0\u00bb][vc_column][vc_row_inner][vc_column_inner][vc_raw_html el_class=\u00a0\u00bba-center bricciole\u00a0\u00bb]JTVCd3BzZW9fYnJlYWRjcnVtYiU1RA==[\/vc_raw_html][\/vc_column_inner][\/vc_row_inner][\/vc_column][\/vc_row][vc_row][vc_column width=\u00a0\u00bb7\/12&Prime;][vc_column_text] Un succ\u00e8s qui&#8230;<\/p>\n","protected":false},"author":9,"featured_media":0,"parent":0,"menu_order":0,"comment_status":"closed","ping_status":"closed","template":"","meta":{"footnotes":""},"class_list":["post-22724","page","type-page","status-publish"],"yoast_head":"<!-- This site is optimized with the Yoast SEO plugin v27.4 - https:\/\/yoast.com\/product\/yoast-seo-wordpress\/ -->\n<title>R\u00e9seau - C.M.C. S.r.l.<\/title>\n<meta name=\"robots\" content=\"index, follow, max-snippet:-1, max-image-preview:large, max-video-preview:-1\" \/>\n<link rel=\"canonical\" href=\"https:\/\/www.cmclift.com\/fr\/reseau-3\/\" \/>\n<meta property=\"og:locale\" content=\"fr_FR\" \/>\n<meta property=\"og:type\" content=\"article\" \/>\n<meta property=\"og:title\" content=\"R\u00e9seau - C.M.C. S.r.l.\" \/>\n<meta property=\"og:description\" content=\"[vc_row full_width=\u00a0\u00bbstretch_row\u00a0\u00bb content_placement=\u00a0\u00bbbottom\u00a0\u00bb css=\u00a0\u00bb.vc_custom_1631087846708{background-image: url(https:\/\/www.cmclift.com\/wp-content\/uploads\/2021\/07\/Hero_network.jpg?id=314) !important;background-position: center !important;background-repeat: no-repeat !important;background-size: cover !important;}\u00a0\u00bb el_class=\u00a0\u00bbaltezza grd\u00a0\u00bb][vc_column][vc_row_inner][vc_column_inner][vc_raw_html el_class=\u00a0\u00bba-center bricciole\u00a0\u00bb]JTVCd3BzZW9fYnJlYWRjcnVtYiU1RA==[\/vc_raw_html][\/vc_column_inner][\/vc_row_inner][\/vc_column][\/vc_row][vc_row][vc_column width=\u00a0\u00bb7\/12&Prime;][vc_column_text] Un succ\u00e8s qui...\" \/>\n<meta property=\"og:url\" content=\"https:\/\/www.cmclift.com\/fr\/reseau-3\/\" \/>\n<meta property=\"og:site_name\" content=\"C.M.C. S.r.l.\" \/>\n<meta property=\"article:modified_time\" content=\"2025-07-04T07:09:44+00:00\" \/>\n<meta name=\"twitter:card\" content=\"summary_large_image\" \/>\n<meta name=\"twitter:label1\" content=\"Dur\u00e9e de lecture estim\u00e9e\" \/>\n\t<meta name=\"twitter:data1\" content=\"2 minutes\" \/>\n<script type=\"application\/ld+json\" class=\"yoast-schema-graph\">{\"@context\":\"https:\\\/\\\/schema.org\",\"@graph\":[{\"@type\":\"WebPage\",\"@id\":\"https:\\\/\\\/www.cmclift.com\\\/fr\\\/reseau-3\\\/\",\"url\":\"https:\\\/\\\/www.cmclift.com\\\/fr\\\/reseau-3\\\/\",\"name\":\"R\u00e9seau - C.M.C. S.r.l.\",\"isPartOf\":{\"@id\":\"https:\\\/\\\/www.cmclift.com\\\/fr\\\/#website\"},\"datePublished\":\"2021-07-13T15:55:27+00:00\",\"dateModified\":\"2025-07-04T07:09:44+00:00\",\"breadcrumb\":{\"@id\":\"https:\\\/\\\/www.cmclift.com\\\/fr\\\/reseau-3\\\/#breadcrumb\"},\"inLanguage\":\"fr-FR\",\"potentialAction\":[{\"@type\":\"ReadAction\",\"target\":[\"https:\\\/\\\/www.cmclift.com\\\/fr\\\/reseau-3\\\/\"]}]},{\"@type\":\"BreadcrumbList\",\"@id\":\"https:\\\/\\\/www.cmclift.com\\\/fr\\\/reseau-3\\\/#breadcrumb\",\"itemListElement\":[{\"@type\":\"ListItem\",\"position\":1,\"name\":\"Home\",\"item\":\"https:\\\/\\\/www.cmclift.com\\\/fr\\\/\"},{\"@type\":\"ListItem\",\"position\":2,\"name\":\"R\u00e9seau\"}]},{\"@type\":\"WebSite\",\"@id\":\"https:\\\/\\\/www.cmclift.com\\\/fr\\\/#website\",\"url\":\"https:\\\/\\\/www.cmclift.com\\\/fr\\\/\",\"name\":\"C.M.C. S.r.l.\",\"description\":\"Piattaforme aeree semoventi cingolate, ragni, telescopiche e articolate\",\"publisher\":{\"@id\":\"https:\\\/\\\/www.cmclift.com\\\/fr\\\/#organization\"},\"potentialAction\":[{\"@type\":\"SearchAction\",\"target\":{\"@type\":\"EntryPoint\",\"urlTemplate\":\"https:\\\/\\\/www.cmclift.com\\\/fr\\\/?s={search_term_string}\"},\"query-input\":{\"@type\":\"PropertyValueSpecification\",\"valueRequired\":true,\"valueName\":\"search_term_string\"}}],\"inLanguage\":\"fr-FR\"},{\"@type\":\"Organization\",\"@id\":\"https:\\\/\\\/www.cmclift.com\\\/fr\\\/#organization\",\"name\":\"CMC Lift\",\"url\":\"https:\\\/\\\/www.cmclift.com\\\/fr\\\/\",\"logo\":{\"@type\":\"ImageObject\",\"inLanguage\":\"fr-FR\",\"@id\":\"https:\\\/\\\/www.cmclift.com\\\/fr\\\/#\\\/schema\\\/logo\\\/image\\\/\",\"url\":\"https:\\\/\\\/www.cmclift.com\\\/wp-content\\\/uploads\\\/2021\\\/08\\\/CMC_bianco_footer-2.png\",\"contentUrl\":\"https:\\\/\\\/www.cmclift.com\\\/wp-content\\\/uploads\\\/2021\\\/08\\\/CMC_bianco_footer-2.png\",\"width\":250,\"height\":84,\"caption\":\"CMC Lift\"},\"image\":{\"@id\":\"https:\\\/\\\/www.cmclift.com\\\/fr\\\/#\\\/schema\\\/logo\\\/image\\\/\"}}]}<\/script>\n<!-- \/ Yoast SEO plugin. -->","yoast_head_json":{"title":"R\u00e9seau - C.M.C. S.r.l.","robots":{"index":"index","follow":"follow","max-snippet":"max-snippet:-1","max-image-preview":"max-image-preview:large","max-video-preview":"max-video-preview:-1"},"canonical":"https:\/\/www.cmclift.com\/fr\/reseau-3\/","og_locale":"fr_FR","og_type":"article","og_title":"R\u00e9seau - C.M.C. S.r.l.","og_description":"[vc_row full_width=\u00a0\u00bbstretch_row\u00a0\u00bb content_placement=\u00a0\u00bbbottom\u00a0\u00bb css=\u00a0\u00bb.vc_custom_1631087846708{background-image: url(https:\/\/www.cmclift.com\/wp-content\/uploads\/2021\/07\/Hero_network.jpg?id=314) !important;background-position: center !important;background-repeat: no-repeat !important;background-size: cover !important;}\u00a0\u00bb el_class=\u00a0\u00bbaltezza grd\u00a0\u00bb][vc_column][vc_row_inner][vc_column_inner][vc_raw_html el_class=\u00a0\u00bba-center bricciole\u00a0\u00bb]JTVCd3BzZW9fYnJlYWRjcnVtYiU1RA==[\/vc_raw_html][\/vc_column_inner][\/vc_row_inner][\/vc_column][\/vc_row][vc_row][vc_column width=\u00a0\u00bb7\/12&Prime;][vc_column_text] Un succ\u00e8s qui...","og_url":"https:\/\/www.cmclift.com\/fr\/reseau-3\/","og_site_name":"C.M.C. S.r.l.","article_modified_time":"2025-07-04T07:09:44+00:00","twitter_card":"summary_large_image","twitter_misc":{"Dur\u00e9e de lecture estim\u00e9e":"2 minutes"},"schema":{"@context":"https:\/\/schema.org","@graph":[{"@type":"WebPage","@id":"https:\/\/www.cmclift.com\/fr\/reseau-3\/","url":"https:\/\/www.cmclift.com\/fr\/reseau-3\/","name":"R\u00e9seau - C.M.C. S.r.l.","isPartOf":{"@id":"https:\/\/www.cmclift.com\/fr\/#website"},"datePublished":"2021-07-13T15:55:27+00:00","dateModified":"2025-07-04T07:09:44+00:00","breadcrumb":{"@id":"https:\/\/www.cmclift.com\/fr\/reseau-3\/#breadcrumb"},"inLanguage":"fr-FR","potentialAction":[{"@type":"ReadAction","target":["https:\/\/www.cmclift.com\/fr\/reseau-3\/"]}]},{"@type":"BreadcrumbList","@id":"https:\/\/www.cmclift.com\/fr\/reseau-3\/#breadcrumb","itemListElement":[{"@type":"ListItem","position":1,"name":"Home","item":"https:\/\/www.cmclift.com\/fr\/"},{"@type":"ListItem","position":2,"name":"R\u00e9seau"}]},{"@type":"WebSite","@id":"https:\/\/www.cmclift.com\/fr\/#website","url":"https:\/\/www.cmclift.com\/fr\/","name":"C.M.C. S.r.l.","description":"Piattaforme aeree semoventi cingolate, ragni, telescopiche e articolate","publisher":{"@id":"https:\/\/www.cmclift.com\/fr\/#organization"},"potentialAction":[{"@type":"SearchAction","target":{"@type":"EntryPoint","urlTemplate":"https:\/\/www.cmclift.com\/fr\/?s={search_term_string}"},"query-input":{"@type":"PropertyValueSpecification","valueRequired":true,"valueName":"search_term_string"}}],"inLanguage":"fr-FR"},{"@type":"Organization","@id":"https:\/\/www.cmclift.com\/fr\/#organization","name":"CMC Lift","url":"https:\/\/www.cmclift.com\/fr\/","logo":{"@type":"ImageObject","inLanguage":"fr-FR","@id":"https:\/\/www.cmclift.com\/fr\/#\/schema\/logo\/image\/","url":"https:\/\/www.cmclift.com\/wp-content\/uploads\/2021\/08\/CMC_bianco_footer-2.png","contentUrl":"https:\/\/www.cmclift.com\/wp-content\/uploads\/2021\/08\/CMC_bianco_footer-2.png","width":250,"height":84,"caption":"CMC Lift"},"image":{"@id":"https:\/\/www.cmclift.com\/fr\/#\/schema\/logo\/image\/"}}]}},"_links":{"self":[{"href":"https:\/\/www.cmclift.com\/fr\/wp-json\/wp\/v2\/pages\/22724","targetHints":{"allow":["GET"]}}],"collection":[{"href":"https:\/\/www.cmclift.com\/fr\/wp-json\/wp\/v2\/pages"}],"about":[{"href":"https:\/\/www.cmclift.com\/fr\/wp-json\/wp\/v2\/types\/page"}],"author":[{"embeddable":true,"href":"https:\/\/www.cmclift.com\/fr\/wp-json\/wp\/v2\/users\/9"}],"replies":[{"embeddable":true,"href":"https:\/\/www.cmclift.com\/fr\/wp-json\/wp\/v2\/comments?post=22724"}],"version-history":[{"count":11,"href":"https:\/\/www.cmclift.com\/fr\/wp-json\/wp\/v2\/pages\/22724\/revisions"}],"predecessor-version":[{"id":33987,"href":"https:\/\/www.cmclift.com\/fr\/wp-json\/wp\/v2\/pages\/22724\/revisions\/33987"}],"wp:attachment":[{"href":"https:\/\/www.cmclift.com\/fr\/wp-json\/wp\/v2\/media?parent=22724"}],"curies":[{"name":"wp","href":"https:\/\/api.w.org\/{rel}","templated":true}]}}